{"id":7700,"date":"2021-06-16T11:16:02","date_gmt":"2021-06-16T09:16:02","guid":{"rendered":"https:\/\/www.6loupiots.fr\/?page_id=7700"},"modified":"2022-04-22T12:55:35","modified_gmt":"2022-04-22T10:55:35","slug":"je-souhaite-devenir-assistant-maternel","status":"publish","type":"page","link":"https:\/\/www.6loupiots.fr\/?page_id=7700","title":{"rendered":"Je souhaite devenir assistant maternel"},"content":{"rendered":"\t\t<div data-elementor-type=\"wp-page\" data-elementor-id=\"7700\" class=\"elementor elementor-7700\">\n\t\t\t\t\t\t<section class=\"elementor-section elementor-top-section elementor-element elementor-element-782d5a76 elementor-section-boxed elementor-section-height-default elementor-section-height-default\" data-id=\"782d5a76\" data-element_type=\"section\" data-e-type=\"section\">\n\t\t\t\t\t\t<div class=\"elementor-container elementor-column-gap-default\">\n\t\t\t\t\t<div class=\"elementor-column elementor-col-100 elementor-top-column elementor-element elementor-element-3bfa54f9\" data-id=\"3bfa54f9\" data-element_type=\"column\" data-e-type=\"column\">\n\t\t\t<div class=\"elementor-widget-wrap elementor-element-populated\">\n\t\t\t\t\t\t<div class=\"elementor-element elementor-element-1f716ce0 elementor-widget elementor-widget-text-editor\" data-id=\"1f716ce0\" data-element_type=\"widget\" data-e-type=\"widget\" data-widget_type=\"text-editor.default\">\n\t\t\t\t<div class=\"elementor-widget-container\">\n\t\t\t\t\t\t\t\t\t\n<p><strong>Vous envisagez de devenir assistant maternel\u00a0? Les professionnels de la Protection maternelle et infantile du Conseil d\u00e9partemental vous informent pour tout conna\u00eetre de ce m\u00e9tier. Responsables de l\u2019agr\u00e9ment des assistants maternels, ils vous accompagnent tout au long de vos d\u00e9marches.<\/strong><\/p>\n\n<div class=\"wp-block-image is-style-rounded\">\n<figure class=\"aligncenter\"><img decoding=\"async\" src=\"https:\/\/www.centre-europeen-formation.fr\/wp-content\/uploads\/2019\/04\/devenir-assistante-maternelle.jpg\" alt=\"Devenir assistante maternelle : m\u00e9tier, qualit\u00e9s ...\" \/><\/figure>\n<\/div>\n\n<h2 class=\"wp-block-heading\">Qu\u2019est-ce qu\u2019un assistant maternel\u00a0?<\/h2>\n\n<p>L\u2019assistant maternel accueille quotidiennement des enfants d\u2019\u00e2ges divers (en fonction de l\u2019agr\u00e9ment obtenu), \u00e0 son domicile ou dans une Maison d\u2019assistants maternels. Il a un r\u00f4le fondamental dans la vie du jeune enfant.<\/p>\n\n<p>C\u2019est un m\u00e9tier exigeant qui demande une grande disponibilit\u00e9 aussi bien pour les enfants accueillis que pour leurs parents avec qui vous devrez dialoguer pour le bien-\u00eatre de tous. Vous devrez proposer un cadre \u00e9ducatif, des activit\u00e9s et jeux adapt\u00e9s aux rythmes et besoins de chaque enfant.<\/p>\n<p><iframe title=\"Assistantes Maternelles Agr\u00e9\u00e9es : un m\u00e9tier, une passion !\" width=\"1778\" height=\"1000\" src=\"https:\/\/www.youtube.com\/embed\/uqiZZyXlCBM?feature=oembed\" frameborder=\"0\" allow=\"accelerometer; autoplay; clipboard-write; encrypted-media; gyroscope; picture-in-picture\" allowfullscreen><\/iframe><\/p>\n\n<h2 class=\"wp-block-heading\">Quelles sont les d\u00e9marches pour devenir assistant maternel\u00a0?<\/h2>\n\n<p>L\u2019agr\u00e9ment est obligatoire pour exercer la profession d\u2019assistant maternel. Il est d\u00e9livr\u00e9 par le Pr\u00e9sident du Conseil d\u00e9partemental o\u00f9 r\u00e9side le demandeur. Le candidat doit remplir les conditions l\u00e9gales pr\u00e9vues \u00e0 l\u2019article L. 421-3, R. 421-5 et son annexe 4-8 du Code de l\u2019action sociale et des familles\u00a0:<\/p>\n\n<ul class=\"wp-block-list\">\n<li>il doit pr\u00e9senter les garanties n\u00e9cessaires pour accueillir des mineurs dans des conditions propres \u00e0 assurer leur d\u00e9veloppement physique, intellectuel et affectif\u00a0;<\/li>\n<li>il doit passer un examen m\u00e9dical qui a pour objet de v\u00e9rifier que son \u00e9tat de sant\u00e9 lui permet d\u2019accueillir habituellement des mineurs et dont le contenu est fix\u00e9 par arr\u00eat\u00e9 minist\u00e9riel\u00a0;<\/li>\n<li>il doit disposer d\u2019un logement dont l\u2019\u00e9tat, les dimensions, les conditions d\u2019acc\u00e8s et l\u2019environnement permettent d\u2019assurer le bien-\u00eatre et la s\u00e9curit\u00e9 des mineurs compte tenu du nombre et, s\u2019agissant d\u2019un candidat \u00e0 l\u2019agr\u00e9ment d\u2019assistant maternel, de l\u2019\u00e2ge de ceux pour lesquels l\u2019agr\u00e9ment est sollicit\u00e9.<\/li>\n<\/ul>\n\n<p><strong>Comment demander l\u2019agr\u00e9ment\u00a0?<\/strong><\/p>\n\n<p>Toute personne souhaitant obtenir un agr\u00e9ment doit retirer un formulaire aupr\u00e8s du service de PMI de son d\u00e9partement de r\u00e9sidence. Le dossier, d\u00fbment compl\u00e9t\u00e9, doit \u00eatre adress\u00e9 par lettre recommand\u00e9e avec accus\u00e9 de r\u00e9ception ou d\u00e9pos\u00e9 au service d\u00e9partemental de PMI.<\/p>\n\n<p><strong>Quels sont les d\u00e9lais d\u2019instruction du dossier\u00a0?<\/strong><\/p>\n\n<p>Le d\u00e9lai d\u2019instruction de trois mois court \u00e0 compter de la date figurant sur le r\u00e9c\u00e9piss\u00e9 de dossier complet \u00e9tabli par le service de PMI.<br \/>L\u2019agr\u00e9ment est accord\u00e9 pour une dur\u00e9e de cinq ans. Les d\u00e9cisions de refus d\u2019agr\u00e9ment, total ou partiel, sont notifi\u00e9es aux int\u00e9ress\u00e9s par lettre recommand\u00e9e avec accus\u00e9 de r\u00e9ception. Tout refus d\u2019agr\u00e9ment doit \u00eatre d\u00fbment motiv\u00e9. Les personnes concern\u00e9es sont en outre inform\u00e9es par \u00e9crit des voies de recours qui leur sont offertes, de la possibilit\u00e9 de prendre connaissance de leur dossier administratif et du fait qu\u2019elles peuvent se faire accompagner dans leurs d\u00e9marches par la personne de leur choix.<\/p>\n\n<h2 class=\"wp-block-heading\">Quelles sont les conditions d\u2019exercice\u00a0?<\/h2>\n\n<p>Une attestation d\u2019agr\u00e9ment est d\u00e9livr\u00e9e par le service de PMI. Si les conditions d\u2019accueil le permettent et pour r\u00e9pondre \u00e0 des besoins sp\u00e9cifiques, le Pr\u00e9sident du Conseil d\u00e9partemental peut accorder une d\u00e9rogation au-del\u00e0 de quatre enfants, dans la limite de six enfants au total.<br \/>L\u2019attestation pr\u00e9cise le nombre et l\u2019\u00e2ge des mineurs autoris\u00e9s \u00e0 \u00eatre accueillis simultan\u00e9ment qui ne peut \u00eatre sup\u00e9rieur \u00e0 quatre, y compris le ou les enfants de moins de 3 ans de l\u2019assistant maternel pr\u00e9sents \u00e0 son domicile et dans la limite de six au total.<\/p>\n\n<p><strong>Des r\u00e9unions d\u2019informations pr\u00e9alables \u00e0 l\u2019agr\u00e9ment sont organis\u00e9es r\u00e9guli\u00e8rement par la PMI. Elles visent \u00e0 mieux conna\u00eetre ce m\u00e9tier.\u00a0<\/strong>Vous serez inform\u00e9s sur le r\u00f4le et les responsabilit\u00e9s de l\u2019assistant maternel, les droits et obligations li\u00e9s \u00e0 l\u2019agr\u00e9ment, les droits sociaux. Vous serez \u00e9galement sensibilis\u00e9s aux besoins de l\u2019enfant, aux relations avec les parents, aux exigences du m\u00e9tier. Un dossier de demande d\u2019agr\u00e9ment vous sera remis \u00e0 l\u2019issue de la r\u00e9union.<\/p>\n\n<div class=\"wp-block-group\"><div class=\"wp-block-group__inner-container is-layout-flow wp-block-group-is-layout-flow\">\n<div class=\"wp-block-group\"><div class=\"wp-block-group__inner-container is-layout-flow wp-block-group-is-layout-flow\">\n<p class=\"has-text-align-center has-pale-cyan-blue-background-color has-background\">Votre demande est \u00e0 pr\u00e9senter : DIRECTION DE LA VIE SOCIALE<br \/>Service de la Protection Maternelle Infantile PMI<br \/>1, place Monseigneur de Galard<br \/>43011 LE PUY EN VELAY<\/p>\n<\/div><\/div>\n<\/div><\/div>\n\n<p>Plaquette candidat \u00e0 la profession assistant(e) maternel(le) : <a href=\"https:\/\/www.6loupiots.fr\/wp-content\/uploads\/2022\/04\/Plaquettecandidateprofession.pdf\">Plaquette candidateprofession<\/a><\/p>\n<p><img fetchpriority=\"high\" decoding=\"async\" class=\"aligncenter size-large wp-image-8906\" src=\"https:\/\/www.6loupiots.fr\/wp-content\/uploads\/2022\/04\/Plaquettecandidateprofession-page-002-1024x724.jpg\" alt=\"\" width=\"1024\" height=\"724\" srcset=\"https:\/\/www.6loupiots.fr\/wp-content\/uploads\/2022\/04\/Plaquettecandidateprofession-page-002-1024x724.jpg 1024w, https:\/\/www.6loupiots.fr\/wp-content\/uploads\/2022\/04\/Plaquettecandidateprofession-page-002-300x212.jpg 300w, https:\/\/www.6loupiots.fr\/wp-content\/uploads\/2022\/04\/Plaquettecandidateprofession-page-002-768x543.jpg 768w, https:\/\/www.6loupiots.fr\/wp-content\/uploads\/2022\/04\/Plaquettecandidateprofession-page-002-1536x1086.jpg 1536w, https:\/\/www.6loupiots.fr\/wp-content\/uploads\/2022\/04\/Plaquettecandidateprofession-page-002-1528x1080.jpg 1528w, https:\/\/www.6loupiots.fr\/wp-content\/uploads\/2022\/04\/Plaquettecandidateprofession-page-002.jpg 1754w\" sizes=\"(max-width: 1024px) 100vw, 1024px\" \/><\/p>\n<p><img decoding=\"async\" class=\"aligncenter size-large wp-image-8905\" src=\"https:\/\/www.6loupiots.fr\/wp-content\/uploads\/2022\/04\/Plaquettecandidateprofession-page-001-1024x724.jpg\" alt=\"\" width=\"1024\" height=\"724\" srcset=\"https:\/\/www.6loupiots.fr\/wp-content\/uploads\/2022\/04\/Plaquettecandidateprofession-page-001-1024x724.jpg 1024w, https:\/\/www.6loupiots.fr\/wp-content\/uploads\/2022\/04\/Plaquettecandidateprofession-page-001-300x212.jpg 300w, https:\/\/www.6loupiots.fr\/wp-content\/uploads\/2022\/04\/Plaquettecandidateprofession-page-001-768x543.jpg 768w, https:\/\/www.6loupiots.fr\/wp-content\/uploads\/2022\/04\/Plaquettecandidateprofession-page-001-1536x1086.jpg 1536w, https:\/\/www.6loupiots.fr\/wp-content\/uploads\/2022\/04\/Plaquettecandidateprofession-page-001-1528x1080.jpg 1528w, https:\/\/www.6loupiots.fr\/wp-content\/uploads\/2022\/04\/Plaquettecandidateprofession-page-001.jpg 1754w\" sizes=\"(max-width: 1024px) 100vw, 1024px\" \/><\/p>\n<p>\u00a0<\/p>\n\t\t\t\t\t\t\t\t<\/div>\n\t\t\t\t<\/div>\n\t\t\t\t\t<\/div>\n\t\t<\/div>\n\t\t\t\t\t<\/div>\n\t\t<\/section>\n\t\t\t\t<\/div>\n\t\t","protected":false},"excerpt":{"rendered":"<p>Vous envisagez de devenir assistant maternel&nbsp;? Les professionnels de la Protection maternelle et infantile du Conseil d\u00e9partemental vous informent pour tout conna\u00eetre de ce m\u00e9tier. Responsables de l\u2019agr\u00e9ment des assistants maternels, ils vous accompagnent tout au long de vos d\u00e9marches. Qu\u2019est-ce qu\u2019un assistant maternel&nbsp;? L\u2019assistant maternel accueille quotidiennement des enfants d\u2019\u00e2ges divers (en fonction de&hellip; <br \/> <a class=\"button small blue\" href=\"https:\/\/www.6loupiots.fr\/?page_id=7700\">Lire la suite<\/a><\/p>\n","protected":false},"author":1,"featured_media":0,"parent":0,"menu_order":0,"comment_status":"closed","ping_status":"closed","template":"","meta":{"_monsterinsights_skip_tracking":false,"_monsterinsights_sitenote_active":false,"_monsterinsights_sitenote_note":"","_monsterinsights_sitenote_category":0,"ngg_post_thumbnail":0,"footnotes":""},"class_list":["post-7700","page","type-page","status-publish","hentry"],"jetpack_sharing_enabled":true,"post_mailing_queue_ids":[],"_links":{"self":[{"href":"https:\/\/www.6loupiots.fr\/index.php?rest_route=\/wp\/v2\/pages\/7700","targetHints":{"allow":["GET"]}}],"collection":[{"href":"https:\/\/www.6loupiots.fr\/index.php?rest_route=\/wp\/v2\/pages"}],"about":[{"href":"https:\/\/www.6loupiots.fr\/index.php?rest_route=\/wp\/v2\/types\/page"}],"author":[{"embeddable":true,"href":"https:\/\/www.6loupiots.fr\/index.php?rest_route=\/wp\/v2\/users\/1"}],"replies":[{"embeddable":true,"href":"https:\/\/www.6loupiots.fr\/index.php?rest_route=%2Fwp%2Fv2%2Fcomments&post=7700"}],"version-history":[{"count":5,"href":"https:\/\/www.6loupiots.fr\/index.php?rest_route=\/wp\/v2\/pages\/7700\/revisions"}],"predecessor-version":[{"id":8911,"href":"https:\/\/www.6loupiots.fr\/index.php?rest_route=\/wp\/v2\/pages\/7700\/revisions\/8911"}],"wp:attachment":[{"href":"https:\/\/www.6loupiots.fr\/index.php?rest_route=%2Fwp%2Fv2%2Fmedia&parent=7700"}],"curies":[{"name":"wp","href":"https:\/\/api.w.org\/{rel}","templated":true}]}}