{"id":4651,"date":"2020-04-29T21:49:52","date_gmt":"2020-04-29T19:49:52","guid":{"rendered":"http:\/\/www.6loupiots.fr\/?page_id=4651"},"modified":"2020-05-19T21:22:07","modified_gmt":"2020-05-19T19:22:07","slug":"formation","status":"publish","type":"page","link":"https:\/\/www.6loupiots.fr\/?page_id=4651","title":{"rendered":"La formation professionnelle"},"content":{"rendered":"\t\t<div data-elementor-type=\"wp-page\" data-elementor-id=\"4651\" class=\"elementor elementor-4651\">\n\t\t\t\t\t\t<section class=\"elementor-section elementor-top-section elementor-element elementor-element-4caa0afc elementor-section-boxed elementor-section-height-default elementor-section-height-default\" data-id=\"4caa0afc\" data-element_type=\"section\" data-e-type=\"section\">\n\t\t\t\t\t\t<div class=\"elementor-container elementor-column-gap-default\">\n\t\t\t\t\t<div class=\"elementor-column elementor-col-50 elementor-top-column elementor-element elementor-element-0d91eb0\" data-id=\"0d91eb0\" data-element_type=\"column\" data-e-type=\"column\">\n\t\t\t<div class=\"elementor-widget-wrap elementor-element-populated\">\n\t\t\t\t\t\t<div class=\"elementor-element elementor-element-39d01ad elementor-widget elementor-widget-text-editor\" data-id=\"39d01ad\" data-element_type=\"widget\" data-e-type=\"widget\" data-widget_type=\"text-editor.default\">\n\t\t\t\t<div class=\"elementor-widget-container\">\n\t\t\t\t\t\t\t\t\t<h4><span style=\"color: #800080;\"><strong>La formation professionnelle<\/strong><\/span><\/h4>\n<p>Votre assistant maternel agr\u00e9\u00e9 a la possibilit\u00e9 de d\u00e9velopper ses comp\u00e9tences \u00e0 travers la formation professionnelle et ainsi \u00e9voluer dans son m\u00e9tier pour r\u00e9pondre au mieux \u00e0 vos besoins.<\/p>\n<ul>\n<li>Chaque ann\u00e9e, votre assistant maternel agr\u00e9\u00e9 b\u00e9n\u00e9ficie d\u00e8s la 1<sup>\u00e8re<\/sup> heure travaill\u00e9e, de 58 heures enti\u00e8rement prises en charge dans le cadre du plan de formation,<\/li>\n<\/ul>\n<ul>\n<li>Avant 2019, avec le <a href=\"https:\/\/www.net-particulier.fr\/cms\/sites\/enpesprodv2\/home\/11-glossaire.html#CPF\">Compte Personnel de Formation (CPF)<\/a>, il capitalisait des heures de formation \u00e0 raison de 24 heures par an jusqu\u2019\u00e0 120 heures, puis de 12 heures jusqu\u2019\u00e0 la limite de 150 heures au total. Depuis 2019, votre CPF est cr\u00e9dit\u00e9 en euros<\/li>\n<\/ul>\n<p>Vous n\u2019avez pas encore ouvert en tant qu\u2019assistant maternel votre compte personnel de formation (CPF) ?<br \/>Vous souhaitez consulter votre compte pour conna\u00eetre votre cr\u00e9dit d\u2019euros ?<br \/>Vous ne savez pas si votre reliquat d\u2019heures DIF a \u00e9t\u00e9 int\u00e9gr\u00e9 ?<br \/>Rendez-vous sur : <a href=\"http:\/\/www.moncompteactivite.gouv.fr\">www.moncompteactivite.gouv.fr<\/a><\/p>\n<p>Si votre assistant maternel agr\u00e9\u00e9 exerce son activit\u00e9 professionnelle depuis un an, il peut proc\u00e9der \u00e0 une Validation des Acquis de l&rsquo;Exp\u00e9rience (VAE) et notamment obtenir le titre professionnel de niveau V \u00ab Assistante maternelle \/ Garde d\u2019enfants \u00bb.<\/p>\n<p><img fetchpriority=\"high\" decoding=\"async\" class=\"size-medium wp-image-4808 aligncenter\" src=\"http:\/\/www.6loupiots.fr\/wp-content\/uploads\/2020\/05\/baby-552610_640-1-200x300.jpg\" alt=\"\" width=\"200\" height=\"300\" srcset=\"https:\/\/www.6loupiots.fr\/wp-content\/uploads\/2020\/05\/baby-552610_640-1-200x300.jpg 200w, https:\/\/www.6loupiots.fr\/wp-content\/uploads\/2020\/05\/baby-552610_640-1.jpg 426w\" sizes=\"(max-width: 200px) 100vw, 200px\" \/><\/p>\n<p>\u00a0<\/p>\t\t\t\t\t\t\t\t<\/div>\n\t\t\t\t<\/div>\n\t\t\t\t\t<\/div>\n\t\t<\/div>\n\t\t\t\t<div class=\"elementor-column elementor-col-50 elementor-top-column elementor-element elementor-element-124d347\" data-id=\"124d347\" data-element_type=\"column\" data-e-type=\"column\">\n\t\t\t<div class=\"elementor-widget-wrap elementor-element-populated\">\n\t\t\t\t\t\t<div class=\"elementor-element elementor-element-5370e5a elementor-widget elementor-widget-text-editor\" data-id=\"5370e5a\" data-element_type=\"widget\" data-e-type=\"widget\" data-widget_type=\"text-editor.default\">\n\t\t\t\t<div class=\"elementor-widget-container\">\n\t\t\t\t\t\t\t\t\t<p><span style=\"text-decoration: underline;\"><strong>Deux possibilit\u00e9s pour se former\u00a0:<\/strong><\/span><\/p>\n<p><strong>Dans le cadre du plan de formation\u00a0: <\/strong>D\u00e8s la premi\u00e8re heure travaill\u00e9e, l\u2019assistant maternel a la possibilit\u00e9 de partir en formation dans le cadre du plan de formation sur des modules de courte dur\u00e9e ou dans le cadre d\u2019une formation certifiante (titre professionnel). La r\u00e9mun\u00e9ration de l\u2019assistant maternel est maintenue par l\u2019employeur durant sa formation si celle-ci se d\u00e9roule sur son temps de travail. Pour les heures de formation effectu\u00e9es en dehors de son temps de travail, le particulier employeur verse une allocation de formation \u00e0 l\u2019assistant maternel.<\/p>\n<p>En cas de multi-employeurs, un employeur-facilitateur se charge du dossier de d\u00e9part en formation, du versement du salaire et \u00e9ventuellement de l\u2019allocation de formation, pour toutes les heures de formation.<\/p>\n<p><strong>Utiliser le CPF\u00a0: <\/strong>L\u2019assistant maternel peut \u00e9galement suivre une formation en utilisant ses heures de CPF. Dans ce cas, la formation doit obligatoirement avoir une finalit\u00e9 certifiante, c\u2019est \u00e0 dire aboutir \u00e0 l\u2019obtention d\u2019un titre professionnel ou encore d\u2019un dipl\u00f4me. Cette formation fera donc l\u2019objet d\u2019une \u00e9valuation.<\/p>\n<p>L\u2019assistant maternel doit solliciter l\u2019accord de son employeur si la formation se d\u00e9roule sur son temps de travail. Dans ce cas, la r\u00e9mun\u00e9ration de l\u2019assistant maternel est maintenue. A l\u2019inverse, si la formation se d\u00e9roule en dehors du temps de travail, l\u2019accord de l\u2019employeur n\u2019est pas n\u00e9cessaire, mais l\u2019assistant maternel ne per\u00e7oit aucune r\u00e9mun\u00e9ration durant la formation.<\/p>\n<p>L\u2019assistant maternel peut consulter son compteur CPF sur le <a href=\"http:\/\/www.moncompteformation.gouv.fr\/\" target=\"_blank\" rel=\"noopener\">portail du site Mon compte formation.<\/a><\/p>\n<p>AGEFOS PME prend en charge le co\u00fbt de la formation et rembourse par la suite le particulier employeur des salaires vers\u00e9s durant la formation.<\/p>\n<p>Pour tout renseignement sur l\u2019offre de formation professionnelle de la branche, nous vous invitons \u00e0 prendre contact avec IPERIA l\u2019Institut au 0800 820 920 (service et appel gratuits) ou par internet <a href=\"http:\/\/www.iperia.eu\/\">http:\/\/www.iperia.eu\/<\/a>.<\/p>\n<p>Voici toutes les formations qui s\u2019offrent \u00e0 vous\u00a0: https:\/\/www.iperia.eu\/assistant-maternel\/assistant-maternel-je-suis-deja-assistant-maternel\/<\/p>\n<ul>\n<li><a href=\"https:\/\/www.iperia.eu\/wp-content\/uploads\/2020\/01\/BI_AM_12_2019_commun_interactif.pdf\" target=\"_blank\" rel=\"noopener\">Bulletin d\u2019inscription.<\/a><\/li>\n<\/ul>\t\t\t\t\t\t\t\t<\/div>\n\t\t\t\t<\/div>\n\t\t\t\t\t<\/div>\n\t\t<\/div>\n\t\t\t\t\t<\/div>\n\t\t<\/section>\n\t\t\t\t<section class=\"elementor-section elementor-top-section elementor-element elementor-element-7c912aa elementor-section-boxed elementor-section-height-default elementor-section-height-default\" data-id=\"7c912aa\" data-element_type=\"section\" data-e-type=\"section\">\n\t\t\t\t\t\t<div class=\"elementor-container elementor-column-gap-default\">\n\t\t\t\t\t<div class=\"elementor-column elementor-col-100 elementor-top-column elementor-element elementor-element-bc9be81\" data-id=\"bc9be81\" data-element_type=\"column\" data-e-type=\"column\">\n\t\t\t<div class=\"elementor-widget-wrap elementor-element-populated\">\n\t\t\t\t\t\t<div class=\"elementor-element elementor-element-fa24907 elementor-widget elementor-widget-text-editor\" data-id=\"fa24907\" data-element_type=\"widget\" data-e-type=\"widget\" data-widget_type=\"text-editor.default\">\n\t\t\t\t<div class=\"elementor-widget-container\">\n\t\t\t\t\t\t\t\t\t<h4><span style=\"color: #800080;\"><strong>L\u2019accompagnement des professionnels du relais<\/strong><\/span><\/h4>\n<p><strong>Les professionnels du relais petite enfance sont \u00e0 votre \u00e9coute.<\/strong><\/p>\n<p>Le relais vous permet\u00a0:<\/p>\n<ul>\n<li>d\u2019\u00e9changer avec des professionnels du relais et d\u2019enrichir votre pratique professionnelle, de prendre du recul, d\u2019am\u00e9liorer votre positionnement professionnel,<\/li>\n<li>de b\u00e9n\u00e9ficier gratuitement de s\u00e9ances de groupe de parole avec une psychologue (analyse de la pratique),<\/li>\n<li>de participer \u00e0 des soir\u00e9es th\u00e9matiques,<\/li>\n<li>d\u2019avoir acc\u00e8s \u00e0 une documentation sp\u00e9cifique (revues, livres, documents en lien avec votre m\u00e9tier),<\/li>\n<li>de participer \u00e0 des formations, conf\u00e9rences.<\/li>\n<\/ul>\t\t\t\t\t\t\t\t<\/div>\n\t\t\t\t<\/div>\n\t\t\t\t\t<\/div>\n\t\t<\/div>\n\t\t\t\t\t<\/div>\n\t\t<\/section>\n\t\t\t\t<\/div>\n\t\t","protected":false},"excerpt":{"rendered":"<p>La formation professionnelle Votre assistant maternel agr\u00e9\u00e9 a la possibilit\u00e9 de d\u00e9velopper ses comp\u00e9tences \u00e0 travers la formation professionnelle et ainsi \u00e9voluer dans son m\u00e9tier pour r\u00e9pondre au mieux \u00e0 vos besoins. Chaque ann\u00e9e, votre assistant maternel agr\u00e9\u00e9 b\u00e9n\u00e9ficie d\u00e8s la 1\u00e8re heure travaill\u00e9e, de 58 heures enti\u00e8rement prises en charge dans le cadre du&hellip; <br \/> <a class=\"button small blue\" href=\"https:\/\/www.6loupiots.fr\/?page_id=4651\">Lire la suite<\/a><\/p>\n","protected":false},"author":1,"featured_media":0,"parent":4108,"menu_order":0,"comment_status":"closed","ping_status":"closed","template":"","meta":{"_monsterinsights_skip_tracking":false,"_monsterinsights_sitenote_active":false,"_monsterinsights_sitenote_note":"","_monsterinsights_sitenote_category":0,"ngg_post_thumbnail":0,"footnotes":""},"class_list":["post-4651","page","type-page","status-publish","hentry"],"jetpack_sharing_enabled":true,"post_mailing_queue_ids":[],"_links":{"self":[{"href":"https:\/\/www.6loupiots.fr\/index.php?rest_route=\/wp\/v2\/pages\/4651","targetHints":{"allow":["GET"]}}],"collection":[{"href":"https:\/\/www.6loupiots.fr\/index.php?rest_route=\/wp\/v2\/pages"}],"about":[{"href":"https:\/\/www.6loupiots.fr\/index.php?rest_route=\/wp\/v2\/types\/page"}],"author":[{"embeddable":true,"href":"https:\/\/www.6loupiots.fr\/index.php?rest_route=\/wp\/v2\/users\/1"}],"replies":[{"embeddable":true,"href":"https:\/\/www.6loupiots.fr\/index.php?rest_route=%2Fwp%2Fv2%2Fcomments&post=4651"}],"version-history":[{"count":9,"href":"https:\/\/www.6loupiots.fr\/index.php?rest_route=\/wp\/v2\/pages\/4651\/revisions"}],"predecessor-version":[{"id":5059,"href":"https:\/\/www.6loupiots.fr\/index.php?rest_route=\/wp\/v2\/pages\/4651\/revisions\/5059"}],"up":[{"embeddable":true,"href":"https:\/\/www.6loupiots.fr\/index.php?rest_route=\/wp\/v2\/pages\/4108"}],"wp:attachment":[{"href":"https:\/\/www.6loupiots.fr\/index.php?rest_route=%2Fwp%2Fv2%2Fmedia&parent=4651"}],"curies":[{"name":"wp","href":"https:\/\/api.w.org\/{rel}","templated":true}]}}