{"id":4490,"date":"2020-04-23T12:13:34","date_gmt":"2020-04-23T10:13:34","guid":{"rendered":"http:\/\/www.6loupiots.fr\/?page_id=4490"},"modified":"2021-10-18T15:26:29","modified_gmt":"2021-10-18T13:26:29","slug":"temps-deveil-2","status":"publish","type":"page","link":"https:\/\/www.6loupiots.fr\/?page_id=4490","title":{"rendered":"Temps d&rsquo;\u00e9veil"},"content":{"rendered":"\t\t<div data-elementor-type=\"wp-page\" data-elementor-id=\"4490\" class=\"elementor elementor-4490\">\n\t\t\t\t\t\t<section class=\"elementor-section elementor-top-section elementor-element elementor-element-13e9ac6 elementor-section-boxed elementor-section-height-default elementor-section-height-default\" data-id=\"13e9ac6\" data-element_type=\"section\" data-e-type=\"section\">\n\t\t\t\t\t\t<div class=\"elementor-container elementor-column-gap-default\">\n\t\t\t\t\t<div class=\"elementor-column elementor-col-100 elementor-top-column elementor-element elementor-element-9984187\" data-id=\"9984187\" data-element_type=\"column\" data-e-type=\"column\">\n\t\t\t<div class=\"elementor-widget-wrap elementor-element-populated\">\n\t\t\t\t\t\t<div class=\"elementor-element elementor-element-c214355 elementor-widget elementor-widget-text-editor\" data-id=\"c214355\" data-element_type=\"widget\" data-e-type=\"widget\" data-widget_type=\"text-editor.default\">\n\t\t\t\t<div class=\"elementor-widget-container\">\n\t\t\t\t\t\t\t\t\t<p>Les temps d\u2019\u00e9veil collectifs sont des temps tr\u00e8s riches \u00e0 la fois pour l\u2019assistant maternel et pour l\u2019enfant.<\/p>\n<p><a href=\"http:\/\/www.6loupiots.fr\/?cat=14\">Les ateliers d\u2019\u00e9veil<\/a> permettent aux tout-petits d\u2019\u00e9changer, d\u2019\u00e9veiller leur curiosit\u00e9 et de s\u2019amuser. Gr\u00e2ce \u00e0 ces rencontres, les assistants maternels, avec l\u2019accord des parents, offrent aux enfants dont elles ont la garde, une activit\u00e9 en dehors de leur domicile.<\/p>\n<p>Consulter notre <a href=\"https:\/\/www.6loupiots.fr\/wp-content\/uploads\/2021\/10\/Reglement-de-fonctionnement-RPE.pdf\">R\u00e8glement de fonctionnement RPE.<\/a><\/p>\t\t\t\t\t\t\t\t<\/div>\n\t\t\t\t<\/div>\n\t\t\t\t\t<\/div>\n\t\t<\/div>\n\t\t\t\t\t<\/div>\n\t\t<\/section>\n\t\t\t\t<section class=\"elementor-section elementor-top-section elementor-element elementor-element-298fd9ce elementor-section-boxed elementor-section-height-default elementor-section-height-default\" data-id=\"298fd9ce\" data-element_type=\"section\" data-e-type=\"section\">\n\t\t\t\t\t\t<div class=\"elementor-container elementor-column-gap-default\">\n\t\t\t\t\t<div class=\"elementor-column elementor-col-50 elementor-top-column elementor-element elementor-element-dd92b8f\" data-id=\"dd92b8f\" data-element_type=\"column\" data-e-type=\"column\">\n\t\t\t<div class=\"elementor-widget-wrap elementor-element-populated\">\n\t\t\t\t\t\t<div class=\"elementor-element elementor-element-12914a9a elementor-widget elementor-widget-text-editor\" data-id=\"12914a9a\" data-element_type=\"widget\" data-e-type=\"widget\" data-widget_type=\"text-editor.default\">\n\t\t\t\t<div class=\"elementor-widget-container\">\n\t\t\t\t\t\t\t\t\t<p><\/p>\n<p><strong><span class=\"has-inline-color has-vivid-purple-color\">Un int\u00e9r\u00eat pour les assistants maternels<\/span><\/strong><\/p>\n<p><\/p>\n<p><\/p>\n<ul>\n<li>observer et prendre conscience des besoins des enfants en fonction de leur \u00e2ge et de leur stade de d\u00e9veloppement ;<\/li>\n<\/ul>\n<p><\/p>\n<p><\/p>\n<ul>\n<li>se rencontrer et rompre l\u2019isolement li\u00e9 \u00e0 la profession en s\u2019enrichissant des pratiques de chacun ;<\/li>\n<\/ul>\n<p><\/p>\n<p><\/p>\n<ul>\n<li>tisser des liens, d\u00e9velopper des solidarit\u00e9s ;<\/li>\n<\/ul>\n<p><\/p>\n<p><\/p>\n<ul>\n<li>apporter des id\u00e9es, susciter l\u2019envie de mettre en pratique \u00e0 leur domicile les diff\u00e9rentes activit\u00e9s propos\u00e9es ;<\/li>\n<\/ul>\n<p><\/p>\n<p><\/p>\n<ul>\n<li>\u00e9changer autour des difficult\u00e9s rencontr\u00e9es au quotidien (le repas, le sommeil, les conflits entre les enfants\u2026) et ainsi prendre du recul ;<\/li>\n<\/ul>\n<p><\/p>\n<p><\/p>\n<ul>\n<li>se former en mettant \u00e0 disposition de la documentation ; le RPE propose le pr\u00eat gratuit de nombreux ouvrages et revues<\/li>\n<\/ul>\n<p><\/p>\n<p><\/p>\n<p><strong><span class=\"has-inline-color has-vivid-purple-color\">Un int\u00e9r\u00eat pour les enfants<\/span><\/strong><\/p>\n<p><\/p>\n<p><\/p>\n<ul>\n<li>stimuler leur vie sociale et affective par la rencontre d\u2019autres enfants<\/li>\n<\/ul>\n<p><\/p>\n<p><\/p>\n<ul>\n<li>renforcer leur facult\u00e9 \u00e0 g\u00e9rer leur frustration (partage de jeux, limites\u2026)<\/li>\n<\/ul>\n<p><\/p>\n<p><\/p>\n<ul>\n<li>enrichir et \u00e9veiller leur curiosit\u00e9 par les activit\u00e9s d\u2019\u00e9veil<\/li>\n<\/ul>\n<p><\/p>\n<p><\/p>\n<ul>\n<li>pr\u00e9parer l\u2019enfant en douceur \u00e0 la collectivit\u00e9 pour les plus \u00e2g\u00e9s<\/li>\n<\/ul>\n<p><\/p>\n<p><\/p>\n<p>Ces temps d\u2019\u00e9veil collectifs sont, pour les animatrices, une source de questionnements toujours en \u00e9volution et d\u00e9pendants du public pr\u00e9sent.<\/p>\n<p><\/p>\n<p><\/p>\n<p>R\u00e9ceptives et attentives \u00e0 la dynamique du groupe d\u2019adultes et d\u2019enfants, elles ont un r\u00f4le contenant \u00e0 jouer. Elle se doivent de saisir toutes les opportunit\u00e9s afin de donner \u00e0 cet espace sa dimension professionnelle.<\/p>\n<p><\/p>\n<p><\/p>\n<p>\u00a0<\/p>\n<p><img fetchpriority=\"high\" decoding=\"async\" class=\"aligncenter wp-image-3975\" src=\"http:\/\/www.6loupiots.fr\/wp-content\/uploads\/2020\/04\/baby-84686_640.jpg\" alt=\"\" width=\"266\" height=\"400\" srcset=\"https:\/\/www.6loupiots.fr\/wp-content\/uploads\/2020\/04\/baby-84686_640.jpg 426w, https:\/\/www.6loupiots.fr\/wp-content\/uploads\/2020\/04\/baby-84686_640-200x300.jpg 200w\" sizes=\"(max-width: 266px) 100vw, 266px\" \/><\/p>\n<p><\/p>\n<p><\/p>\n<p><\/p>\n<p><\/p>\n<p><\/p>\t\t\t\t\t\t\t\t<\/div>\n\t\t\t\t<\/div>\n\t\t\t\t\t<\/div>\n\t\t<\/div>\n\t\t\t\t<div class=\"elementor-column elementor-col-50 elementor-top-column elementor-element elementor-element-95cdc51\" data-id=\"95cdc51\" data-element_type=\"column\" data-e-type=\"column\">\n\t\t\t<div class=\"elementor-widget-wrap elementor-element-populated\">\n\t\t\t\t\t\t<div class=\"elementor-element elementor-element-6d5f427 elementor-widget elementor-widget-text-editor\" data-id=\"6d5f427\" data-element_type=\"widget\" data-e-type=\"widget\" data-widget_type=\"text-editor.default\">\n\t\t\t\t<div class=\"elementor-widget-container\">\n\t\t\t\t\t\t\t\t\t<p><strong><span class=\"has-inline-color has-vivid-purple-color\">Echange et partage autour de la pratique professionnelle<\/span><\/strong><\/p>\n<p>L\u2019assistant maternel porte une grande attention aux enfants qu\u2019elle accueille. N\u00e9anmoins, il lui faut savoir prendre du recul sur les situations professionnelles et savoir rendre compte en pleine conscience de ce qu\u2019elle fait et pourquoi.<\/p>\n<p>Il lui faut donc savoir porter attention aux signaux de l\u2019enfant m\u00eame discret dans les situations de la vie quotidienne (le change, le jeu, le repas, la s\u00e9paration du matin et du soir\u2026), puis mettre ses observations en lien avec ses connaissances, toujours en \u00e9volution, sur les besoins de l\u2019enfant, et ajuster ses attitudes et pratiques \u00e9ducatives (organisation, am\u00e9nagement de l\u2019espace, fa\u00e7on d\u2019intervenir aupr\u00e8s de l\u2019enfant\u2026).<\/p>\n<p><strong><span class=\"has-inline-color has-vivid-purple-color\">Les temps d\u2019\u00e9veil collectifs offrent donc l\u2019opportunit\u00e9\u00a0:<\/span><\/strong><\/p>\n<p>-de pouvoir \u00e9changer sur les pratiques quotidiennes avec d\u2019autres professionnels (professionnels du RPE, assistants maternels), et ainsi mettre en commun ce qui constitue l\u2019accueil au domicile<\/p>\n<p>-de permettre de sortir de l\u2019isolement professionnel et ainsi briser le caract\u00e8re routinier qui pourrait s\u2019installer<\/p>\n<p>-d\u2019observer l\u2019enfant en situation collective, et donc d\u2019observer le d\u00e9veloppement de ses comp\u00e9tences sociales. Cette observation permet d\u2019\u00e9tablir une distance avec l\u2019enfant. Distance b\u00e9n\u00e9fique \u00e0 celui-ci car elle lui permet d\u2019exp\u00e9rimenter son autonomie en toute s\u00e9r\u00e9nit\u00e9 amis aussi \u00e0 l\u2019adulte pour porter un autre regard sur son comportement et attitude avec ses pairs ou autres adultes.<\/p>\n<p>-de porter un autre regard sur l\u2019enfant accueilli \u00e0 travers d\u2019autres professionnels (professionnels du RPE, intervenants\u2026) et ainsi d\u00e9couvrir de nouvelles comp\u00e9tences ou r\u00e9ponses \u00e0 divers questionnements.<\/p>\n<p><strong><span class=\"has-inline-color has-vivid-purple-color\">En pratique\u00a0:<\/span><\/strong><\/p>\n<p><a href=\"http:\/\/www.6loupiots.fr\/?cat=14\">Un planning d\u2019ouverture des temps d\u2019\u00e9veil<\/a> est transmis aux assistants maternels (par mail et sur le site internet) tous les 2 mois (de vacances en vacances). Il reprend l\u2019ensemble des ouvertures des 6 communes.<\/p>\n<p>Une autorisation parentale est demand\u00e9e pour tout nouvel enfant participant aux temps collectifs du relais petite enfance. N&rsquo;h\u00e9sitez pas \u00e0 la t\u00e9l\u00e9charger, la remplir et la signer : <a href=\"https:\/\/www.6loupiots.fr\/wp-content\/uploads\/2021\/10\/AUTORISATIONS-PARENTALES-tps-deveil-2021-1.pdf\">AUTORISATIONS PARENTALES temps d&rsquo;\u00e9veil<\/a><\/p>\n<p><span style=\"font-size: 15px; color: var( --e-global-color-text ); font-family: var( --e-global-typography-text-font-family ), Sans-serif; font-weight: var( --e-global-typography-text-font-weight );\">Nous encourageons les assistants maternels \u00e0 se rendre sur nos 6 communes d\u2019intervention (par exemple lorsqu\u2019il y a une fermeture hebdomadaire dans la commune ou pour un intervenant sp\u00e9cifique).<\/span><\/p>\n<p>Nous nous effor\u00e7ons de maintenir une fr\u00e9quence d\u2019un temps d\u2019\u00e9veil collectif hebdomadaire par commune, c\u2019est pourquoi, selon les imp\u00e9ratifs des animatrices (r\u00e9union, formations\u2026), nous \u00e9tablissons un planning permettant \u00e0 chaque assistant maternel du territoire de b\u00e9n\u00e9ficier d\u2019un service \u00e9quivalent.<\/p>\n<p>Les temps d\u2019\u00e9veil collectifs ont lieu sur les 6 communes selon les horaires et fr\u00e9quence suivantes (avec des ajustements possibles connus par l\u2019interm\u00e9diaire du planning)\u00a0:\u00a0<\/p>\t\t\t\t\t\t\t\t<\/div>\n\t\t\t\t<\/div>\n\t\t\t\t\t<\/div>\n\t\t<\/div>\n\t\t\t\t\t<\/div>\n\t\t<\/section>\n\t\t\t\t<section class=\"elementor-section elementor-top-section elementor-element elementor-element-95f5a83 elementor-section-boxed elementor-section-height-default elementor-section-height-default\" data-id=\"95f5a83\" data-element_type=\"section\" data-e-type=\"section\">\n\t\t\t\t\t\t<div class=\"elementor-container elementor-column-gap-default\">\n\t\t\t\t\t<div class=\"elementor-column elementor-col-33 elementor-top-column elementor-element elementor-element-5a67b65\" data-id=\"5a67b65\" data-element_type=\"column\" data-e-type=\"column\">\n\t\t\t<div class=\"elementor-widget-wrap elementor-element-populated\">\n\t\t\t\t\t\t<div class=\"elementor-element elementor-element-6f4551b elementor-widget elementor-widget-menu-anchor\" data-id=\"6f4551b\" data-element_type=\"widget\" data-e-type=\"widget\" data-widget_type=\"menu-anchor.default\">\n\t\t\t\t<div class=\"elementor-widget-container\">\n\t\t\t\t\t\t\t<div class=\"elementor-menu-anchor\" id=\"relais\"><\/div>\n\t\t\t\t\t\t<\/div>\n\t\t\t\t<\/div>\n\t\t\t\t<div class=\"elementor-element elementor-element-63eec64 elementor-widget elementor-widget-text-editor\" data-id=\"63eec64\" data-element_type=\"widget\" data-e-type=\"widget\" data-widget_type=\"text-editor.default\">\n\t\t\t\t<div class=\"elementor-widget-container\">\n\t\t\t\t\t\t\t\t\t<p><strong><span class=\"has-inline-color has-vivid-purple-color\">Beauzac<\/span><\/strong><\/p>\n<p>Vourze<\/p>\n<p>43590 Beauzac<\/p>\n<p>Durant la p\u00e9riode scolaire\u00a0:\u00a0\u00a0<\/p>\n<p>Le lundi semaine impaire et tous les jeudis<\/p>\n<p>\u00a0de 10h \u00e0 11h45<\/p>\n<p>hors p\u00e9riode de vacances scolaires<\/p>\t\t\t\t\t\t\t\t<\/div>\n\t\t\t\t<\/div>\n\t\t\t\t\t<\/div>\n\t\t<\/div>\n\t\t\t\t<div class=\"elementor-column elementor-col-33 elementor-top-column elementor-element elementor-element-38dbef6\" data-id=\"38dbef6\" data-element_type=\"column\" data-e-type=\"column\">\n\t\t\t<div class=\"elementor-widget-wrap elementor-element-populated\">\n\t\t\t\t\t\t<div class=\"elementor-element elementor-element-845ee8b elementor-widget elementor-widget-text-editor\" data-id=\"845ee8b\" data-element_type=\"widget\" data-e-type=\"widget\" data-widget_type=\"text-editor.default\">\n\t\t\t\t<div class=\"elementor-widget-container\">\n\t\t\t\t\t\t\t\t\t<p><strong><span class=\"has-inline-color has-vivid-purple-color\">La Chapelle d\u2019Aurec<\/span><\/strong><\/p>\n<p>369 rue Jules Ferry<\/p>\n<p>43120 La Chapelle d\u2019Aurec<\/p>\n<p>Durant la p\u00e9riode scolaire&nbsp;:&nbsp;&nbsp;<\/p>\n<p>Tous les mardis et le vendredi semaine impaire<\/p>\n<p>de 10h \u00e0 11h45<\/p>\n<p>hors p\u00e9riode de vacances scolaires<\/p>\t\t\t\t\t\t\t\t<\/div>\n\t\t\t\t<\/div>\n\t\t\t\t\t<\/div>\n\t\t<\/div>\n\t\t\t\t<div class=\"elementor-column elementor-col-33 elementor-top-column elementor-element elementor-element-2d7368e\" data-id=\"2d7368e\" data-element_type=\"column\" data-e-type=\"column\">\n\t\t\t<div class=\"elementor-widget-wrap elementor-element-populated\">\n\t\t\t\t\t\t<div class=\"elementor-element elementor-element-2c39193 elementor-widget elementor-widget-text-editor\" data-id=\"2c39193\" data-element_type=\"widget\" data-e-type=\"widget\" data-widget_type=\"text-editor.default\">\n\t\t\t\t<div class=\"elementor-widget-container\">\n\t\t\t\t\t\t\t\t\t<p><strong><span class=\"has-inline-color has-vivid-purple-color\">Sainte Sigol\u00e8ne<\/span><\/strong><\/p>\n<p>Avenue Marin\u00e9o<\/p>\n<p>43600 Sainte Sigol\u00e8ne<\/p>\n<p>Durant la p\u00e9riode scolaire\u00a0:\u00a0\u00a0<\/p>\n<p>Les mardis et jeudis de 10h \u00e0 11h45<\/p>\n<p>Durant les vacances scolaires\u00a0:<\/p>\n<p>1 s\u00e9ance hebdomadaire selon planning<\/p>\t\t\t\t\t\t\t\t<\/div>\n\t\t\t\t<\/div>\n\t\t\t\t\t<\/div>\n\t\t<\/div>\n\t\t\t\t\t<\/div>\n\t\t<\/section>\n\t\t\t\t<section class=\"elementor-section elementor-top-section elementor-element elementor-element-dc6b88f elementor-section-boxed elementor-section-height-default elementor-section-height-default\" data-id=\"dc6b88f\" data-element_type=\"section\" data-e-type=\"section\">\n\t\t\t\t\t\t<div class=\"elementor-container elementor-column-gap-default\">\n\t\t\t\t\t<div class=\"elementor-column elementor-col-33 elementor-top-column elementor-element elementor-element-f4caa32\" data-id=\"f4caa32\" data-element_type=\"column\" data-e-type=\"column\">\n\t\t\t<div class=\"elementor-widget-wrap elementor-element-populated\">\n\t\t\t\t\t\t<div class=\"elementor-element elementor-element-982d943 elementor-widget elementor-widget-text-editor\" data-id=\"982d943\" data-element_type=\"widget\" data-e-type=\"widget\" data-widget_type=\"text-editor.default\">\n\t\t\t\t<div class=\"elementor-widget-container\">\n\t\t\t\t\t\t\t\t\t<p><strong><span class=\"has-inline-color has-vivid-purple-color\">Monistrol sur Loire<\/span><\/strong><\/p>\n<p>12 B Avenue Charles de Gaulle<\/p>\n<p>43120 Monistrol sur loire<\/p>\n<p>Sur inscription \u00e0 r\u00e9aliser par mail (maximum 10 professionnels et 15 enfants par temps d\u2019\u00e9veil)<\/p>\n<p>Durant la p\u00e9riode scolaire\u00a0:\u00a0\u00a0<\/p>\n<p>Le lundi semaine impaire de 10h \u00e0 11h45\u00a0\u00a0\u00a0\u00a0\u00a0\u00a0\u00a0\u00a0<\/p>\n<p>Le jeudi de 8h45 \u00e0 10h et 10h15 \u00e0 11h30\u00a0\u00a0\u00a0\u00a0\u00a0\u00a0\u00a0\u00a0\u00a0\u00a0<\/p>\n<p>\u00a0Le vendredi de 10h \u00e0 11h45<\/p>\n<p>Durant les vacances scolaires\u00a0:<\/p>\n<p>Selon planning<\/p>\n<p>\u00a0<\/p>\n<p>\u00a0<\/p>\t\t\t\t\t\t\t\t<\/div>\n\t\t\t\t<\/div>\n\t\t\t\t\t<\/div>\n\t\t<\/div>\n\t\t\t\t<div class=\"elementor-column elementor-col-33 elementor-top-column elementor-element elementor-element-b8bb124\" data-id=\"b8bb124\" data-element_type=\"column\" data-e-type=\"column\">\n\t\t\t<div class=\"elementor-widget-wrap elementor-element-populated\">\n\t\t\t\t\t\t<div class=\"elementor-element elementor-element-248627e elementor-widget elementor-widget-text-editor\" data-id=\"248627e\" data-element_type=\"widget\" data-e-type=\"widget\" data-widget_type=\"text-editor.default\">\n\t\t\t\t<div class=\"elementor-widget-container\">\n\t\t\t\t\t\t\t\t\t<p><strong><span class=\"has-inline-color has-vivid-purple-color\">Les Villettes<\/span><\/strong><\/p>\n<p>Rue du Stade<\/p>\n<p>43600 Les Villettes<\/p>\n<p>Durant la p\u00e9riode scolaire\u00a0:\u00a0\u00a0<\/p>\n<p>Tous les mardis et le Vendredi semaine paire<\/p>\n<p>de 10h \u00e0 11h45<\/p>\n<p>hors p\u00e9riode de vacances scolaires<\/p>\t\t\t\t\t\t\t\t<\/div>\n\t\t\t\t<\/div>\n\t\t\t\t\t<\/div>\n\t\t<\/div>\n\t\t\t\t<div class=\"elementor-column elementor-col-33 elementor-top-column elementor-element elementor-element-9ad06bf\" data-id=\"9ad06bf\" data-element_type=\"column\" data-e-type=\"column\">\n\t\t\t<div class=\"elementor-widget-wrap elementor-element-populated\">\n\t\t\t\t\t\t<div class=\"elementor-element elementor-element-40b3344 elementor-widget elementor-widget-text-editor\" data-id=\"40b3344\" data-element_type=\"widget\" data-e-type=\"widget\" data-widget_type=\"text-editor.default\">\n\t\t\t\t<div class=\"elementor-widget-container\">\n\t\t\t\t\t\t\t\t\t<p><strong><span class=\"has-inline-color has-vivid-purple-color\">Saint Pal de Mons<\/span><\/strong><\/p>\n<p>Rue du Pontonnet<\/p>\n<p>43620 Saint Pal de Mons<\/p>\n<p>Durant la p\u00e9riode scolaire\u00a0:\u00a0\u00a0<\/p>\n<p>Le Lundi semaine impaire et tous les mercredis<\/p>\n<p>de 10h \u00e0 11h45<\/p>\n<p>Durant les vacances scolaires\u00a0:<\/p>\n<p>1 s\u00e9ance hebdomadaire selon planning<\/p>\t\t\t\t\t\t\t\t<\/div>\n\t\t\t\t<\/div>\n\t\t\t\t\t<\/div>\n\t\t<\/div>\n\t\t\t\t\t<\/div>\n\t\t<\/section>\n\t\t\t\t<\/div>\n\t\t","protected":false},"excerpt":{"rendered":"<p>Les temps d\u2019\u00e9veil collectifs sont des temps tr\u00e8s riches \u00e0 la fois pour l\u2019assistant maternel et pour l\u2019enfant. Les ateliers d\u2019\u00e9veil permettent aux tout-petits d\u2019\u00e9changer, d\u2019\u00e9veiller leur curiosit\u00e9 et de s\u2019amuser. Gr\u00e2ce \u00e0 ces rencontres, les assistants maternels, avec l\u2019accord des parents, offrent aux enfants dont elles ont la garde, une activit\u00e9 en dehors de&hellip; <br \/> <a class=\"button small blue\" href=\"https:\/\/www.6loupiots.fr\/?page_id=4490\">Lire la suite<\/a><\/p>\n","protected":false},"author":1,"featured_media":0,"parent":0,"menu_order":0,"comment_status":"closed","ping_status":"closed","template":"","meta":{"_monsterinsights_skip_tracking":false,"_monsterinsights_sitenote_active":false,"_monsterinsights_sitenote_note":"","_monsterinsights_sitenote_category":0,"ngg_post_thumbnail":0,"footnotes":""},"class_list":["post-4490","page","type-page","status-publish","hentry"],"jetpack_sharing_enabled":true,"post_mailing_queue_ids":[],"_links":{"self":[{"href":"https:\/\/www.6loupiots.fr\/index.php?rest_route=\/wp\/v2\/pages\/4490","targetHints":{"allow":["GET"]}}],"collection":[{"href":"https:\/\/www.6loupiots.fr\/index.php?rest_route=\/wp\/v2\/pages"}],"about":[{"href":"https:\/\/www.6loupiots.fr\/index.php?rest_route=\/wp\/v2\/types\/page"}],"author":[{"embeddable":true,"href":"https:\/\/www.6loupiots.fr\/index.php?rest_route=\/wp\/v2\/users\/1"}],"replies":[{"embeddable":true,"href":"https:\/\/www.6loupiots.fr\/index.php?rest_route=%2Fwp%2Fv2%2Fcomments&post=4490"}],"version-history":[{"count":10,"href":"https:\/\/www.6loupiots.fr\/index.php?rest_route=\/wp\/v2\/pages\/4490\/revisions"}],"predecessor-version":[{"id":8142,"href":"https:\/\/www.6loupiots.fr\/index.php?rest_route=\/wp\/v2\/pages\/4490\/revisions\/8142"}],"wp:attachment":[{"href":"https:\/\/www.6loupiots.fr\/index.php?rest_route=%2Fwp%2Fv2%2Fmedia&parent=4490"}],"curies":[{"name":"wp","href":"https:\/\/api.w.org\/{rel}","templated":true}]}}