{"id":4353,"date":"2020-04-20T19:20:10","date_gmt":"2020-04-20T17:20:10","guid":{"rendered":"http:\/\/www.6loupiots.fr\/?page_id=4353"},"modified":"2021-10-18T15:28:56","modified_gmt":"2021-10-18T13:28:56","slug":"les-missions-et-equipements","status":"publish","type":"page","link":"https:\/\/www.6loupiots.fr\/?page_id=4353","title":{"rendered":"Les missions"},"content":{"rendered":"\t\t<div data-elementor-type=\"wp-page\" data-elementor-id=\"4353\" class=\"elementor elementor-4353\">\n\t\t\t\t\t\t<section class=\"elementor-section elementor-top-section elementor-element elementor-element-7d2a3c8 elementor-section-boxed elementor-section-height-default elementor-section-height-default\" data-id=\"7d2a3c8\" data-element_type=\"section\" data-e-type=\"section\">\n\t\t\t\t\t\t<div class=\"elementor-container elementor-column-gap-default\">\n\t\t\t\t\t<div class=\"elementor-column elementor-col-100 elementor-top-column elementor-element elementor-element-62f2de1\" data-id=\"62f2de1\" data-element_type=\"column\" data-e-type=\"column\">\n\t\t\t<div class=\"elementor-widget-wrap elementor-element-populated\">\n\t\t\t\t\t\t<div class=\"elementor-element elementor-element-906dab1 elementor-widget elementor-widget-text-editor\" data-id=\"906dab1\" data-element_type=\"widget\" data-e-type=\"widget\" data-widget_type=\"text-editor.default\">\n\t\t\t\t<div class=\"elementor-widget-container\">\n\t\t\t\t\t\t\t\t\t<div>Le Relais Petite Enfance est un service gratuit conventionn\u00e9 par la <a href=\"https:\/\/www.caf.fr\/\" target=\"_blank\" rel=\"noopener\">Caisse d&rsquo;Allocations Familiales<\/a>. Afin de d\u00e9couvrir les missions pour lesquelles ce service se consacre, vous pouvez consulter le <a href=\"http:\/\/www.6loupiots.fr\/wp-content\/uploads\/2020\/05\/guide_referentiel.pdf\" target=\"_blank\" rel=\"noopener\">guide r\u00e9f\u00e9rentiel du relais petite enfance.<\/a><\/div>\n<div>\n<div>\n<div dir=\"ltr\" data-smartmail=\"gmail_signature\">\n<div dir=\"ltr\">\n<div>\n<div dir=\"ltr\">\n<div>\n<div dir=\"ltr\">\n<div>\n<div dir=\"ltr\">\n<div>\n<div dir=\"ltr\">\n<div>\n<div dir=\"ltr\">\n<div>\n<div dir=\"ltr\">\n<div>\n<div dir=\"ltr\">\n<div>\n<div dir=\"ltr\">\n<div>\n<div dir=\"ltr\">\n<div>\n<div dir=\"ltr\">\n<div>\n<div dir=\"ltr\">\n<div>\n<div dir=\"ltr\">\n<div>\n<div dir=\"ltr\">\n<div>\n<div dir=\"ltr\">\n<div>Notons que les Relais Petite Enfance de la Haute-Loire se sont engag\u00e9s \u00e0 d\u00e9velopper, en partenariat avec la Caisse d&rsquo;Allocations Familiales, l&rsquo;action prioritaire \u00ab\u00a0<strong>Guichet unique<\/strong>\u00a0\u00bb en favorisant notamment l&rsquo;utilisation du site <a href=\"https:\/\/monenfant.fr\/\" target=\"_blank\" rel=\"noopener\">Monenfant.fr<\/a>.<\/div>\n<\/div>\n<\/div>\n<\/div>\n<\/div>\n<\/div>\n<\/div>\n<\/div>\n<\/div>\n<\/div>\n<\/div>\n<\/div>\n<\/div>\n<\/div>\n<\/div>\n<\/div>\n<\/div>\n<\/div>\n<\/div>\n<\/div>\n<\/div>\n<\/div>\n<\/div>\n<\/div>\n<\/div>\n<\/div>\n<\/div>\n<\/div>\n<\/div>\n<\/div>\n<\/div>\n<\/div>\n<\/div>\t\t\t\t\t\t\t\t<\/div>\n\t\t\t\t<\/div>\n\t\t\t\t\t<\/div>\n\t\t<\/div>\n\t\t\t\t\t<\/div>\n\t\t<\/section>\n\t\t\t\t<section class=\"elementor-section elementor-top-section elementor-element elementor-element-3b3e9b6e elementor-section-boxed elementor-section-height-default elementor-section-height-default\" data-id=\"3b3e9b6e\" data-element_type=\"section\" data-e-type=\"section\">\n\t\t\t\t\t\t<div class=\"elementor-container elementor-column-gap-default\">\n\t\t\t\t\t<div class=\"elementor-column elementor-col-50 elementor-top-column elementor-element elementor-element-475fc8e1\" data-id=\"475fc8e1\" data-element_type=\"column\" data-e-type=\"column\">\n\t\t\t<div class=\"elementor-widget-wrap elementor-element-populated\">\n\t\t\t\t\t\t<div class=\"elementor-element elementor-element-380ff06b elementor-widget elementor-widget-text-editor\" data-id=\"380ff06b\" data-element_type=\"widget\" data-e-type=\"widget\" data-widget_type=\"text-editor.default\">\n\t\t\t\t<div class=\"elementor-widget-container\">\n\t\t\t\t\t\t\t\t\t\n<p><strong><span class=\"has-inline-color has-vivid-purple-color\">Parents ou futurs parents<\/span><\/strong><\/p>\n\n<p><strong>Le Relais vous propose :<\/strong><\/p>\n\n<ul>\n<li><a href=\"http:\/\/www.6loupiots.fr\/wp-content\/uploads\/2020\/04\/Infographie-RPE1.pdf\" target=\"_blank\" rel=\"noopener\">une information personnalis\u00e9e sur les diff\u00e9rents modes d\u2019accueil du territoire<\/a>,<\/li>\n<li>un accompagnement dans vos d\u00e9marches administratives (Contrat de travail, convention collective, etc\u2026),<\/li>\n<li>une meilleure connaissance de vos droits et devoirs d\u2019employeurs<\/li>\n<li>la liste des assistant(e)s maternel(le)s agr\u00e9\u00e9(e)s<\/li>\n<li>une documentation sp\u00e9cifique<\/li>\n<li>une sensibilisation \u00e0 l\u2019\u00e9veil du jeune enfant<\/li>\n<li>un soutien \u00e0 la parentalit\u00e9<\/li>\n<\/ul>\n\n<p><img fetchpriority=\"high\" decoding=\"async\" class=\"alignnone wp-image-3974 size-medium\" src=\"http:\/\/www.6loupiots.fr\/wp-content\/uploads\/2020\/04\/baby-72224_640-200x300.jpg\" alt=\"\" width=\"200\" height=\"300\" srcset=\"https:\/\/www.6loupiots.fr\/wp-content\/uploads\/2020\/04\/baby-72224_640-200x300.jpg 200w, https:\/\/www.6loupiots.fr\/wp-content\/uploads\/2020\/04\/baby-72224_640.jpg 426w\" sizes=\"(max-width: 200px) 100vw, 200px\" \/><\/p>\n\t\t\t\t\t\t\t\t<\/div>\n\t\t\t\t<\/div>\n\t\t\t\t\t<\/div>\n\t\t<\/div>\n\t\t\t\t<div class=\"elementor-column elementor-col-50 elementor-top-column elementor-element elementor-element-8e6c304\" data-id=\"8e6c304\" data-element_type=\"column\" data-e-type=\"column\">\n\t\t\t<div class=\"elementor-widget-wrap elementor-element-populated\">\n\t\t\t\t\t\t<div class=\"elementor-element elementor-element-02efb5e elementor-widget elementor-widget-text-editor\" data-id=\"02efb5e\" data-element_type=\"widget\" data-e-type=\"widget\" data-widget_type=\"text-editor.default\">\n\t\t\t\t<div class=\"elementor-widget-container\">\n\t\t\t\t\t\t\t\t\t<p><strong><span class=\"has-inline-color has-vivid-purple-color\">Professionnel(le)s<br \/>ou futurs professionnel(le)s<\/span><\/strong><\/p>\n<p>Vous \u00eates assistant(e) maternel(le), candidat(e) \u00e0 l\u2019agr\u00e9ment ou garde d\u2019enfant \u00e0 domicile.<\/p>\n<p><strong>\u00a0Le Relais est \u00e0 votre \u00e9coute, vous aide et vous accompagne :<\/strong><\/p>\n<ul>\n<li>pour \u00e9changer sur le m\u00e9tier, sur la formation<\/li>\n<li>pour conna\u00eetre vos droits et obligations en tant que salari\u00e9(e)<\/li>\n<li>pour communiquer les formations<\/li>\n<li>dans votre recherche d\u2019emploi en communiquant votre disponibilit\u00e9 aux familles cherchant un mode d\u2019accueil pour leur enfant<\/li>\n<\/ul>\n<p><strong>Le Relais vous permet :<\/strong><\/p>\n<ul>\n<li>d\u2019\u00e9changer avec des professionnels et d\u2019enrichir votre pratique professionnelle en vous offrant des supports (analyse de la pratique, soir\u00e9es th\u00e9matiques, matin\u00e9es ludiques avec les enfants que vous accueillez),<\/li>\n<li>d\u2019avoir acc\u00e8s \u00e0 une documentation sp\u00e9cifique (revues, livres, documents en lien avec votre m\u00e9tier,<\/li>\n<li>de participer \u00e0 des formations, conf\u00e9rences.<\/li>\n<\/ul>\n<p>\u00a0<\/p>\n<p>Le Relais est pr\u00e9sent pour <strong>favoriser le dialogue<\/strong> entre employeur et employ\u00e9(e) dans l\u2019int\u00e9r\u00eat de l\u2019enfant.Un relais est anim\u00e9 par une ou plusieurs professionnel(le)s de la petite enfance.<br \/>Le gestionnaire peut \u00eatre une collectivit\u00e9 territoriale (commune, communaut\u00e9 de communes), un centre communal ou intercommunal d\u2019action sociale, une association, une mutuelle, etc)<\/p>\n<p><strong><a href=\"http:\/\/www.6loupiots.fr\/?page_id=4405\">Sur votre territoire, le relais est g\u00e9r\u00e9 par une association.<\/a> <\/strong><\/p>\n<p>Consulter notre <a href=\"https:\/\/www.6loupiots.fr\/wp-content\/uploads\/2021\/10\/Reglement-de-fonctionnement-RPE.pdf\">R\u00e8glement de fonctionnement RPE<\/a><\/p>\t\t\t\t\t\t\t\t<\/div>\n\t\t\t\t<\/div>\n\t\t\t\t\t<\/div>\n\t\t<\/div>\n\t\t\t\t\t<\/div>\n\t\t<\/section>\n\t\t\t\t<section class=\"elementor-section elementor-top-section elementor-element elementor-element-6d6ff42 elementor-section-boxed elementor-section-height-default elementor-section-height-default\" data-id=\"6d6ff42\" data-element_type=\"section\" data-e-type=\"section\">\n\t\t\t\t\t\t<div class=\"elementor-container elementor-column-gap-default\">\n\t\t\t\t\t<div class=\"elementor-column elementor-col-100 elementor-top-column elementor-element elementor-element-82aafd5\" data-id=\"82aafd5\" data-element_type=\"column\" data-e-type=\"column\" data-settings=\"{&quot;background_background&quot;:&quot;gradient&quot;}\">\n\t\t\t<div class=\"elementor-widget-wrap elementor-element-populated\">\n\t\t\t\t\t\t<div class=\"elementor-element elementor-element-613fec6 elementor-widget elementor-widget-text-editor\" data-id=\"613fec6\" data-element_type=\"widget\" data-e-type=\"widget\" data-widget_type=\"text-editor.default\">\n\t\t\t\t<div class=\"elementor-widget-container\">\n\t\t\t\t\t\t\t\t\t<p><strong><span class=\"has-inline-color has-vivid-purple-color\">Les professionnels \u00e0 votre \u00e9coute\u00a0:<\/span><\/strong><\/p>\n<p>Le\u00a0relais petite enfance est anim\u00e9 par des professionnels titulaires d\u2019un dipl\u00f4me sup\u00e9rieur (Bac +3) de la petite enfance\u00a0et du travail social :<\/p>\n<p>Anne MORO, \u00e9ducatrice de jeunes enfants,<\/p>\n<p>V\u00e9ronique BERNARDO-POINAS, conseill\u00e8re en \u00e9conomie sociale et familiale,<\/p>\n<p>Honorine LAVASTRE, \u00e9ducatrice de jeunes enfants.<\/p>\t\t\t\t\t\t\t\t<\/div>\n\t\t\t\t<\/div>\n\t\t\t\t\t<\/div>\n\t\t<\/div>\n\t\t\t\t\t<\/div>\n\t\t<\/section>\n\t\t\t\t<\/div>\n\t\t","protected":false},"excerpt":{"rendered":"<p>Le Relais Petite Enfance est un service gratuit conventionn\u00e9 par la Caisse d&rsquo;Allocations Familiales. Afin de d\u00e9couvrir les missions pour lesquelles ce service se consacre, vous pouvez consulter le guide r\u00e9f\u00e9rentiel du relais petite enfance. Notons que les Relais Petite Enfance de la Haute-Loire se sont engag\u00e9s \u00e0 d\u00e9velopper, en partenariat avec la Caisse d&rsquo;Allocations&hellip; <br \/> <a class=\"button small blue\" href=\"https:\/\/www.6loupiots.fr\/?page_id=4353\">Lire la suite<\/a><\/p>\n","protected":false},"author":1,"featured_media":0,"parent":3554,"menu_order":0,"comment_status":"closed","ping_status":"closed","template":"","meta":{"_monsterinsights_skip_tracking":false,"_monsterinsights_sitenote_active":false,"_monsterinsights_sitenote_note":"","_monsterinsights_sitenote_category":0,"ngg_post_thumbnail":0,"footnotes":""},"class_list":["post-4353","page","type-page","status-publish","hentry"],"jetpack_sharing_enabled":true,"post_mailing_queue_ids":[],"_links":{"self":[{"href":"https:\/\/www.6loupiots.fr\/index.php?rest_route=\/wp\/v2\/pages\/4353","targetHints":{"allow":["GET"]}}],"collection":[{"href":"https:\/\/www.6loupiots.fr\/index.php?rest_route=\/wp\/v2\/pages"}],"about":[{"href":"https:\/\/www.6loupiots.fr\/index.php?rest_route=\/wp\/v2\/types\/page"}],"author":[{"embeddable":true,"href":"https:\/\/www.6loupiots.fr\/index.php?rest_route=\/wp\/v2\/users\/1"}],"replies":[{"embeddable":true,"href":"https:\/\/www.6loupiots.fr\/index.php?rest_route=%2Fwp%2Fv2%2Fcomments&post=4353"}],"version-history":[{"count":30,"href":"https:\/\/www.6loupiots.fr\/index.php?rest_route=\/wp\/v2\/pages\/4353\/revisions"}],"predecessor-version":[{"id":8145,"href":"https:\/\/www.6loupiots.fr\/index.php?rest_route=\/wp\/v2\/pages\/4353\/revisions\/8145"}],"up":[{"embeddable":true,"href":"https:\/\/www.6loupiots.fr\/index.php?rest_route=\/wp\/v2\/pages\/3554"}],"wp:attachment":[{"href":"https:\/\/www.6loupiots.fr\/index.php?rest_route=%2Fwp%2Fv2%2Fmedia&parent=4353"}],"curies":[{"name":"wp","href":"https:\/\/api.w.org\/{rel}","templated":true}]}}