{"id":4340,"date":"2020-04-20T19:01:51","date_gmt":"2020-04-20T17:01:51","guid":{"rendered":"http:\/\/www.6loupiots.fr\/?page_id=4340"},"modified":"2020-05-19T21:11:06","modified_gmt":"2020-05-19T19:11:06","slug":"pret-de-livres","status":"publish","type":"page","link":"https:\/\/www.6loupiots.fr\/?page_id=4340","title":{"rendered":"Pr\u00eat de livres"},"content":{"rendered":"\t\t<div data-elementor-type=\"wp-page\" data-elementor-id=\"4340\" class=\"elementor elementor-4340\">\n\t\t\t\t\t\t<section class=\"elementor-section elementor-top-section elementor-element elementor-element-d5402f5 elementor-section-boxed elementor-section-height-default elementor-section-height-default\" data-id=\"d5402f5\" data-element_type=\"section\" data-e-type=\"section\">\n\t\t\t\t\t\t<div class=\"elementor-container elementor-column-gap-default\">\n\t\t\t\t\t<div class=\"elementor-column elementor-col-100 elementor-top-column elementor-element elementor-element-e54f871\" data-id=\"e54f871\" data-element_type=\"column\" data-e-type=\"column\">\n\t\t\t<div class=\"elementor-widget-wrap elementor-element-populated\">\n\t\t\t\t\t\t<section class=\"elementor-section elementor-inner-section elementor-element elementor-element-a0215be elementor-section-boxed elementor-section-height-default elementor-section-height-default\" data-id=\"a0215be\" data-element_type=\"section\" data-e-type=\"section\">\n\t\t\t\t\t\t<div class=\"elementor-container elementor-column-gap-default\">\n\t\t\t\t\t<div class=\"elementor-column elementor-col-50 elementor-inner-column elementor-element elementor-element-2ca5ae8\" data-id=\"2ca5ae8\" data-element_type=\"column\" data-e-type=\"column\">\n\t\t\t<div class=\"elementor-widget-wrap elementor-element-populated\">\n\t\t\t\t\t\t<div class=\"elementor-element elementor-element-f5d48ba elementor-widget elementor-widget-text-editor\" data-id=\"f5d48ba\" data-element_type=\"widget\" data-e-type=\"widget\" data-widget_type=\"text-editor.default\">\n\t\t\t\t<div class=\"elementor-widget-container\">\n\t\t\t\t\t\t\t\t\t<p><strong><u>Pr\u00eat gratuit de livres sur la parentalit\u00e9\u00a0:<\/u><\/strong><\/p><p>Nous vous mettons \u00e0 disposition de nombreux ouvrages sur diff\u00e9rents sujets concernant la parentalit\u00e9 et l\u2019enfant.<\/p><p>Vous pouvez nous emprunter gratuitement ces ouvrages (<a href=\"http:\/\/www.6loupiots.fr\/wp-content\/uploads\/2019\/07\/Bulletin-adh\u00e9sion-2019-2020.pdf\" target=\"_blank\" rel=\"noopener\">adh\u00e9sion toutefois demand\u00e9e \u00e0 l\u2019association<\/a><em>)<\/em>); merci de formuler votre <a href=\"mailto:contact@6loupiots.fr?subject=Demande de pr\u00eat de livre(s)\">demande d\u2019emprunt par mail<\/a> ; le livre souhait\u00e9 peut \u00eatre transmis par le biais des responsables du relais, \u00e0 la micro-cr\u00e8che et \u00e9galement par le biais de votre assistant maternel lors de sa venue aux temps d\u2019\u00e9veil.<\/p><p><a href=\"http:\/\/www.6loupiots.fr\/wp-content\/uploads\/2020\/04\/pr\u00eat-gratuit-de-livres.pdf\" target=\"_blank\" rel=\"noopener\">Voici donc le d\u00e9tail des ouvrages que nous poss\u00e9dons pour vous\u00a0!<\/a><\/p>\t\t\t\t\t\t\t\t<\/div>\n\t\t\t\t<\/div>\n\t\t\t\t\t<\/div>\n\t\t<\/div>\n\t\t\t\t<div class=\"elementor-column elementor-col-50 elementor-inner-column elementor-element elementor-element-993dacc\" data-id=\"993dacc\" data-element_type=\"column\" data-e-type=\"column\">\n\t\t\t<div class=\"elementor-widget-wrap elementor-element-populated\">\n\t\t\t\t\t\t<div class=\"elementor-element elementor-element-b14b052 elementor-widget elementor-widget-image\" data-id=\"b14b052\" data-element_type=\"widget\" data-e-type=\"widget\" data-widget_type=\"image.default\">\n\t\t\t\t<div class=\"elementor-widget-container\">\n\t\t\t\t\t\t\t\t\t\t\t\t\t\t\t<img fetchpriority=\"high\" decoding=\"async\" width=\"640\" height=\"423\" src=\"https:\/\/www.6loupiots.fr\/wp-content\/uploads\/2020\/04\/portrayal-89193_640.jpg\" class=\"attachment-large size-large wp-image-4345\" alt=\"\" srcset=\"https:\/\/www.6loupiots.fr\/wp-content\/uploads\/2020\/04\/portrayal-89193_640.jpg 640w, https:\/\/www.6loupiots.fr\/wp-content\/uploads\/2020\/04\/portrayal-89193_640-300x198.jpg 300w\" sizes=\"(max-width: 640px) 100vw, 640px\" \/>\t\t\t\t\t\t\t\t\t\t\t\t\t\t\t<\/div>\n\t\t\t\t<\/div>\n\t\t\t\t\t<\/div>\n\t\t<\/div>\n\t\t\t\t\t<\/div>\n\t\t<\/section>\n\t\t\t\t\t<\/div>\n\t\t<\/div>\n\t\t\t\t\t<\/div>\n\t\t<\/section>\n\t\t\t\t<\/div>\n\t\t","protected":false},"excerpt":{"rendered":"<p>Pr\u00eat gratuit de livres sur la parentalit\u00e9\u00a0: Nous vous mettons \u00e0 disposition de nombreux ouvrages sur diff\u00e9rents sujets concernant la parentalit\u00e9 et l\u2019enfant. Vous pouvez nous emprunter gratuitement ces ouvrages (adh\u00e9sion toutefois demand\u00e9e \u00e0 l\u2019association)); merci de formuler votre demande d\u2019emprunt par mail ; le livre souhait\u00e9 peut \u00eatre transmis par le biais des responsables&hellip; <br \/> <a class=\"button small blue\" href=\"https:\/\/www.6loupiots.fr\/?page_id=4340\">Lire la suite<\/a><\/p>\n","protected":false},"author":1,"featured_media":0,"parent":0,"menu_order":0,"comment_status":"closed","ping_status":"closed","template":"","meta":{"_monsterinsights_skip_tracking":false,"_monsterinsights_sitenote_active":false,"_monsterinsights_sitenote_note":"","_monsterinsights_sitenote_category":0,"ngg_post_thumbnail":0,"footnotes":""},"class_list":["post-4340","page","type-page","status-publish","hentry"],"jetpack_sharing_enabled":true,"post_mailing_queue_ids":[],"_links":{"self":[{"href":"https:\/\/www.6loupiots.fr\/index.php?rest_route=\/wp\/v2\/pages\/4340","targetHints":{"allow":["GET"]}}],"collection":[{"href":"https:\/\/www.6loupiots.fr\/index.php?rest_route=\/wp\/v2\/pages"}],"about":[{"href":"https:\/\/www.6loupiots.fr\/index.php?rest_route=\/wp\/v2\/types\/page"}],"author":[{"embeddable":true,"href":"https:\/\/www.6loupiots.fr\/index.php?rest_route=\/wp\/v2\/users\/1"}],"replies":[{"embeddable":true,"href":"https:\/\/www.6loupiots.fr\/index.php?rest_route=%2Fwp%2Fv2%2Fcomments&post=4340"}],"version-history":[{"count":12,"href":"https:\/\/www.6loupiots.fr\/index.php?rest_route=\/wp\/v2\/pages\/4340\/revisions"}],"predecessor-version":[{"id":5055,"href":"https:\/\/www.6loupiots.fr\/index.php?rest_route=\/wp\/v2\/pages\/4340\/revisions\/5055"}],"wp:attachment":[{"href":"https:\/\/www.6loupiots.fr\/index.php?rest_route=%2Fwp%2Fv2%2Fmedia&parent=4340"}],"curies":[{"name":"wp","href":"https:\/\/api.w.org\/{rel}","templated":true}]}}