{"id":4295,"date":"2020-04-20T18:08:11","date_gmt":"2020-04-20T16:08:11","guid":{"rendered":"http:\/\/www.6loupiots.fr\/?page_id=4295"},"modified":"2022-09-17T06:33:53","modified_gmt":"2022-09-17T04:33:53","slug":"informations-pmi","status":"publish","type":"page","link":"https:\/\/www.6loupiots.fr\/?page_id=4295","title":{"rendered":"Informations PMI"},"content":{"rendered":"\t\t<div data-elementor-type=\"wp-page\" data-elementor-id=\"4295\" class=\"elementor elementor-4295\">\n\t\t\t\t\t\t<section class=\"elementor-section elementor-top-section elementor-element elementor-element-c351ba8 elementor-section-boxed elementor-section-height-default elementor-section-height-default\" data-id=\"c351ba8\" data-element_type=\"section\" data-e-type=\"section\">\n\t\t\t\t\t\t<div class=\"elementor-container elementor-column-gap-default\">\n\t\t\t\t\t<div class=\"elementor-column elementor-col-100 elementor-top-column elementor-element elementor-element-7375842\" data-id=\"7375842\" data-element_type=\"column\" data-e-type=\"column\">\n\t\t\t<div class=\"elementor-widget-wrap elementor-element-populated\">\n\t\t\t\t\t\t<div class=\"elementor-element elementor-element-317e9f0 elementor-widget elementor-widget-text-editor\" data-id=\"317e9f0\" data-element_type=\"widget\" data-e-type=\"widget\" data-widget_type=\"text-editor.default\">\n\t\t\t\t<div class=\"elementor-widget-container\">\n\t\t\t\t\t\t\t\t\t<p>Les pu\u00e9ricultrices du service de Protection Maternelle et Infantile sont en charge de l\u2019agr\u00e9ment et du suivi des assistants maternels.<\/p><p><strong>La PMI favorise le d\u00e9veloppement et la qualit\u00e9 de l\u2019accueil des jeunes enfants<\/strong>. Les pu\u00e9ricultrices ont le r\u00f4le de suivi et d\u2019accompagnement des assistants maternels.<\/p><ul><li><a href=\"http:\/\/www.6loupiots.fr\/wp-content\/uploads\/2020\/04\/Referentiel-AssMat.pdf\" target=\"_blank\" rel=\"noopener\">R\u00e9f\u00e9rentiel r\u00e9gissant l\u2019agr\u00e9ment des assistants maternels exer\u00e7ant \u00e0 domicile<\/a>,<\/li><li><a href=\"http:\/\/www.6loupiots.fr\/wp-content\/uploads\/2020\/04\/Guide-ministeriel-MAM.pdf\" target=\"_blank\" rel=\"noopener\">R\u00e9f\u00e9rentiel r\u00e9gissant l\u2019agr\u00e9ment des assistants maternels exer\u00e7ant en MAM<\/a>,<\/li><li><a href=\"http:\/\/www.6loupiots.fr\/wp-content\/uploads\/2020\/04\/charte-nationale-accueil-du-jeune-enfant.pdf\" target=\"_blank\" rel=\"noopener\">Charte nationale pour l\u2019accueil du jeune enfant<\/a>,\u00a0<\/li><li><a href=\"http:\/\/www.6loupiots.fr\/wp-content\/uploads\/2020\/04\/guide_parents_assmat_.pdf\" target=\"_blank\" rel=\"noopener\">Guide parents sur les diff\u00e9rences culturelles<\/a>.<\/li><li>Guide de s\u00e9curit\u00e9 PMI Haute-Loire: <a href=\"http:\/\/www.6loupiots.fr\/wp-content\/uploads\/2020\/06\/Plaquette-S\u00e9curit\u00e9-1.pdf\">Plaquette S\u00e9curit\u00e9-1<\/a><\/li><li>Guide sant\u00e9 PMI Haute-Loire:<a href=\"https:\/\/www.6loupiots.fr\/wp-content\/uploads\/2021\/04\/Plaquette-Sante-AM-DV.pdf\">Plaquette Sante AM DV<\/a><\/li><\/ul>\t\t\t\t\t\t\t\t<\/div>\n\t\t\t\t<\/div>\n\t\t\t\t\t<\/div>\n\t\t<\/div>\n\t\t\t\t\t<\/div>\n\t\t<\/section>\n\t\t\t\t<section class=\"elementor-section elementor-top-section elementor-element elementor-element-213bf6a elementor-section-boxed elementor-section-height-default elementor-section-height-default\" data-id=\"213bf6a\" data-element_type=\"section\" data-e-type=\"section\">\n\t\t\t\t\t\t<div class=\"elementor-container elementor-column-gap-default\">\n\t\t\t\t\t<div class=\"elementor-column elementor-col-66 elementor-top-column elementor-element elementor-element-b30f2af\" data-id=\"b30f2af\" data-element_type=\"column\" data-e-type=\"column\">\n\t\t\t<div class=\"elementor-widget-wrap elementor-element-populated\">\n\t\t\t\t\t\t<div class=\"elementor-element elementor-element-34f16e8 elementor-widget elementor-widget-text-editor\" data-id=\"34f16e8\" data-element_type=\"widget\" data-e-type=\"widget\" data-widget_type=\"text-editor.default\">\n\t\t\t\t<div class=\"elementor-widget-container\">\n\t\t\t\t\t\t\t\t\t<h4><span style=\"color: #800080;\"><strong>En pratique sur notre territoire<\/strong><\/span><\/h4><p><strong>Pour une demande d\u2019extension ou modification de votre agr\u00e9ment<\/strong>, vous devez faire votre demande par \u00e9crit \u00e0 l\u2019adresse suivante\u00a0:<\/p><p><em>Conseil d\u00e9partemental de Haute-Loire<\/em><\/p><p><em>Service de Protection Maternelle et Infantile<\/em><\/p><p><em>1 place Monseigneur de Galard<\/em><\/p><p><em>43009 Le Puy en Velay<\/em><\/p><p>Ou par mail \u00e0 <a href=\"mailto:michelle.monteil@hauteloire.fr\">michelle.monteil@hauteloire.fr.<\/a><\/p><p><strong>Pour tenir inform\u00e9 votre pu\u00e9ricultrice <\/strong>de toute arriv\u00e9e ou d\u00e9part ou changement d\u2019horaire d\u2019un enfant \u00e0 votre domicile dans les 8 jours, \u00a0voici un exemplaire de la <a href=\"https:\/\/www.6loupiots.fr\/wp-content\/uploads\/2022\/09\/FICHE-DE-LIAISON-ASMAT-NOVEMBRE-202126-1.doc\">FICHE DE LIAISON ASSMAT<\/a>.<\/p><p>Vous devez la transmettre par courrier \u00e0 l\u2019adresse suivante\u00a0:<\/p><ul><li>Pour Monistrol sur Loire, Beauzac : <em>centre m\u00e9dico-social, 6 Avenue du G\u00e9n\u00e9ral Leclerc 43120 Monistrol sur Loire<\/em> ou par mail \u00e0 <a href=\"mailto:genevieve.chasson@hauteloire.fr\">genevieve.chasson@hauteloire.fr.<\/a><\/li><\/ul><ul><li>Pour La Chapelle d\u2019Aurec, Les Villettes, Sainte Sigol\u00e8ne, Saint Pal de Mons :<em> centre m\u00e9dico-social, place jean salque, BP26, 43600 Sainte Sigol\u00e8ne <\/em>ou par mail \u00e0 <a href=\"mailto:emmanuelle.riocreux@hauteloire.fr\">emmanuelle.riocreux@hauteloire.fr.<\/a><\/li><\/ul><p><strong>Pour une question, un accompagnement, <\/strong>vous devez joindre votre pu\u00e9ricultrice de secteur\u00a0:<\/p><p>Pour Monistrol sur Loire et Beauzac, votre pu\u00e9ricultrice est Genevi\u00e8ve Chasson\u00a0; vous pouvez la joindre au 04 71 75 61 00 ou par mail \u00e0 <a href=\"mailto:genevieve.chasson@hauteloire.fr\">genevieve.chasson@hauteloire.fr.<\/a><\/p><p>Pour La Chapelle d\u2019Aurec, Les Villettes, Sainte Sigol\u00e8ne, Saint Pal de Mons, votre pu\u00e9ricultrice est Emmanuelle Riocreux\u00a0; vous pouvez la joindre au 04 71 75 07 40 90 ou par mail \u00e0 <a href=\"mailto:emmanuelle.riocreux@hauteloire.fr\">emmanuelle.riocreux@hauteloire.fr.<\/a><\/p>\t\t\t\t\t\t\t\t<\/div>\n\t\t\t\t<\/div>\n\t\t\t\t\t<\/div>\n\t\t<\/div>\n\t\t\t\t<div class=\"elementor-column elementor-col-33 elementor-top-column elementor-element elementor-element-c4907ea\" data-id=\"c4907ea\" data-element_type=\"column\" data-e-type=\"column\">\n\t\t\t<div class=\"elementor-widget-wrap elementor-element-populated\">\n\t\t\t\t\t\t<div class=\"elementor-element elementor-element-f76d247 elementor-invisible elementor-widget elementor-widget-image\" data-id=\"f76d247\" data-element_type=\"widget\" data-e-type=\"widget\" data-settings=\"{&quot;_animation&quot;:&quot;wobble&quot;}\" data-widget_type=\"image.default\">\n\t\t\t\t<div class=\"elementor-widget-container\">\n\t\t\t\t\t\t\t\t\t\t\t\t\t\t\t<img fetchpriority=\"high\" decoding=\"async\" width=\"426\" height=\"640\" src=\"https:\/\/www.6loupiots.fr\/wp-content\/uploads\/2020\/04\/baby-72224_640.jpg\" class=\"attachment-large size-large wp-image-3974\" alt=\"\" srcset=\"https:\/\/www.6loupiots.fr\/wp-content\/uploads\/2020\/04\/baby-72224_640.jpg 426w, https:\/\/www.6loupiots.fr\/wp-content\/uploads\/2020\/04\/baby-72224_640-200x300.jpg 200w\" sizes=\"(max-width: 426px) 100vw, 426px\" \/>\t\t\t\t\t\t\t\t\t\t\t\t\t\t\t<\/div>\n\t\t\t\t<\/div>\n\t\t\t\t\t<\/div>\n\t\t<\/div>\n\t\t\t\t\t<\/div>\n\t\t<\/section>\n\t\t\t\t<\/div>\n\t\t","protected":false},"excerpt":{"rendered":"<p>Les pu\u00e9ricultrices du service de Protection Maternelle et Infantile sont en charge de l\u2019agr\u00e9ment et du suivi des assistants maternels. La PMI favorise le d\u00e9veloppement et la qualit\u00e9 de l\u2019accueil des jeunes enfants. Les pu\u00e9ricultrices ont le r\u00f4le de suivi et d\u2019accompagnement des assistants maternels. R\u00e9f\u00e9rentiel r\u00e9gissant l\u2019agr\u00e9ment des assistants maternels exer\u00e7ant \u00e0 domicile, R\u00e9f\u00e9rentiel&hellip; <br \/> <a class=\"button small blue\" href=\"https:\/\/www.6loupiots.fr\/?page_id=4295\">Lire la suite<\/a><\/p>\n","protected":false},"author":1,"featured_media":0,"parent":0,"menu_order":0,"comment_status":"closed","ping_status":"closed","template":"","meta":{"_monsterinsights_skip_tracking":false,"_monsterinsights_sitenote_active":false,"_monsterinsights_sitenote_note":"","_monsterinsights_sitenote_category":0,"ngg_post_thumbnail":0,"footnotes":""},"class_list":["post-4295","page","type-page","status-publish","hentry"],"jetpack_sharing_enabled":true,"post_mailing_queue_ids":[],"_links":{"self":[{"href":"https:\/\/www.6loupiots.fr\/index.php?rest_route=\/wp\/v2\/pages\/4295","targetHints":{"allow":["GET"]}}],"collection":[{"href":"https:\/\/www.6loupiots.fr\/index.php?rest_route=\/wp\/v2\/pages"}],"about":[{"href":"https:\/\/www.6loupiots.fr\/index.php?rest_route=\/wp\/v2\/types\/page"}],"author":[{"embeddable":true,"href":"https:\/\/www.6loupiots.fr\/index.php?rest_route=\/wp\/v2\/users\/1"}],"replies":[{"embeddable":true,"href":"https:\/\/www.6loupiots.fr\/index.php?rest_route=%2Fwp%2Fv2%2Fcomments&post=4295"}],"version-history":[{"count":25,"href":"https:\/\/www.6loupiots.fr\/index.php?rest_route=\/wp\/v2\/pages\/4295\/revisions"}],"predecessor-version":[{"id":9330,"href":"https:\/\/www.6loupiots.fr\/index.php?rest_route=\/wp\/v2\/pages\/4295\/revisions\/9330"}],"wp:attachment":[{"href":"https:\/\/www.6loupiots.fr\/index.php?rest_route=%2Fwp%2Fv2%2Fmedia&parent=4295"}],"curies":[{"name":"wp","href":"https:\/\/api.w.org\/{rel}","templated":true}]}}