{"id":3934,"date":"2020-04-17T18:39:40","date_gmt":"2020-04-17T16:39:40","guid":{"rendered":"http:\/\/www.6loupiots.fr\/?page_id=3934"},"modified":"2022-04-22T10:24:51","modified_gmt":"2022-04-22T08:24:51","slug":"je-me-separe-de-mon-assistant-maternel","status":"publish","type":"page","link":"https:\/\/www.6loupiots.fr\/?page_id=3934","title":{"rendered":"Je me s\u00e9pare de mon assistant maternel"},"content":{"rendered":"<p>En cas de rupture du contrat de travail (hors p\u00e9riode d\u2019essai), qu\u2019elle soit \u00e0 votre initiative ou \u00e0 celle de votre salari\u00e9e, la dur\u00e9e minimum du pr\u00e9avis est de :<\/p>\n<ul>\n<li>8 jours calendaires pour une salari\u00e9e ayant moins depuis moins de trois mois ;<\/li>\n<li>15 jours calendaires si l&rsquo;enfant est accueilli depuis trois mois et jusqu&rsquo;\u00e0 moins d&rsquo;un an ;<\/li>\n<li>1 mois calendaire pour une salari\u00e9e ayant plus d\u2019un an d&rsquo;anciennet\u00e9.<\/li>\n<\/ul>\n<p><em>Les jours calendaires comprennent la totalit\u00e9 des jours de la semaine.<\/em><\/p>\n<p>Le point de d\u00e9part du pr\u00e9avis est le premier jour de notification de la rupture. Le pr\u00e9avis n\u2019est pas cumulable avec une p\u00e9riode de cong\u00e9s pay\u00e9s.<\/p>\n<p>&nbsp;<\/p>\n<p><img fetchpriority=\"high\" decoding=\"async\" src=\"https:\/\/www.6loupiots.fr\/wp-content\/uploads\/2020\/04\/kid-1241817_640.jpg\" sizes=\"(max-width: 640px) 100vw, 640px\" srcset=\"https:\/\/www.6loupiots.fr\/wp-content\/uploads\/2020\/04\/kid-1241817_640.jpg 640w, https:\/\/www.6loupiots.fr\/wp-content\/uploads\/2020\/04\/kid-1241817_640-300x225.jpg 300w\" alt=\"\" width=\"640\" height=\"479\"><br \/>\n<img decoding=\"async\" src=\"https:\/\/www.6loupiots.fr\/wp-content\/uploads\/2020\/04\/people-1839564_640.jpg\" sizes=\"(max-width: 640px) 100vw, 640px\" srcset=\"https:\/\/www.6loupiots.fr\/wp-content\/uploads\/2020\/04\/people-1839564_640.jpg 640w, https:\/\/www.6loupiots.fr\/wp-content\/uploads\/2020\/04\/people-1839564_640-300x200.jpg 300w\" alt=\"\" width=\"640\" height=\"426\"><\/p>\n<h3><strong>La rupture \u00e0 l&rsquo;initiative de l&#8217;employeur : le retrait d&rsquo;enfant <\/strong><\/h3>\n<p><em>Julie : \u00ab Mon enfant a grandi et va aller \u00e0 l\u2019\u00e9cole \u00e0 la rentr\u00e9e prochaine. Je n\u2019ai plus besoin de le faire garder par une assistante maternelle. Comment rompre le contrat de ma nounou agr\u00e9\u00e9e ? \u00bb<\/em><\/p>\n<p>Courrier, pr\u00e9avis, indemnit\u00e9s, documents \u00e0 remettre \u2026 Quelles sont les formalit\u00e9s \u00e0 accomplir pour rompre le contrat d\u2019accueil d\u2019une assistante maternelle&nbsp;?<\/p>\n<p>&nbsp;<\/p>\n<h4><strong><u>Le motif de retrait <\/u><\/strong><\/h4>\n<ul>\n<li><strong><u>Le principe : l\u2019absence de motif<\/u><\/strong><\/li>\n<\/ul>\n<p>Vous pouvez rompre le contrat de votre assistant maternel \u00e0 tout moment <strong>sans avoir \u00e0 fournir de justification<\/strong>. La rupture du contrat est libre.<\/p>\n<ul>\n<li><strong><u>Les cas particuliers <\/u><\/strong><\/li>\n<\/ul>\n<p><em>La faute grave ou lourde<\/em><\/p>\n<p>Si vous invoquez une faute grave ou lourde du salari\u00e9 \u00e0 l\u2019appui de la rupture, vous devez imp\u00e9rativement la mentionner dans votre lettre de retrait et d\u00e9tailler les faits reproch\u00e9s. Le retrait pour faute entra\u00eene la rupture imm\u00e9diate du contrat de travail, sans pr\u00e9avis ni indemnit\u00e9 de rupture. Il vous faut donc apporter des \u00e9l\u00e9ments justifiant cette rupture.<\/p>\n<p><em>La suspension ou le retrait d\u2019agr\u00e9ment<\/em><\/p>\n<p>D\u00e8s que vous avez connaissance de la <strong>suspension ou du retrait de l\u2019agr\u00e9ment<\/strong> de votre assistant maternel, vous devez lui envoyer une <strong>lettre recommand\u00e9e notifiant le retrait forc\u00e9 d\u2019enfant<\/strong> et par cons\u00e9quent la rupture imm\u00e9diate de son contrat de travail, sans pr\u00e9avis ni indemnit\u00e9 de rupture. Vous \u00eates en principe inform\u00e9 par le pr\u00e9sident du conseil d\u00e9partemental de la d\u00e9cision de retrait ou de suspension d\u2019agr\u00e9ment.<\/p>\n<h4><strong><u>La proc\u00e9dure <\/u><\/strong><\/h4>\n<p>Pour rompre le contrat de travail de votre assistant maternel, adressez-lui simplement<strong> une lettre de retrait <\/strong>par<strong> courrier recommand\u00e9 avec accus\u00e9 de r\u00e9ception<\/strong>.<\/p>\n<h4><strong><u>Le pr\u00e9avis <\/u><\/strong><\/h4>\n<p>Le contrat ne prend fin qu\u2019\u00e0 l\u2019issue d\u2019un pr\u00e9avis, sauf en cas de retrait pour faute grave ou lourde.<\/p>\n<p>Le pr\u00e9avis commence <strong>le jour de la premi\u00e8re pr\u00e9sentation<\/strong> de la lettre recommand\u00e9e au domicile de l\u2019assistant maternel, m\u00eame s\u2019il ne la r\u00e9ceptionne pas ce jour-l\u00e0.<\/p>\n<p><em><u>Exemple<\/u><\/em><em>&nbsp;: si le courrier est pr\u00e9sent\u00e9 au domicile de votre nounou le 1<sup>er<\/sup> avril 2019, le pr\u00e9avis commence le 1<sup>er<\/sup> avril 2019. Et ce, m\u00eame si elle ne retire le courrier \u00e0 la poste que le 5 avril 2019.<\/em><\/p>\n<p>La dur\u00e9e du pr\u00e9avis d\u00e9pend de l\u2019anciennet\u00e9 de l\u2019assistant maternel \u00e0 la <strong>date d\u2019envoi<\/strong> de votre lettre de retrait&nbsp;:<\/p>\n<ul>\n<li>8 jours calendaires pour une salari\u00e9e ayant moins depuis moins de trois mois ;<\/li>\n<li>15 jours calendaires si l&rsquo;enfant est accueilli depuis trois mois et jusqu&rsquo;\u00e0 moins d&rsquo;un an ;<\/li>\n<li>1 mois calendaire pour une salari\u00e9e ayant plus d\u2019un an d&rsquo;anciennet\u00e9.<\/li>\n<\/ul>\n<p>Pendant le pr\u00e9avis, votre assistant maternel<strong> accueille votre enfant et per\u00e7oit son salaire normalement,<\/strong> comme pr\u00e9vu au contrat.<\/p>\n<p>Vous pouvez d\u00e9cider de ne pas confier votre enfant pendant le pr\u00e9avis mais, dans ce cas, vous r\u00e9mun\u00e9rerez tout de m\u00eame votre salari\u00e9 comme s\u2019il avait travaill\u00e9 pendant cette p\u00e9riode.<\/p>\n<p>Si l\u2019assistant maternel ne souhaite pas effectuer son pr\u00e9avis, il doit obtenir votre accord et n\u2019est alors pas r\u00e9mun\u00e9r\u00e9.<\/p>\n<p>Certains \u00e9v\u00e8nements (cong\u00e9s, accident du travail \u2026) peuvent avoir une influence sur le cours du pr\u00e9avis. Au moindre doute, prenez conseil.<\/p>\n<h4><strong>Le solde de tout compte <\/strong><\/h4>\n<p>\u00c0&nbsp;la fin du pr\u00e9avis, il vous faut calculer et payer les indemnit\u00e9s de fin de contrat :<\/p>\n<ul>\n<li>Le <strong>salaire&nbsp;du dernier mois<\/strong> et\/ou <strong>l\u2019indemnit\u00e9 compensatrice de pr\u00e9avis,<\/strong><\/li>\n<li>La <strong>r\u00e9gularisation des salaires<\/strong> en cas d\u2019accueil sur une ann\u00e9e incompl\u00e8te,<\/li>\n<li><strong>L\u2019indemnit\u00e9 compensatrice de cong\u00e9s pay\u00e9s,<\/strong> c\u2019est-\u00e0-dire le paiement des cong\u00e9s non pris ou non r\u00e9mun\u00e9r\u00e9s au cours du contrat,<\/li>\n<li><strong>L\u2019indemnit\u00e9 de rupture<\/strong>, si votre salari\u00e9 justifie d\u2019une anciennet\u00e9 d\u2019au moins 1 an \u00e0 la date d\u2019envoi du courrier de retrait.<\/li>\n<\/ul>\n<p>&nbsp;<\/p>\n<h3>&nbsp;<strong>La rupture \u00e0 l&rsquo;initiative du salari\u00e9 : la d\u00e9mission <\/strong><\/h3>\n<p><em>Nathalie&nbsp;: \u00ab&nbsp;Ma nounou m\u2019annonce qu\u2019elle d\u00e9m\u00e9nage dans une autre r\u00e9gion et qu\u2019elle ne pourra donc plus garder mon enfant. Elle d\u00e9missionne. Faut-il que je lui demande une lettre&nbsp;?&nbsp;\u00bb<\/em><\/p>\n<p>Votre assistante maternelle d\u00e9missionne. Elle vous parle de pr\u00e9avis, solde de tout compte, documents de fin de contrat \u2026Vous \u00eates perdu&nbsp;? Pas d\u2019inqui\u00e9tude, on vous dit tout.<\/p>\n<h4><strong>La forme de la d\u00e9mission <\/strong><\/h4>\n<p>La d\u00e9mission doit vous \u00eatre adress\u00e9e par lettre recommand\u00e9e avec accus\u00e9 de r\u00e9ception.<\/p>\n<p>Le salari\u00e9 n\u2019a pas \u00e0 justifier sa d\u00e9cision, mais sa volont\u00e9 de d\u00e9missionner doit \u00eatre formul\u00e9e de fa\u00e7on claire et non \u00e9quivoque.<\/p>\n<h4><strong>Le pr\u00e9avis <\/strong><\/h4>\n<p>M\u00eame d\u00e9missionnaire, l\u2019assistant maternel doit respecter un pr\u00e9avis. Le <strong>pr\u00e9avis<\/strong> d\u00e9bute le jour de la premi\u00e8re pr\u00e9sentation de la lettre de d\u00e9mission \u00e0 votre domicile, m\u00eame si vous ne la r\u00e9ceptionnez pas ce jour l\u00e0.<\/p>\n<p>&nbsp;<\/p>\n<p>La <strong>dur\u00e9e du pr\u00e9avis<\/strong> d\u00e9pend de l\u2019anciennet\u00e9 du salari\u00e9 \u00e0 la date d\u2019envoi de sa lettre&nbsp;de d\u00e9mission :<\/p>\n<ul>\n<li>8 jours calendaires pour une salari\u00e9e ayant moins depuis moins de trois mois ;<\/li>\n<li>15 jours calendaires si l&rsquo;enfant est accueilli depuis trois mois et jusqu&rsquo;\u00e0 moins d&rsquo;un an ;<\/li>\n<li>1 mois calendaire pour une salari\u00e9e ayant plus d\u2019un an d&rsquo;anciennet\u00e9.<\/li>\n<\/ul>\n<p>Pendant son pr\u00e9avis l\u2019assistant maternel accueille l\u2019enfant et per\u00e7oit son salaire normalement, comme pr\u00e9vu au contrat.<\/p>\n<p>Vous pouvez d\u00e9cider de ne pas confier votre enfant pendant le pr\u00e9avis mais, dans ce cas, vous r\u00e9mun\u00e9rerez tout de m\u00eame le salari\u00e9 comme s\u2019il avait travaill\u00e9 pendant cette p\u00e9riode.<\/p>\n<p>Si l\u2019assistant maternel ne souhaite pas effectuer son pr\u00e9avis, il doit obtenir votre accord et n\u2019est alors pas r\u00e9mun\u00e9r\u00e9.<\/p>\n<p>Certains \u00e9v\u00e8nements (cong\u00e9s, accident du travail \u2026) peuvent avoir une influence sur le cours du pr\u00e9avis.<\/p>\n<p>Au moindre doute, prenez conseil.<\/p>\n<h4><strong>Le solde de tout compte <\/strong><\/h4>\n<p>A la fin du pr\u00e9avis, il vous faut calculer et payer les indemnit\u00e9s de fin de contrat :<\/p>\n<ul>\n<li>Le <strong>salaire&nbsp;du dernier mois<\/strong> et\/ou <strong>l\u2019indemnit\u00e9 compensatrice de pr\u00e9avis,<\/strong><\/li>\n<li>La <strong>r\u00e9gularisation des salaires<\/strong> en cas d\u2019accueil sur une ann\u00e9e incompl\u00e8te,<\/li>\n<li><strong>L\u2019indemnit\u00e9 compensatrice de cong\u00e9s pay\u00e9s<\/strong> c\u2019est-\u00e0-dire le paiement des cong\u00e9s non pris ou non r\u00e9mun\u00e9r\u00e9s au cours du contrat.<\/li>\n<\/ul>\n<p>Aucune indemnit\u00e9 de d\u00e9part n\u2019est due au salari\u00e9 d\u00e9missionnaire.<\/p>\n<p><strong>Les 3 cas du pr\u00e9avis non effectu\u00e9<\/strong><\/p>\n<ul>\n<li><strong>Si vous dispensez votre assistante maternelle agr\u00e9\u00e9e d\u2019effectuer son pr\u00e9avis<\/strong>, vous devez lui verser une indemnit\u00e9 \u00e9gale au montant de la r\u00e9mun\u00e9ration qu&rsquo;elle aurait per\u00e7ue si elle avait gard\u00e9 votre enfant ;<\/li>\n<li><strong>Si votre assistante maternelle agr\u00e9\u00e9e refuse d\u2019effectuer son pr\u00e9avis<\/strong>, vous pouvez lui demander de vous verser une indemnit\u00e9 \u00e9gale au montant de la r\u00e9mun\u00e9ration qu&rsquo;elle aurait per\u00e7ue ;<\/li>\n<li><strong>Si vous dispensez votre assistante maternelle agr\u00e9\u00e9e d\u2019effectuer son pr\u00e9avis<\/strong>, \u00e0 sa demande, aucune indemnit\u00e9 n\u2019est due.<\/li>\n<\/ul>\n<p><strong>Documents \u00e0 votre disposition&nbsp;:<\/strong><\/p>\n<p>Pour vous aider \u00e0 calculer&nbsp;:<\/p>\n<ul>\n<li><a href=\"https:\/\/www.6loupiots.fr\/wp-content\/uploads\/2022\/02\/Explication-rupture-de-contrat.pdf\">Explication rupture de contrat<\/a><a href=\"http:\/\/www.6loupiots.fr\/wp-content\/uploads\/2020\/04\/Explication-rupture-de-contrat.pdf\" target=\"_blank\" rel=\"noopener\">,<\/a><\/li>\n<li><a href=\"http:\/\/www.6loupiots.fr\/wp-content\/uploads\/2020\/04\/R\u00e9gularisation.pdf\" target=\"_blank\" rel=\"noopener\">La r\u00e9gularisation.<\/a><\/li>\n<\/ul>\n<p>Les documents \u00e0 fournir&nbsp;:<\/p>\n<ul>\n<li><strong><a href=\"https:\/\/www.pajemploi.urssaf.fr\/pajewebinfo\/files\/live\/sites\/pajewebinfo\/files\/contributed\/pdf\/employeur_ama\/2801-CertifTRAVAIL-Pajemploi-Ama-Form.pdf\" target=\"_blank\" rel=\"noopener\">Le certificat de travail,<\/a><\/strong><\/li>\n<li><strong><a href=\"https:\/\/www.pajemploi.urssaf.fr\/pajewebinfo\/files\/live\/sites\/pajewebinfo\/files\/contributed\/pdf\/employeur_ama\/1631-SoldeCompte-Paje.pdf\" target=\"_blank\" rel=\"noopener\">Le solde de tout compte,<\/a><br \/>\n<\/strong><\/li>\n<li><strong>L\u2019attestation employeur (p\u00f4le emploi)<\/strong><\/li>\n<\/ul>\n<p>\u00c0 la rupture du contrat de travail, vous devez compl\u00e9ter une attestation employeur (P\u00f4le emploi) et en remettre un exemplaire papier \u00e0 votre salari\u00e9e pour qu\u2019elle fasse valoir ses droits \u00e0 l&rsquo;assurance ch\u00f4mage.<\/p>\n<p>Cette attestation contient, notamment, des informations relatives \u00e0 l\u2019emploi occup\u00e9 (dur\u00e9e, r\u00e9mun\u00e9ration, motif de la rupture\u2026). C\u2019est \u00e0 partir de ces informations que seront d\u00e9termin\u00e9s la dur\u00e9e et le montant de son indemnisation.<\/p>\n<p><strong>P\u00f4le emploi vous permet de remplir directement en ligne l&rsquo;attestation employeur.<\/strong> Pour acc\u00e9der \u00e0 la saisie en ligne de ce document, vous devez pr\u00e9alablement cr\u00e9er votre espace en ligne sur <a href=\"https:\/\/www.pole-emploi.fr\/employeur\/vous-etes-particulier-employeur-@\/index.jspz?id=889\" target=\"_blank\" rel=\"noreferrer noopener\">P\u00f4le emploi<\/a>. Pensez \u00e0 vous munir de votre num\u00e9ro employeur Pajemploi, il commence par un Y.<\/p>\n<p><strong>Pensez \u00e0 conserver un exemplaire de chaque document remis \u00e0 votre salari\u00e9e.<\/strong><\/p>\n","protected":false},"excerpt":{"rendered":"<p>En cas de rupture du contrat de travail (hors p\u00e9riode d\u2019essai), qu\u2019elle soit \u00e0 votre initiative ou \u00e0 celle de votre salari\u00e9e, la dur\u00e9e minimum du pr\u00e9avis est de : 8 jours calendaires pour une salari\u00e9e ayant moins depuis moins de trois mois ; 15 jours calendaires si l&rsquo;enfant est accueilli depuis trois mois et&hellip; <br \/> <a class=\"button small blue\" href=\"https:\/\/www.6loupiots.fr\/?page_id=3934\">Lire la suite<\/a><\/p>\n","protected":false},"author":1,"featured_media":0,"parent":3548,"menu_order":0,"comment_status":"closed","ping_status":"closed","template":"","meta":{"_monsterinsights_skip_tracking":false,"_monsterinsights_sitenote_active":false,"_monsterinsights_sitenote_note":"","_monsterinsights_sitenote_category":0,"ngg_post_thumbnail":0,"footnotes":""},"class_list":["post-3934","page","type-page","status-publish","hentry"],"jetpack_sharing_enabled":true,"post_mailing_queue_ids":[],"_links":{"self":[{"href":"https:\/\/www.6loupiots.fr\/index.php?rest_route=\/wp\/v2\/pages\/3934","targetHints":{"allow":["GET"]}}],"collection":[{"href":"https:\/\/www.6loupiots.fr\/index.php?rest_route=\/wp\/v2\/pages"}],"about":[{"href":"https:\/\/www.6loupiots.fr\/index.php?rest_route=\/wp\/v2\/types\/page"}],"author":[{"embeddable":true,"href":"https:\/\/www.6loupiots.fr\/index.php?rest_route=\/wp\/v2\/users\/1"}],"replies":[{"embeddable":true,"href":"https:\/\/www.6loupiots.fr\/index.php?rest_route=%2Fwp%2Fv2%2Fcomments&post=3934"}],"version-history":[{"count":26,"href":"https:\/\/www.6loupiots.fr\/index.php?rest_route=\/wp\/v2\/pages\/3934\/revisions"}],"predecessor-version":[{"id":8898,"href":"https:\/\/www.6loupiots.fr\/index.php?rest_route=\/wp\/v2\/pages\/3934\/revisions\/8898"}],"up":[{"embeddable":true,"href":"https:\/\/www.6loupiots.fr\/index.php?rest_route=\/wp\/v2\/pages\/3548"}],"wp:attachment":[{"href":"https:\/\/www.6loupiots.fr\/index.php?rest_route=%2Fwp%2Fv2%2Fmedia&parent=3934"}],"curies":[{"name":"wp","href":"https:\/\/api.w.org\/{rel}","templated":true}]}}