{"id":3913,"date":"2020-04-17T17:20:40","date_gmt":"2020-04-17T15:20:40","guid":{"rendered":"http:\/\/www.6loupiots.fr\/?page_id=3913"},"modified":"2026-03-24T14:49:50","modified_gmt":"2026-03-24T13:49:50","slug":"je-souhaite-telecharger-un-contrat","status":"publish","type":"page","link":"https:\/\/www.6loupiots.fr\/?page_id=3913","title":{"rendered":"Je souhaite t\u00e9l\u00e9charger un contrat"},"content":{"rendered":"\t\t<div data-elementor-type=\"wp-page\" data-elementor-id=\"3913\" class=\"elementor elementor-3913\">\n\t\t\t\t\t\t<section class=\"elementor-section elementor-top-section elementor-element elementor-element-68044cf2 elementor-section-boxed elementor-section-height-default elementor-section-height-default\" data-id=\"68044cf2\" data-element_type=\"section\" data-e-type=\"section\">\n\t\t\t\t\t\t<div class=\"elementor-container elementor-column-gap-default\">\n\t\t\t\t\t<div class=\"elementor-column elementor-col-100 elementor-top-column elementor-element elementor-element-27efd73c\" data-id=\"27efd73c\" data-element_type=\"column\" data-e-type=\"column\">\n\t\t\t<div class=\"elementor-widget-wrap elementor-element-populated\">\n\t\t\t\t\t\t<div class=\"elementor-element elementor-element-445b69b2 elementor-widget elementor-widget-text-editor\" data-id=\"445b69b2\" data-element_type=\"widget\" data-e-type=\"widget\" data-widget_type=\"text-editor.default\">\n\t\t\t\t<div class=\"elementor-widget-container\">\n\t\t\t\t\t\t\t\t\t<p><\/p>\n<p>En fonction de votre situation, nous mettons \u00e0 votre disposition diff\u00e9rents mod\u00e8les de contrats\u00a0:<\/p>\n<p><\/p>\n<p><\/p>\n<p><\/p>\n<p><\/p>\t\t\t\t\t\t\t\t<\/div>\n\t\t\t\t<\/div>\n\t\t\t\t\t<\/div>\n\t\t<\/div>\n\t\t\t\t\t<\/div>\n\t\t<\/section>\n\t\t\t\t<section class=\"elementor-section elementor-top-section elementor-element elementor-element-f1a51eb elementor-section-boxed elementor-section-height-default elementor-section-height-default\" data-id=\"f1a51eb\" data-element_type=\"section\" data-e-type=\"section\">\n\t\t\t\t\t\t<div class=\"elementor-container elementor-column-gap-default\">\n\t\t\t\t\t<div class=\"elementor-column elementor-col-50 elementor-top-column elementor-element elementor-element-0dd35cb\" data-id=\"0dd35cb\" data-element_type=\"column\" data-e-type=\"column\">\n\t\t\t<div class=\"elementor-widget-wrap elementor-element-populated\">\n\t\t\t\t\t\t<div class=\"elementor-element elementor-element-1055b41 elementor-widget elementor-widget-text-editor\" data-id=\"1055b41\" data-element_type=\"widget\" data-e-type=\"widget\" data-widget_type=\"text-editor.default\">\n\t\t\t\t<div class=\"elementor-widget-container\">\n\t\t\t\t\t\t\t\t\t<h4><strong><span class=\"has-inline-color has-vivid-purple-color\">Accueil r\u00e9gulier chez un assistant maternel :<\/span><\/strong><\/h4>\n<ul>\n<li><a href=\"https:\/\/www.6loupiots.fr\/wp-content\/uploads\/2026\/03\/CDI-accueil-52-semaines-RPE-6-loupiots.pdf\">CDI accueil 52 semaines RPE 6 loupiots<\/a><\/li>\n<li>\n<h4><a href=\"https:\/\/www.6loupiots.fr\/wp-content\/uploads\/2026\/03\/CDI-accueil-sur-46-semaines-ou-moins-RPE-6-loupiots.pdf\">CDI accueil sur 46 semaines ou moins RPE 6 loupiots<\/a><\/h4>\n<\/li>\n<li>CDI PAJEMPLOI\u00a0<a href=\"https:\/\/www.6loupiots.fr\/wp-content\/uploads\/2022\/11\/2377-PAJE-CDI-AMA.pdf\">2377-PAJE-CDI-AMA<\/a><a href=\"https:\/\/www.pajemploi.urssaf.fr\/pajewebinfo\/files\/live\/sites\/pajewebinfo\/files\/contributed\/pdf\/employeur_ama\/2377-PAJE-CDI-AMA.pdf\" target=\"_blank\" rel=\"noopener\">.<\/a><\/li>\n<\/ul>\n<p>Au cours de la relation de travail, une des parties peut, pour diff\u00e9rentes raisons personnelles ou professionnelles, souhaiter modifier les termes du contrat de travail. Toute modification d\u2019un \u00e9l\u00e9ment essentiel du contrat de travail doit \u00eatre n\u00e9goci\u00e9e et faire l\u2019objet d\u2019un \u00ab avenant au contrat \u00bb.<\/p>\n<div class=\"row\">\n<div class=\"title-content col-md-12\">\n<h5 class=\"h1\">Modifier le contrat d&rsquo;un assistant maternel<\/h5>\n<p class=\"chapo col-md-7\">Pour bien des raisons, vous pouvez \u00eatre amen\u00e9 \u00e0 devoir modifier les conditions de travail de l&rsquo;assistant maternel qui accueille vos enfants. Devez-vous lui proposer un avenant ?Si vous souhaitez modifier un <strong>\u00e9l\u00e9ment essentiel du contrat<\/strong>, comme la <em>dur\u00e9e du travail<\/em> ou la <em>r\u00e9mun\u00e9ration<\/em>, une proc\u00e9dure particuli\u00e8re doit \u00eatre suivie pour obtenir l\u2019accord du salari\u00e9.<\/p>\n<div class=\"js-anchor-wrapper\" data-anchortarget=\"la-procedure-de-modification-du-contrat-de-travail\">\n<section class=\"section-bottom section-bottom-title-text\">\n<div class=\"container container-sidebar\">\n<div class=\"row\">\n<div class=\"col-md-12\">\n<h4 class=\"h3\">La proc\u00e9dure de modification du contrat de travail<\/h4>\n<div class=\"corps\">\n<p>Vous adressez au salari\u00e9<strong>, <\/strong>une proposition de modification du contrat, qui mentionne l\u2019ensemble des changements envisag\u00e9s.<\/p>\n<p><em><u>Exemple<\/u>\u00a0: si vous souhaitez modifier le temps de travail de votre assistant maternel, il convient \u00e9galement d\u2019indiquer son nouveau salaire mensuel.<\/em><\/p>\n<p>Cette proposition est faite par \u00e9crit\u00a0: par lettre recommand\u00e9e avec accus\u00e9 de r\u00e9ception ou par courrier remis en main propre contre d\u00e9charge.<\/p>\n<p>Veillez \u00e0 laisser \u00e0 l\u2019assistant maternel un <strong>d\u00e9lai de r\u00e9flexion suffisant<\/strong> pour d\u00e9cider librement s\u2019il souhaite accepter ou refuser votre proposition.<\/p>\n<\/div>\n<\/div>\n<\/div>\n<\/div>\n<\/section>\n<\/div>\n<div class=\"js-anchor-wrapper\" data-anchortarget=\"acceptation-ou-refus-du-salarie-quelles-consequences\">\n<section class=\"section-bottom section-bottom-title-text\">\n<div class=\"container container-sidebar\">\n<div class=\"row\">\n<div class=\"col-md-12\">\n<h4 class=\"h3\">Acceptation ou refus du salari\u00e9 : quelles cons\u00e9quences ?<\/h4>\n<div class=\"corps\">\n<ul>\n<li>\n<h4><u>Si l\u2019assistant maternel accepte votre proposition<\/u><\/h4>\n<\/li>\n<\/ul>\n<p>S\u2019il est d\u2019accord, vous signez avec lui un avenant qui liste l\u2019ensemble des modifications apport\u00e9es au contrat. Chaque partie conserve un exemplaire de ce document.<\/p>\n<ul>\n<li>\n<h4><u>Si l\u2019assistant maternel refuse votre proposition<\/u><\/h4>\n<\/li>\n<\/ul>\n<p>Dans ce cas, le contrat se poursuit comme avant, dans les m\u00eames conditions. Il n\u2019y a <strong>pas de rupture automatique <\/strong>de votre relation de travail du fait de ce refus.<\/p>\n<p>Cependant, si vous ne pouvez pas continuer \u00e0 confier votre enfant selon les modalit\u00e9s pr\u00e9vues au contrat, vous avez la possibilit\u00e9 de le rompre en exer\u00e7ant votre <strong>droit de retrait<\/strong>.<\/p>\n<\/div>\n<\/div>\n<\/div>\n<\/div>\n<\/section>\n<\/div>\n<\/div>\n<\/div>\n<ul>\n<li><span style=\"color: #0000ff;\"><strong><a href=\"https:\/\/www.6loupiots.fr\/wp-content\/uploads\/2022\/09\/avenant-contrat.pdf\">Avenant contrat<\/a><\/strong><\/span><\/li>\n<li>\n<h4><a href=\"https:\/\/www.6loupiots.fr\/wp-content\/uploads\/2022\/07\/AVENANT-PAJEMPLOI.pdf\">AVENANT PAJEMPLOI<\/a><\/h4>\n<\/li>\n<\/ul>\t\t\t\t\t\t\t\t<\/div>\n\t\t\t\t<\/div>\n\t\t\t\t\t<\/div>\n\t\t<\/div>\n\t\t\t\t<div class=\"elementor-column elementor-col-50 elementor-top-column elementor-element elementor-element-8868615\" data-id=\"8868615\" data-element_type=\"column\" data-e-type=\"column\">\n\t\t\t<div class=\"elementor-widget-wrap elementor-element-populated\">\n\t\t\t\t\t\t<div class=\"elementor-element elementor-element-bf56b24 elementor-widget elementor-widget-text-editor\" data-id=\"bf56b24\" data-element_type=\"widget\" data-e-type=\"widget\" data-widget_type=\"text-editor.default\">\n\t\t\t\t<div class=\"elementor-widget-container\">\n\t\t\t\t\t\t\t\t\t<h4><strong><span class=\"has-inline-color has-vivid-purple-color\">Accueil en remplacement d&rsquo;une autre assistante maternelle<br \/><\/span><\/strong><\/h4>\n<ul>\n<li><a href=\"https:\/\/www.6loupiots.fr\/wp-content\/uploads\/2022\/11\/6237-PE-Contrat-CDD-Pajemploi-Ama-FORMULAIRE.pdf\" target=\"_blank\" rel=\"noopener\">CDD PAJEMPLOI 6237-PE-Contrat-CDD-Pajemploi-Ama-FORMULAIRE<\/a><\/li>\n<\/ul>\n<p><strong>L&rsquo;indemnit\u00e9 de pr\u00e9carit\u00e9<\/strong><\/p>\n<p>Dans le cas d\u2019un CDD vous devez verser \u00e0 votre salari\u00e9e une indemnit\u00e9 de fin de contrat dite indemnit\u00e9 de pr\u00e9carit\u00e9. Son montant est\u00a0 \u00e9gal \u00e0 10 % de l\u2019ensemble des r\u00e9mun\u00e9rations brutes per\u00e7ues pendant la dur\u00e9e du contrat.<\/p>\n<h4><strong><span class=\"has-inline-color has-vivid-purple-color\">Accueil par une garde d&rsquo;enfants \u00e0 domicile <\/span><\/strong><\/h4>\n<ul>\n<li><a href=\"https:\/\/www.pajemploi.urssaf.fr\/pajewebinfo\/cms\/sites\/pajewebinfo\/accueil\/employeur-de-garde-denfants-a-do\/je-recrute-et-jemploie\/le-contrat-de-travail-a-duree-in.html\" target=\"_blank\" rel=\"noopener\">CDI PAJEMPLOI\u00a0<\/a><\/li>\n<\/ul>\t\t\t\t\t\t\t\t<\/div>\n\t\t\t\t<\/div>\n\t\t\t\t\t<\/div>\n\t\t<\/div>\n\t\t\t\t\t<\/div>\n\t\t<\/section>\n\t\t\t\t<section class=\"elementor-section elementor-top-section elementor-element elementor-element-9df8c51 elementor-section-boxed elementor-section-height-default elementor-section-height-default\" data-id=\"9df8c51\" data-element_type=\"section\" data-e-type=\"section\">\n\t\t\t\t\t\t<div class=\"elementor-container elementor-column-gap-default\">\n\t\t\t\t\t<div class=\"elementor-column elementor-col-50 elementor-top-column elementor-element elementor-element-6a80159\" data-id=\"6a80159\" data-element_type=\"column\" data-e-type=\"column\" data-settings=\"{&quot;background_background&quot;:&quot;gradient&quot;}\">\n\t\t\t<div class=\"elementor-widget-wrap elementor-element-populated\">\n\t\t\t\t\t\t<div class=\"elementor-element elementor-element-76c6dd3 elementor-widget elementor-widget-text-editor\" data-id=\"76c6dd3\" data-element_type=\"widget\" data-e-type=\"widget\" data-widget_type=\"text-editor.default\">\n\t\t\t\t<div class=\"elementor-widget-container\">\n\t\t\t\t\t\t\t\t\t<p>Nous vous mettons \u00e0 disposition la convention collective qui r\u00e9git ces 2 professions :<\/p>\n<ul>\n<li>En cas d\u2019embauche d\u2019un assistant maternel et\/ou d\u2019une garde d\u2019enfants \u00e0 domicile :\u00a0\u00a0<a style=\"font-family: inherit; font-size: inherit; font-style: inherit; font-variant-ligatures: inherit; font-variant-caps: inherit; font-weight: inherit; background-color: transparent;\" href=\"https:\/\/www.fepem.fr\/wp-content\/uploads\/2021\/12\/2021-12-20_CCN-de-la-branche-du-secteur-des-PE-et-de-lEAD-_inte%CC%81gration-des-re%CC%81serves-et-exclusion_FEPEM_BD.pdf\" target=\"_blank\" rel=\"noopener\">Convention nationale des salari\u00e9s du particulier employeur<\/a><span style=\"font-size: inherit; font-style: inherit; font-variant-ligatures: inherit; font-variant-caps: inherit; font-weight: inherit; color: var( --e-global-color-text ); background-color: transparent;\">.<\/span><\/li>\n<\/ul>\t\t\t\t\t\t\t\t<\/div>\n\t\t\t\t<\/div>\n\t\t\t\t\t<\/div>\n\t\t<\/div>\n\t\t\t\t<div class=\"elementor-column elementor-col-50 elementor-top-column elementor-element elementor-element-db88482\" data-id=\"db88482\" data-element_type=\"column\" data-e-type=\"column\">\n\t\t\t<div class=\"elementor-widget-wrap elementor-element-populated\">\n\t\t\t\t\t\t<div class=\"elementor-element elementor-element-ef6f11e elementor-invisible elementor-widget elementor-widget-image\" data-id=\"ef6f11e\" data-element_type=\"widget\" data-e-type=\"widget\" data-settings=\"{&quot;_animation&quot;:&quot;rotateIn&quot;}\" data-widget_type=\"image.default\">\n\t\t\t\t<div class=\"elementor-widget-container\">\n\t\t\t\t\t\t\t\t\t\t\t\t\t\t\t<img fetchpriority=\"high\" decoding=\"async\" width=\"300\" height=\"200\" src=\"https:\/\/www.6loupiots.fr\/wp-content\/uploads\/2020\/04\/photo-2-300x200.jpg\" class=\"attachment-medium size-medium wp-image-3813\" alt=\"\" srcset=\"https:\/\/www.6loupiots.fr\/wp-content\/uploads\/2020\/04\/photo-2-300x200.jpg 300w, https:\/\/www.6loupiots.fr\/wp-content\/uploads\/2020\/04\/photo-2-1024x683.jpg 1024w, https:\/\/www.6loupiots.fr\/wp-content\/uploads\/2020\/04\/photo-2-768x512.jpg 768w, https:\/\/www.6loupiots.fr\/wp-content\/uploads\/2020\/04\/photo-2-1536x1024.jpg 1536w, https:\/\/www.6loupiots.fr\/wp-content\/uploads\/2020\/04\/photo-2-1620x1080.jpg 1620w, https:\/\/www.6loupiots.fr\/wp-content\/uploads\/2020\/04\/photo-2.jpg 1920w\" sizes=\"(max-width: 300px) 100vw, 300px\" \/>\t\t\t\t\t\t\t\t\t\t\t\t\t\t\t<\/div>\n\t\t\t\t<\/div>\n\t\t\t\t\t<\/div>\n\t\t<\/div>\n\t\t\t\t\t<\/div>\n\t\t<\/section>\n\t\t\t\t<\/div>\n\t\t","protected":false},"excerpt":{"rendered":"<p>En fonction de votre situation, nous mettons \u00e0 votre disposition diff\u00e9rents mod\u00e8les de contrats\u00a0: Accueil r\u00e9gulier chez un assistant maternel : CDI accueil 52 semaines RPE 6 loupiots CDI accueil sur 46 semaines ou moins RPE 6 loupiots CDI PAJEMPLOI\u00a02377-PAJE-CDI-AMA. Au cours de la relation de travail, une des parties peut, pour diff\u00e9rentes raisons personnelles&hellip; <br \/> <a class=\"button small blue\" href=\"https:\/\/www.6loupiots.fr\/?page_id=3913\">Lire la suite<\/a><\/p>\n","protected":false},"author":1,"featured_media":0,"parent":3548,"menu_order":0,"comment_status":"closed","ping_status":"closed","template":"","meta":{"_monsterinsights_skip_tracking":false,"_monsterinsights_sitenote_active":false,"_monsterinsights_sitenote_note":"","_monsterinsights_sitenote_category":0,"ngg_post_thumbnail":0,"footnotes":""},"class_list":["post-3913","page","type-page","status-publish","hentry"],"jetpack_sharing_enabled":true,"post_mailing_queue_ids":[],"_links":{"self":[{"href":"https:\/\/www.6loupiots.fr\/index.php?rest_route=\/wp\/v2\/pages\/3913","targetHints":{"allow":["GET"]}}],"collection":[{"href":"https:\/\/www.6loupiots.fr\/index.php?rest_route=\/wp\/v2\/pages"}],"about":[{"href":"https:\/\/www.6loupiots.fr\/index.php?rest_route=\/wp\/v2\/types\/page"}],"author":[{"embeddable":true,"href":"https:\/\/www.6loupiots.fr\/index.php?rest_route=\/wp\/v2\/users\/1"}],"replies":[{"embeddable":true,"href":"https:\/\/www.6loupiots.fr\/index.php?rest_route=%2Fwp%2Fv2%2Fcomments&post=3913"}],"version-history":[{"count":94,"href":"https:\/\/www.6loupiots.fr\/index.php?rest_route=\/wp\/v2\/pages\/3913\/revisions"}],"predecessor-version":[{"id":11369,"href":"https:\/\/www.6loupiots.fr\/index.php?rest_route=\/wp\/v2\/pages\/3913\/revisions\/11369"}],"up":[{"embeddable":true,"href":"https:\/\/www.6loupiots.fr\/index.php?rest_route=\/wp\/v2\/pages\/3548"}],"wp:attachment":[{"href":"https:\/\/www.6loupiots.fr\/index.php?rest_route=%2Fwp%2Fv2%2Fmedia&parent=3913"}],"curies":[{"name":"wp","href":"https:\/\/api.w.org\/{rel}","templated":true}]}}