{"id":3827,"date":"2020-04-17T12:21:43","date_gmt":"2020-04-17T10:21:43","guid":{"rendered":"http:\/\/www.6loupiots.fr\/?page_id=3827"},"modified":"2025-09-04T15:00:45","modified_gmt":"2025-09-04T13:00:45","slug":"je-recherche-un-mode-de-garde2","status":"publish","type":"page","link":"https:\/\/www.6loupiots.fr\/?page_id=3827","title":{"rendered":"Je recherche un mode de garde"},"content":{"rendered":"\t\t<div data-elementor-type=\"wp-page\" data-elementor-id=\"3827\" class=\"elementor elementor-3827\">\n\t\t\t\t\t\t<section class=\"elementor-section elementor-top-section elementor-element elementor-element-44c9e163 elementor-section-boxed elementor-section-height-default elementor-section-height-default\" data-id=\"44c9e163\" data-element_type=\"section\" data-e-type=\"section\">\n\t\t\t\t\t\t<div class=\"elementor-container elementor-column-gap-default\">\n\t\t\t\t\t<div class=\"elementor-column elementor-col-100 elementor-top-column elementor-element elementor-element-35dad772\" data-id=\"35dad772\" data-element_type=\"column\" data-e-type=\"column\">\n\t\t\t<div class=\"elementor-widget-wrap elementor-element-populated\">\n\t\t\t\t\t\t<section class=\"elementor-section elementor-inner-section elementor-element elementor-element-b710720 elementor-section-boxed elementor-section-height-default elementor-section-height-default\" data-id=\"b710720\" data-element_type=\"section\" data-e-type=\"section\">\n\t\t\t\t\t\t<div class=\"elementor-container elementor-column-gap-default\">\n\t\t\t\t\t<div class=\"elementor-column elementor-col-50 elementor-inner-column elementor-element elementor-element-eb8741f\" data-id=\"eb8741f\" data-element_type=\"column\" data-e-type=\"column\">\n\t\t\t<div class=\"elementor-widget-wrap elementor-element-populated\">\n\t\t\t\t\t\t<div class=\"elementor-element elementor-element-4f20568 elementor-widget elementor-widget-text-editor\" data-id=\"4f20568\" data-element_type=\"widget\" data-e-type=\"widget\" data-widget_type=\"text-editor.default\">\n\t\t\t\t<div class=\"elementor-widget-container\">\n\t\t\t\t\t\t\t\t\t<p>Vous souhaitez conna\u00eetre toutes les solutions qui s\u2019offrent \u00e0 vous, les particularit\u00e9s de chacune, leur co\u00fbt, les professionnels du Relais Petite Enfance &#8211; Service Guichet Unique du territoire sont pr\u00e9sents pour vous guider dans chaque \u00e9tape.<\/p><p>Cet accompagnement vous permettra de d\u00e9couvrir les diff\u00e9rentes options qui s\u2019offrent \u00e0 vous, leurs co\u00fbts respectifs et les d\u00e9marches \u00e0 effectuer. Un rendez-vous t\u00e9l\u00e9phonique ou physique vous est propos\u00e9 selon votre convenance.<\/p><p>Le Relais Petite Enfance &#8211; Service Guichet Unique est joignable au 04.15.98.00.42 ou via guichet.unique.ccmvr@gmail.com.<\/p><p><img decoding=\"async\" class=\"alignnone  wp-image-10971\" src=\"https:\/\/www.6loupiots.fr\/wp-content\/uploads\/2025\/04\/GU.png\" alt=\"\" width=\"166\" height=\"183\" \/><\/p><p><strong>Vous recherchez une cr\u00e8che? Un(e) assistant(e) maternel(le)? Dirigez-vous vers le portail famille :<\/strong><\/p><p><a href=\"https:\/\/portailfamilles.marchesduvelayrochebaron.fr\/family\/\" target=\"_blank\" rel=\"noopener\"><strong>Portail famille<\/strong> <strong>de la Communaut\u00e9 de Communes\u00a0<\/strong><strong>Marches du Velay Rochebaron\u00a0\u00a0<\/strong><\/a><\/p><p>Ce portail vous permet de formaliser votre demande d&rsquo;accueil afin d&rsquo;\u00eatre accompagn\u00e9(e) dans vos d\u00e9marches par le Guichet Unique Petite Enfance.<\/p><p>Ces d\u00e9marches sont accessibles 7 jours sur 7 et 24 heures sur 24 depuis un ordinateur, un smartphone ou une tablette via le portail.<\/p><p><img fetchpriority=\"high\" decoding=\"async\" class=\"alignnone wp-image-10966 size-full\" src=\"https:\/\/www.6loupiots.fr\/wp-content\/uploads\/2025\/04\/flyer-guichet-unique-images-0-scaled.jpg\" alt=\"\" width=\"2560\" height=\"1846\" srcset=\"https:\/\/www.6loupiots.fr\/wp-content\/uploads\/2025\/04\/flyer-guichet-unique-images-0-scaled.jpg 2560w, https:\/\/www.6loupiots.fr\/wp-content\/uploads\/2025\/04\/flyer-guichet-unique-images-0-300x216.jpg 300w, https:\/\/www.6loupiots.fr\/wp-content\/uploads\/2025\/04\/flyer-guichet-unique-images-0-1024x738.jpg 1024w, https:\/\/www.6loupiots.fr\/wp-content\/uploads\/2025\/04\/flyer-guichet-unique-images-0-768x554.jpg 768w, https:\/\/www.6loupiots.fr\/wp-content\/uploads\/2025\/04\/flyer-guichet-unique-images-0-1536x1108.jpg 1536w, https:\/\/www.6loupiots.fr\/wp-content\/uploads\/2025\/04\/flyer-guichet-unique-images-0-2048x1477.jpg 2048w, https:\/\/www.6loupiots.fr\/wp-content\/uploads\/2025\/04\/flyer-guichet-unique-images-0-1498x1080.jpg 1498w\" sizes=\"(max-width: 2560px) 100vw, 2560px\" \/><\/p><p><img decoding=\"async\" class=\"alignnone wp-image-10967 size-full\" src=\"https:\/\/www.6loupiots.fr\/wp-content\/uploads\/2025\/04\/flyer-guichet-unique-images-1-scaled.jpg\" alt=\"\" width=\"2560\" height=\"1846\" srcset=\"https:\/\/www.6loupiots.fr\/wp-content\/uploads\/2025\/04\/flyer-guichet-unique-images-1-scaled.jpg 2560w, https:\/\/www.6loupiots.fr\/wp-content\/uploads\/2025\/04\/flyer-guichet-unique-images-1-300x216.jpg 300w, https:\/\/www.6loupiots.fr\/wp-content\/uploads\/2025\/04\/flyer-guichet-unique-images-1-1024x738.jpg 1024w, https:\/\/www.6loupiots.fr\/wp-content\/uploads\/2025\/04\/flyer-guichet-unique-images-1-768x554.jpg 768w, https:\/\/www.6loupiots.fr\/wp-content\/uploads\/2025\/04\/flyer-guichet-unique-images-1-1536x1108.jpg 1536w, https:\/\/www.6loupiots.fr\/wp-content\/uploads\/2025\/04\/flyer-guichet-unique-images-1-2048x1477.jpg 2048w, https:\/\/www.6loupiots.fr\/wp-content\/uploads\/2025\/04\/flyer-guichet-unique-images-1-1498x1080.jpg 1498w\" sizes=\"(max-width: 2560px) 100vw, 2560px\" \/><\/p>\t\t\t\t\t\t\t\t<\/div>\n\t\t\t\t<\/div>\n\t\t\t\t\t<\/div>\n\t\t<\/div>\n\t\t\t\t<div class=\"elementor-column elementor-col-50 elementor-inner-column elementor-element elementor-element-36f25fd\" data-id=\"36f25fd\" data-element_type=\"column\" data-e-type=\"column\">\n\t\t\t<div class=\"elementor-widget-wrap elementor-element-populated\">\n\t\t\t\t\t\t<div class=\"elementor-element elementor-element-07cdee5 elementor-hidden-phone elementor-invisible elementor-widget elementor-widget-image\" data-id=\"07cdee5\" data-element_type=\"widget\" data-e-type=\"widget\" data-settings=\"{&quot;_animation&quot;:&quot;rotateIn&quot;}\" data-widget_type=\"image.default\">\n\t\t\t\t<div class=\"elementor-widget-container\">\n\t\t\t\t\t\t\t\t\t\t\t\t\t\t\t<img loading=\"lazy\" decoding=\"async\" width=\"640\" height=\"426\" src=\"https:\/\/www.6loupiots.fr\/wp-content\/uploads\/2020\/04\/family-457235_640.jpg\" class=\"attachment-large size-large wp-image-16\" alt=\"\" srcset=\"https:\/\/www.6loupiots.fr\/wp-content\/uploads\/2020\/04\/family-457235_640.jpg 640w, https:\/\/www.6loupiots.fr\/wp-content\/uploads\/2020\/04\/family-457235_640-300x200.jpg 300w\" sizes=\"(max-width: 640px) 100vw, 640px\" \/>\t\t\t\t\t\t\t\t\t\t\t\t\t\t\t<\/div>\n\t\t\t\t<\/div>\n\t\t\t\t\t<\/div>\n\t\t<\/div>\n\t\t\t\t\t<\/div>\n\t\t<\/section>\n\t\t\t\t<section class=\"elementor-section elementor-inner-section elementor-element elementor-element-601b76d elementor-section-boxed elementor-section-height-default elementor-section-height-default\" data-id=\"601b76d\" data-element_type=\"section\" data-e-type=\"section\">\n\t\t\t\t\t\t<div class=\"elementor-container elementor-column-gap-narrow\">\n\t\t\t\t\t<div class=\"elementor-column elementor-col-50 elementor-inner-column elementor-element elementor-element-d054561\" data-id=\"d054561\" data-element_type=\"column\" data-e-type=\"column\">\n\t\t\t<div class=\"elementor-widget-wrap elementor-element-populated\">\n\t\t\t\t\t\t<div class=\"elementor-element elementor-element-d1fbbca elementor-widget elementor-widget-text-editor\" data-id=\"d1fbbca\" data-element_type=\"widget\" data-e-type=\"widget\" data-widget_type=\"text-editor.default\">\n\t\t\t\t<div class=\"elementor-widget-container\">\n\t\t\t\t\t\t\t\t\t<p>Prendre RDV avec un professionnel du <b>service Guichet Unique au&nbsp; 04.15.98.00.42<\/b><\/p>\t\t\t\t\t\t\t\t<\/div>\n\t\t\t\t<\/div>\n\t\t\t\t\t<\/div>\n\t\t<\/div>\n\t\t\t\t<div class=\"elementor-column elementor-col-50 elementor-inner-column elementor-element elementor-element-a31c4e3\" data-id=\"a31c4e3\" data-element_type=\"column\" data-e-type=\"column\">\n\t\t\t<div class=\"elementor-widget-wrap elementor-element-populated\">\n\t\t\t\t\t\t<div class=\"elementor-element elementor-element-cdd5271 elementor-widget elementor-widget-button\" data-id=\"cdd5271\" data-element_type=\"widget\" data-e-type=\"widget\" data-widget_type=\"button.default\">\n\t\t\t\t<div class=\"elementor-widget-container\">\n\t\t\t\t\t\t\t\t\t<div class=\"elementor-button-wrapper\">\n\t\t\t\t\t<a class=\"elementor-button elementor-button-link elementor-size-sm\" href=\"https:\/\/monenfant.fr\/web\/guest\/faire-une-demande-de-mode-de-garde-en-ligne\" target=\"_blank\">\n\t\t\t\t\t\t<span class=\"elementor-button-content-wrapper\">\n\t\t\t\t\t\t\t\t\t<span class=\"elementor-button-text\">Prendre contact<\/span>\n\t\t\t\t\t<\/span>\n\t\t\t\t\t<\/a>\n\t\t\t\t<\/div>\n\t\t\t\t\t\t\t\t<\/div>\n\t\t\t\t<\/div>\n\t\t\t\t\t<\/div>\n\t\t<\/div>\n\t\t\t\t\t<\/div>\n\t\t<\/section>\n\t\t\t\t<div class=\"elementor-element elementor-element-3e37c74 elementor-widget-divider--view-line elementor-widget elementor-widget-divider\" data-id=\"3e37c74\" data-element_type=\"widget\" data-e-type=\"widget\" data-widget_type=\"divider.default\">\n\t\t\t\t<div class=\"elementor-widget-container\">\n\t\t\t\t\t\t\t<div class=\"elementor-divider\">\n\t\t\t<span class=\"elementor-divider-separator\">\n\t\t\t\t\t\t<\/span>\n\t\t<\/div>\n\t\t\t\t\t\t<\/div>\n\t\t\t\t<\/div>\n\t\t\t\t<section class=\"elementor-section elementor-inner-section elementor-element elementor-element-b4f5523 elementor-section-boxed elementor-section-height-default elementor-section-height-default\" data-id=\"b4f5523\" data-element_type=\"section\" data-e-type=\"section\">\n\t\t\t\t\t\t<div class=\"elementor-container elementor-column-gap-default\">\n\t\t\t\t\t<div class=\"elementor-column elementor-col-50 elementor-inner-column elementor-element elementor-element-f4cbc16\" data-id=\"f4cbc16\" data-element_type=\"column\" data-e-type=\"column\">\n\t\t\t<div class=\"elementor-widget-wrap elementor-element-populated\">\n\t\t\t\t\t\t<div class=\"elementor-element elementor-element-4c22599 elementor-widget elementor-widget-text-editor\" data-id=\"4c22599\" data-element_type=\"widget\" data-e-type=\"widget\" data-widget_type=\"text-editor.default\">\n\t\t\t\t<div class=\"elementor-widget-container\">\n\t\t\t\t\t\t\t\t\t<h3><strong>Les modes d&rsquo;accueil pr\u00e9sents sur le territoire Marches du Velay-Rochebaron :<\/strong><\/h3><p>Diff\u00e9rents modes d\u2019accueil du jeune enfant (cr\u00e8ches, assistants maternels, gardes d\u2019enfants \u00e0 domicile, etc.) peuvent \u00eatre propos\u00e9s selon vos besoins.<\/p><ul><li><h3><span style=\"text-decoration: underline;\"><strong><span class=\"has-inline-color has-vivid-cyan-blue-color\">Les \u00e9tablissements d\u2019accueil du jeune enfant<\/span><\/strong><\/span><\/h3><\/li><\/ul><p>Ces \u00e9tablissements assurent la prise en charge des enfants par une \u00e9quipe pluridisciplinaire comprenant un directeur et des professionnels de la petite enfance (auxiliaires de pu\u00e9riculture et \u00e9ducateurs de jeunes enfants) directement impliqu\u00e9s dans la vie quotidienne de l\u2019enfant (soins, repas, activit\u00e9s, bien-\u00eatre).<\/p><p>Voici sur le territoire les marches du Velay-Rochebaron, les structures \u00e0 votre disposition :\u00a0<\/p><p><blockquote class=\"wp-embedded-content\" data-secret=\"nGpqxSuWpw\"><a href=\"https:\/\/www.marchesduvelayrochebaron.fr\/a-votre-service\/enfance-et-jeunesse\/creches\/\">Cr\u00e8ches<\/a><\/blockquote><iframe class=\"wp-embedded-content\" sandbox=\"allow-scripts\" security=\"restricted\" style=\"position: absolute; visibility: hidden;\" title=\"\u00ab\u00a0Cr\u00e8ches\u00a0\u00bb &#8212; Communaut\u00e9 de communes Marches du Velay Rochebaron\" src=\"https:\/\/www.marchesduvelayrochebaron.fr\/a-votre-service\/enfance-et-jeunesse\/creches\/embed\/#?secret=oyEw2cpzcU#?secret=nGpqxSuWpw\" data-secret=\"nGpqxSuWpw\" width=\"600\" height=\"338\" frameborder=\"0\" marginwidth=\"0\" marginheight=\"0\" scrolling=\"no\"><\/iframe><\/p><p>Le service Guichet Unique est \u00e0 votre disposition pour vous pr\u00e9senter le fonctionnement des structures collectives du territoire (fonctionnement, projet p\u00e9dagogique, co\u00fbt&#8230;).<\/p><p><strong> Pour r\u00e9aliser votre pr\u00e9-inscription dans les structures collectives de votre choix, vous \u00eates invit\u00e9s, parents et futurs parents, \u00e0 faire une demande au Guichet Unique au 04.15.98.00.42 ou guichet.unique.ccmvr@gmail.com. <\/strong><\/p><p><strong>Vous pouvez effectuer une demande d&rsquo;accueil via le portail famille de la Communaut\u00e9 de Communes Marches du Velay Rochebaron :<a href=\"https:\/\/portailfamilles.marchesduvelayrochebaron.fr\/\" target=\"_blank\" rel=\"noopener\">https:\/\/portailfamilles.marchesduvelayrochebaron.fr\/<\/a><\/strong><\/p><p><strong> Un professionnel du Guichet Unique vous contactera alors pour vous informer et prendre en compte votre pr\u00e9-inscription.<br \/><\/strong><\/p><p><a href=\"https:\/\/www.6loupiots.fr\/wp-content\/uploads\/2025\/04\/reglement-de-fonctionnement-guichet-unique-CCMVR.pdf\">R\u00e8glement de fonctionnement guichet unique CCMVR<\/a><\/p><p><img loading=\"lazy\" decoding=\"async\" class=\"alignnone wp-image-10964 size-full\" src=\"https:\/\/www.6loupiots.fr\/wp-content\/uploads\/2025\/04\/Flyer-comment-faire-sa-demande-daccueil-au-guichet-unique1-scaled.jpg\" alt=\"\" width=\"2560\" height=\"1920\" srcset=\"https:\/\/www.6loupiots.fr\/wp-content\/uploads\/2025\/04\/Flyer-comment-faire-sa-demande-daccueil-au-guichet-unique1-scaled.jpg 2560w, https:\/\/www.6loupiots.fr\/wp-content\/uploads\/2025\/04\/Flyer-comment-faire-sa-demande-daccueil-au-guichet-unique1-300x225.jpg 300w, https:\/\/www.6loupiots.fr\/wp-content\/uploads\/2025\/04\/Flyer-comment-faire-sa-demande-daccueil-au-guichet-unique1-1024x768.jpg 1024w, https:\/\/www.6loupiots.fr\/wp-content\/uploads\/2025\/04\/Flyer-comment-faire-sa-demande-daccueil-au-guichet-unique1-768x576.jpg 768w, https:\/\/www.6loupiots.fr\/wp-content\/uploads\/2025\/04\/Flyer-comment-faire-sa-demande-daccueil-au-guichet-unique1-1536x1152.jpg 1536w, https:\/\/www.6loupiots.fr\/wp-content\/uploads\/2025\/04\/Flyer-comment-faire-sa-demande-daccueil-au-guichet-unique1-2048x1536.jpg 2048w, https:\/\/www.6loupiots.fr\/wp-content\/uploads\/2025\/04\/Flyer-comment-faire-sa-demande-daccueil-au-guichet-unique1-1440x1080.jpg 1440w\" sizes=\"(max-width: 2560px) 100vw, 2560px\" \/><\/p><p><a href=\"https:\/\/www.6loupiots.fr\/wp-content\/uploads\/2025\/04\/Flyer-comment-faire-sa-demande-daccueil-au-guichet-unique1.pdf\">Flyer comment faire sa demande d&rsquo;accueil au guichet unique(1)<\/a><\/p><p>\u00a0<\/p><ul><li><h3><span style=\"text-decoration: underline;\"><strong><span class=\"has-inline-color has-vivid-cyan-blue-color\">L\u2019accueil par un assistant maternel<\/span><\/strong><\/span><\/h3><\/li><\/ul><p><strong><em><u>-Accueil \u00e0 son domicile :<\/u><\/em><\/strong><\/p><p>L\u2019assistant maternel poss\u00e8de un agr\u00e9ment du conseil d\u00e9partemental attestant ses capacit\u00e9s personnelles \u00e0 assurer la sant\u00e9, la s\u00e9curit\u00e9, l\u2019\u00e9veil et le d\u00e9veloppement des enfants pendant le temps d\u2019accueil et le fait qu\u2019il dispose d\u2019un logement offrant des conditions d\u2019accueil et de s\u00e9curit\u00e9 adapt\u00e9es aux jeunes enfants. L\u2019assistant maternel accueille jusqu\u2019\u00e0 quatre enfants maximums simultan\u00e9ment \u00e0 son domicile. Le parent est employeur de l\u2019assistant maternel.Voici un document vous pr\u00e9sentant cette profession: <a href=\"http:\/\/www.6loupiots.fr\/wp-content\/uploads\/2020\/07\/Fiche-technique-CAF-Assistant-Maternel-2020.pdf\">Fiche technique CAF Assistant-Maternel-2020<\/a><\/p><p>Nous disposons d&rsquo;environ <strong>200 assistants maternels<\/strong> sur le territoire Marches du Velay-Rochebaron.<\/p><p><em><strong><u>-Accueil en maison d&rsquo;assistants maternels (Mam) :<\/u><\/strong><\/em><\/p><p>Les Mam regroupent de deux \u00e0 quatre assistants maternels agr\u00e9\u00e9s pour qu\u2019ils exercent leur activit\u00e9 professionnelle dans des locaux ext\u00e9rieurs \u00e0 leur domicile qui garantissent la sant\u00e9, la s\u00e9curit\u00e9 et l\u2019\u00e9veil des enfants. Les Mam regroupent 16 enfants au maximum. Le parent est employeur de l\u2019assistant maternel.<\/p><p>Nous disposons de 4 MAM sur notre territoire :<\/p><ul><li>La MAM \u00ab Les Louveteaux \u00bb \u00e0 Monistrol sur Loire,<\/li><li>La MAM \u00ab Les enfants de Ga\u00efa \u00bb \u00e0 Monistrol sur Loire,<\/li><li>La MAM \u00ab\u00a0Mam&rsquo;aison de Pouzols\u00a0\u00bb \u00e0 Monistrol sur Loire<\/li><li>La MAM \u00ab\u00a0Des Roses et des Choux\u00a0\u00bb \u00e0 Saint Pal de Mons.<\/li><\/ul><p><span class=\"has-inline-color has-very-dark-gray-color\"><span style=\"text-decoration: underline;\"><strong>Si vous souhaitez la liste \u00e0 jour des assistantes maternelles, merci d&rsquo;effectuer une demande via <\/strong><\/span><strong>le site <a href=\"https:\/\/www.monenfant.fr\/trouver-un-mode-d-accueil?p_p_id=fr_monenfant_recherche_portlet_RecherchePortlet_INSTANCE_VnedXuapLnSM&amp;p_p_mode=view&amp;p_p_state=normal&amp;_fr_monenfant_recherche_portlet_RecherchePortlet_INSTANCE_VnedXuapLnSM_recherche-distance-range=4\" target=\"_blank\" rel=\"noopener\">monenfant.fr.<\/a><\/strong><br \/><\/span><\/p><ul><li><h3><span style=\"text-decoration: underline;\"><strong><span class=\"has-inline-color has-vivid-cyan-blue-color\">L\u2019accueil au domicile des parents par une personne salari\u00e9e<\/span><\/strong><\/span><\/h3><\/li><\/ul><p>Le salari\u00e9 \u00e0 domicile garde le ou les enfants d\u2019une seule famille au domicile des parents.<\/p><p>Les parents sont soit employeurs de la garde d\u2019enfants \u00e0 domicile (emploi direct ou recours \u00e0 un organisme mandataire), soit clients d\u2019un organisme prestataire qui met \u00e0 leur disposition un salari\u00e9 et endosse le r\u00f4le de l\u2019employeur \u00e0 la place du parent<\/p>\t\t\t\t\t\t\t\t<\/div>\n\t\t\t\t<\/div>\n\t\t\t\t\t<\/div>\n\t\t<\/div>\n\t\t\t\t<div class=\"elementor-column elementor-col-50 elementor-inner-column elementor-element elementor-element-ec0b77b\" data-id=\"ec0b77b\" data-element_type=\"column\" data-e-type=\"column\">\n\t\t\t<div class=\"elementor-widget-wrap elementor-element-populated\">\n\t\t\t\t\t\t<div class=\"elementor-element elementor-element-17d9433 elementor-widget elementor-widget-text-editor\" data-id=\"17d9433\" data-element_type=\"widget\" data-e-type=\"widget\" data-widget_type=\"text-editor.default\">\n\t\t\t\t<div class=\"elementor-widget-container\">\n\t\t\t\t\t\t\t\t\t<h3><strong>Quel mode d&rsquo;accueil choisir?<\/strong><\/h3><p>Le choix d\u2019un mode d\u2019accueil s\u2019envisage en fonction de la situation professionnelle, familiale, g\u00e9ographique, financi\u00e8re et des souhaits \u00e9ducatifs pour son enfant.<\/p><p><strong>La situation professionnelle<\/strong><\/p><p>Le besoin en mode d\u2019accueil d\u00e9pendra de la situation professionnelle des parents (en emploi ou non, en insertion professionnelle, \u00e0 temps plein ou \u00e0 temps partiel), des horaires de travail, du temps de trajet, etc.<\/p><p>Ces \u00e9l\u00e9ments servent \u00e0 d\u00e9finir le type d\u2019accueil (accueil r\u00e9gulier, occasionnel, horaires atypiques, accueil d\u2019urgence) et le volume d\u2019heures d\u2019accueil n\u00e9cessaire.<\/p><p><strong>La situation familiale<\/strong><\/p><p>Le besoin d\u2019accueil se d\u00e9finit aussi en fonction de la situation familiale: seul(e) ou en couple, suivant la disponibilit\u00e9 de l\u2019entourage, etc.<\/p><p><strong>Le lieu de r\u00e9sidence<\/strong><\/p><p>Le choix d\u00e9pendra \u00e9galement de l\u2019existence d\u2019un ou plusieurs modes d\u2019accueil situ\u00e9(s) \u00e0 proximit\u00e9 du domicile ou du lieu de travail ainsi que des places disponibles.<\/p><p><strong>La situation financi\u00e8re<\/strong><\/p><p>Il convient de prendre en compte les revenus du couple ou du parent seul, le co\u00fbt des diff\u00e9rents modes d\u2019accueil, les aides financi\u00e8res de la Caf et les d\u00e9ductions fiscales.<\/p><p>Les professionnels du Relais Petite Enfance sont l\u00e0 pour vous expliquer ces diff\u00e9rents co\u00fbts<\/p><p><a href=\"https:\/\/monenfant.fr\/web\/guest\/faire-une-demande-de-mode-de-garde-en-ligne\" target=\"_blank\" rel=\"noreferrer noopener\">Prendre RDV avec un professionnel du service Relais Petite Enfance<\/a><\/p><p><strong>Les souhaits \u00e9ducatifs des parents<\/strong><\/p><ul><li><span class=\"has-inline-color has-very-dark-gray-color\"><u>L\u2019accueil individuel<\/u><\/span> : l\u2019accueil par un assistant maternel \u00e0 son domicile ou le recours \u00e0 une garde d\u2019enfants offre un cadre familial plus souple en termes d\u2019horaires, d\u2019accueil d\u2019enfants malades, etc. et favorise un accueil de l\u2019enfant davantage personnalis\u00e9.<\/li><li><span class=\"has-inline-color has-very-dark-gray-color\"><u>L\u2019accueil en structure collective<\/u><\/span> (cr\u00e8che, micro-cr\u00e8che) facilite la vie en collectivit\u00e9 dans des locaux adapt\u00e9s et sous la responsabilit\u00e9 d\u2019une \u00e9quipe pluridisciplinaire.<\/li><\/ul><p><img loading=\"lazy\" decoding=\"async\" class=\"aligncenter wp-image-3979 size-medium\" src=\"http:\/\/www.6loupiots.fr\/wp-content\/uploads\/2020\/04\/kid-1241817_640-300x225.jpg\" alt=\"\" width=\"300\" height=\"225\" srcset=\"https:\/\/www.6loupiots.fr\/wp-content\/uploads\/2020\/04\/kid-1241817_640-300x225.jpg 300w, https:\/\/www.6loupiots.fr\/wp-content\/uploads\/2020\/04\/kid-1241817_640.jpg 640w\" sizes=\"(max-width: 300px) 100vw, 300px\" \/><\/p>\t\t\t\t\t\t\t\t<\/div>\n\t\t\t\t<\/div>\n\t\t\t\t\t<\/div>\n\t\t<\/div>\n\t\t\t\t\t<\/div>\n\t\t<\/section>\n\t\t\t\t\t<\/div>\n\t\t<\/div>\n\t\t\t\t\t<\/div>\n\t\t<\/section>\n\t\t\t\t<section class=\"elementor-section elementor-top-section elementor-element elementor-element-7e49e14 elementor-section-boxed elementor-section-height-default elementor-section-height-default\" data-id=\"7e49e14\" data-element_type=\"section\" data-e-type=\"section\">\n\t\t\t\t\t\t<div class=\"elementor-container elementor-column-gap-default\">\n\t\t\t\t\t<div class=\"elementor-column elementor-col-100 elementor-top-column elementor-element elementor-element-e8552c2\" data-id=\"e8552c2\" data-element_type=\"column\" data-e-type=\"column\">\n\t\t\t<div class=\"elementor-widget-wrap\">\n\t\t\t\t\t\t\t<\/div>\n\t\t<\/div>\n\t\t\t\t\t<\/div>\n\t\t<\/section>\n\t\t\t\t<\/div>\n\t\t","protected":false},"excerpt":{"rendered":"<p>Vous souhaitez conna\u00eetre toutes les solutions qui s\u2019offrent \u00e0 vous, les particularit\u00e9s de chacune, leur co\u00fbt, les professionnels du Relais Petite Enfance &#8211; Service Guichet Unique du territoire sont pr\u00e9sents pour vous guider dans chaque \u00e9tape. Cet accompagnement vous permettra de d\u00e9couvrir les diff\u00e9rentes options qui s\u2019offrent \u00e0 vous, leurs co\u00fbts respectifs et les d\u00e9marches&hellip; <br \/> <a class=\"button small blue\" href=\"https:\/\/www.6loupiots.fr\/?page_id=3827\">Lire la suite<\/a><\/p>\n","protected":false},"author":1,"featured_media":0,"parent":3548,"menu_order":0,"comment_status":"closed","ping_status":"closed","template":"","meta":{"_monsterinsights_skip_tracking":false,"_monsterinsights_sitenote_active":false,"_monsterinsights_sitenote_note":"","_monsterinsights_sitenote_category":0,"ngg_post_thumbnail":0,"footnotes":""},"class_list":["post-3827","page","type-page","status-publish","hentry"],"jetpack_sharing_enabled":true,"post_mailing_queue_ids":[],"_links":{"self":[{"href":"https:\/\/www.6loupiots.fr\/index.php?rest_route=\/wp\/v2\/pages\/3827","targetHints":{"allow":["GET"]}}],"collection":[{"href":"https:\/\/www.6loupiots.fr\/index.php?rest_route=\/wp\/v2\/pages"}],"about":[{"href":"https:\/\/www.6loupiots.fr\/index.php?rest_route=\/wp\/v2\/types\/page"}],"author":[{"embeddable":true,"href":"https:\/\/www.6loupiots.fr\/index.php?rest_route=\/wp\/v2\/users\/1"}],"replies":[{"embeddable":true,"href":"https:\/\/www.6loupiots.fr\/index.php?rest_route=%2Fwp%2Fv2%2Fcomments&post=3827"}],"version-history":[{"count":80,"href":"https:\/\/www.6loupiots.fr\/index.php?rest_route=\/wp\/v2\/pages\/3827\/revisions"}],"predecessor-version":[{"id":11088,"href":"https:\/\/www.6loupiots.fr\/index.php?rest_route=\/wp\/v2\/pages\/3827\/revisions\/11088"}],"up":[{"embeddable":true,"href":"https:\/\/www.6loupiots.fr\/index.php?rest_route=\/wp\/v2\/pages\/3548"}],"wp:attachment":[{"href":"https:\/\/www.6loupiots.fr\/index.php?rest_route=%2Fwp%2Fv2%2Fmedia&parent=3827"}],"curies":[{"name":"wp","href":"https:\/\/api.w.org\/{rel}","templated":true}]}}