{"id":3706,"date":"2020-04-15T15:50:29","date_gmt":"2020-04-15T13:50:29","guid":{"rendered":"http:\/\/www.6loupiots.fr\/?page_id=3706"},"modified":"2022-09-02T06:55:23","modified_gmt":"2022-09-02T04:55:23","slug":"liste-a-jour-des-assistants-maternels","status":"publish","type":"page","link":"https:\/\/www.6loupiots.fr\/?page_id=3706","title":{"rendered":"Je souhaite la liste \u00e0 jour des assistants maternels"},"content":{"rendered":"\t\t<div data-elementor-type=\"wp-page\" data-elementor-id=\"3706\" class=\"elementor elementor-3706\">\n\t\t\t\t\t\t<section class=\"elementor-section elementor-top-section elementor-element elementor-element-ee77f40 elementor-section-stretched elementor-section-boxed elementor-section-height-default elementor-section-height-default\" data-id=\"ee77f40\" data-element_type=\"section\" data-e-type=\"section\" data-settings=\"{&quot;stretch_section&quot;:&quot;section-stretched&quot;}\">\n\t\t\t\t\t\t<div class=\"elementor-container elementor-column-gap-default\">\n\t\t\t\t\t<div class=\"elementor-column elementor-col-100 elementor-top-column elementor-element elementor-element-9512df2\" data-id=\"9512df2\" data-element_type=\"column\" data-e-type=\"column\">\n\t\t\t<div class=\"elementor-widget-wrap elementor-element-populated\">\n\t\t\t\t\t\t<section class=\"elementor-section elementor-inner-section elementor-element elementor-element-ac346f5 elementor-section-boxed elementor-section-height-default elementor-section-height-default\" data-id=\"ac346f5\" data-element_type=\"section\" data-e-type=\"section\">\n\t\t\t\t\t\t<div class=\"elementor-container elementor-column-gap-default\">\n\t\t\t\t\t<div class=\"elementor-column elementor-col-50 elementor-inner-column elementor-element elementor-element-9a84951\" data-id=\"9a84951\" data-element_type=\"column\" data-e-type=\"column\">\n\t\t\t<div class=\"elementor-widget-wrap elementor-element-populated\">\n\t\t\t\t\t\t<div class=\"elementor-element elementor-element-96abb29 elementor-widget elementor-widget-text-editor\" data-id=\"96abb29\" data-element_type=\"widget\" data-e-type=\"widget\" data-widget_type=\"text-editor.default\">\n\t\t\t\t<div class=\"elementor-widget-container\">\n\t\t\t\t\t\t\t\t\t<p><strong><span class=\"has-inline-color has-vivid-purple-color\">Le Relais Petite Enfance est l\u00e0 pour vous aider.<\/span><\/strong><\/p><p>Comme tous les parents, vous cherchez ce qu\u2019il y a de mieux pour votre enfant.<br \/>Parmi tous les <a href=\"https:\/\/monenfant.fr\/trouver-un-mode-d-accueil?p_p_id=fr_monenfant_recherche_portlet_RecherchePortlet_INSTANCE_VnedXuapLnSM&amp;p_p_mode=view&amp;p_p_state=normal&amp;_fr_monenfant_recherche_portlet_RecherchePortlet_INSTANCE_VnedXuapLnSM_recherche-distance-range=4\" target=\"_blank\" rel=\"noreferrer noopener\">modes d\u2019accueil existants<\/a>, vous envisagez de le confier \u00e0 un <strong>assistant\u00a0 maternel agr\u00e9\u00e9<\/strong>. Celui-ci va prendre de l\u2019importance dans sa vie et dans la v\u00f4tre. Aussi est-il indispensable de bien le choisir et de bien d\u00e9marrer avec lui des relations qui vont durer plusieurs ann\u00e9es.<br \/>En d\u00e9veloppant avec lui un climat de confiance mutuelle, c\u2019est le bien-\u00eatre de votre enfant que vous assurez.<br \/><strong>Le Relais Petite Enfance <\/strong>est l\u00e0 pour vous aider et vous informer.<\/p><ul><li>Qu\u2019est-ce\u00a0 qu\u2019un\u00a0 assistant\u00a0 maternel agr\u00e9\u00e9?<\/li><li>Comment le ou la trouver ?<\/li><li>Comment \u00e9tablir les premiers contacts ?<\/li><li>Quels sont vos droits et vos obligations ?<\/li><\/ul><p>Vous souhaitez la liste des assistants maternels de votre commune, merci de nous en faire la demande via le formulaire <a href=\"https:\/\/monenfant.fr\/web\/guest\/faire-une-demande-de-mode-de-garde-en-ligne\" target=\"_blank\" rel=\"noopener\">mon enfant.fr<\/a>.<\/p><p><b>Cependant, vous avez acc\u00e8s aux listes des assistantes maternelles sur le site <a href=\"https:\/\/www.monenfant.fr\/web\/guest\/trouver-un-mode-d-accueil\" target=\"_blank\" rel=\"noreferrer noopener\">monenfant.fr <\/a>\u00e0 tout moment.\u00a0<\/b><\/p><p>Vous pouvez aussi <a href=\"http:\/\/www.6loupiots.fr\/?page_id=4913\">d\u00e9poser une offre d&#8217;emploi<\/a> sur notre site. <span style=\"color: #ff0000;\"><strong>(Hors mois d&rsquo;Ao\u00fbt et semaine entre No\u00ebl et Jour de l&rsquo;An)<\/strong><\/span><\/p>\t\t\t\t\t\t\t\t<\/div>\n\t\t\t\t<\/div>\n\t\t\t\t\t<\/div>\n\t\t<\/div>\n\t\t\t\t<div class=\"elementor-column elementor-col-50 elementor-inner-column elementor-element elementor-element-b91eccf\" data-id=\"b91eccf\" data-element_type=\"column\" data-e-type=\"column\">\n\t\t\t<div class=\"elementor-widget-wrap elementor-element-populated\">\n\t\t\t\t\t\t<div class=\"elementor-element elementor-element-5043a38 elementor-invisible elementor-widget elementor-widget-image\" data-id=\"5043a38\" data-element_type=\"widget\" data-e-type=\"widget\" data-settings=\"{&quot;_animation&quot;:&quot;zoomInUp&quot;}\" data-widget_type=\"image.default\">\n\t\t\t\t<div class=\"elementor-widget-container\">\n\t\t\t\t\t\t\t\t\t\t\t\t\t\t\t<img fetchpriority=\"high\" decoding=\"async\" width=\"768\" height=\"512\" src=\"https:\/\/www.6loupiots.fr\/wp-content\/uploads\/2020\/04\/photo-3-768x512.jpg\" class=\"attachment-medium_large size-medium_large wp-image-3812\" alt=\"\" srcset=\"https:\/\/www.6loupiots.fr\/wp-content\/uploads\/2020\/04\/photo-3-768x512.jpg 768w, https:\/\/www.6loupiots.fr\/wp-content\/uploads\/2020\/04\/photo-3-300x200.jpg 300w, https:\/\/www.6loupiots.fr\/wp-content\/uploads\/2020\/04\/photo-3-1024x683.jpg 1024w, https:\/\/www.6loupiots.fr\/wp-content\/uploads\/2020\/04\/photo-3-1536x1024.jpg 1536w, https:\/\/www.6loupiots.fr\/wp-content\/uploads\/2020\/04\/photo-3-1620x1080.jpg 1620w, https:\/\/www.6loupiots.fr\/wp-content\/uploads\/2020\/04\/photo-3.jpg 1920w\" sizes=\"(max-width: 768px) 100vw, 768px\" \/>\t\t\t\t\t\t\t\t\t\t\t\t\t\t\t<\/div>\n\t\t\t\t<\/div>\n\t\t\t\t\t<\/div>\n\t\t<\/div>\n\t\t\t\t\t<\/div>\n\t\t<\/section>\n\t\t\t\t<div class=\"elementor-element elementor-element-7e2d4fd elementor-widget-divider--view-line elementor-widget elementor-widget-divider\" data-id=\"7e2d4fd\" data-element_type=\"widget\" data-e-type=\"widget\" data-widget_type=\"divider.default\">\n\t\t\t\t<div class=\"elementor-widget-container\">\n\t\t\t\t\t\t\t<div class=\"elementor-divider\">\n\t\t\t<span class=\"elementor-divider-separator\">\n\t\t\t\t\t\t<\/span>\n\t\t<\/div>\n\t\t\t\t\t\t<\/div>\n\t\t\t\t<\/div>\n\t\t\t\t\t<\/div>\n\t\t<\/div>\n\t\t\t\t\t<\/div>\n\t\t<\/section>\n\t\t\t\t<section class=\"elementor-section elementor-top-section elementor-element elementor-element-4f5eda9 elementor-section-boxed elementor-section-height-default elementor-section-height-default\" data-id=\"4f5eda9\" data-element_type=\"section\" data-e-type=\"section\">\n\t\t\t\t\t\t<div class=\"elementor-container elementor-column-gap-default\">\n\t\t\t\t\t<div class=\"elementor-column elementor-col-100 elementor-top-column elementor-element elementor-element-4f27d48\" data-id=\"4f27d48\" data-element_type=\"column\" data-e-type=\"column\">\n\t\t\t<div class=\"elementor-widget-wrap elementor-element-populated\">\n\t\t\t\t\t\t<div class=\"elementor-element elementor-element-54d7bf8 elementor-widget elementor-widget-text-editor\" data-id=\"54d7bf8\" data-element_type=\"widget\" data-e-type=\"widget\" data-widget_type=\"text-editor.default\">\n\t\t\t\t<div class=\"elementor-widget-container\">\n\t\t\t\t\t\t\t\t\t<p><strong><span class=\"has-inline-color has-vivid-purple-color\">Choisir mon assistant maternel<\/span><\/strong><\/p>\n<p>Pour garantir la qualit\u00e9 d\u2019accueil de l\u2019enfant sur la dur\u00e9e, parents et assistants maternels doivent \u00e9tablir une relation de confiance et de respect mutuel. Les premiers contacts sont donc des moments importants qui permettent de faire connaissance et d\u2019\u00e9changer.<\/p>\t\t\t\t\t\t\t\t<\/div>\n\t\t\t\t<\/div>\n\t\t\t\t\t<\/div>\n\t\t<\/div>\n\t\t\t\t\t<\/div>\n\t\t<\/section>\n\t\t\t\t<section class=\"elementor-section elementor-top-section elementor-element elementor-element-4904bfd elementor-section-boxed elementor-section-height-default elementor-section-height-default\" data-id=\"4904bfd\" data-element_type=\"section\" data-e-type=\"section\">\n\t\t\t\t\t\t<div class=\"elementor-container elementor-column-gap-default\">\n\t\t\t\t\t<div class=\"elementor-column elementor-col-100 elementor-top-column elementor-element elementor-element-bc40ad9\" data-id=\"bc40ad9\" data-element_type=\"column\" data-e-type=\"column\">\n\t\t\t<div class=\"elementor-widget-wrap elementor-element-populated\">\n\t\t\t\t\t\t<section class=\"elementor-section elementor-inner-section elementor-element elementor-element-21a0bfe elementor-section-boxed elementor-section-height-default elementor-section-height-default\" data-id=\"21a0bfe\" data-element_type=\"section\" data-e-type=\"section\">\n\t\t\t\t\t\t<div class=\"elementor-container elementor-column-gap-default\">\n\t\t\t\t\t<div class=\"elementor-column elementor-col-50 elementor-inner-column elementor-element elementor-element-1b3cf9d\" data-id=\"1b3cf9d\" data-element_type=\"column\" data-e-type=\"column\">\n\t\t\t<div class=\"elementor-widget-wrap elementor-element-populated\">\n\t\t\t\t\t\t<div class=\"elementor-element elementor-element-aec9981 elementor-widget elementor-widget-text-editor\" data-id=\"aec9981\" data-element_type=\"widget\" data-e-type=\"widget\" data-widget_type=\"text-editor.default\">\n\t\t\t\t<div class=\"elementor-widget-container\">\n\t\t\t\t\t\t\t\t\t<ul><li><span class=\"has-inline-color has-vivid-cyan-blue-color\">Le premier contact t\u00e9l\u00e9phonique<\/span><\/li><\/ul><p>Le premier contact t\u00e9l\u00e9phonique doit vous permettre aux de poser les questions essentielles et de savoir si l&rsquo;assistant maternel peut r\u00e9pondre \u00e0 vos attentes.<\/p><p>Il est important de choisir le bon moment pour appeler en s\u2019assurant de sa propre disponibilit\u00e9 et de celle de son interlocuteur.<\/p><p>Lors de ce premier contact t\u00e9l\u00e9phonique, vous pouvez :<\/p><ul><li>\u00a0Pr\u00e9senter :<ul><li>L\u2019\u00e2ge de votre enfant ou date pr\u00e9vue de l\u2019accouchement<\/li><li>Votre motif de la recherche d\u2019un mode de garde (reprise du travail, socialisation&#8230;)<\/li><\/ul><\/li><li>D\u00e9tailler \u00e0 l&rsquo;assistant maternel votre besoin d\u2019accueil :<ul><li>La date souhait\u00e9e du d\u00e9but de contrat<\/li><li>Le temps d\u2019accueil souhait\u00e9 par semaine (amplitude horaire, nombre de jours)<\/li><\/ul><\/li><li>Prendre connaissance des disponibilit\u00e9s de l\u2019assistant maternel<ul><li>A-t-il de la place disponible pour la p\u00e9riode souhait\u00e9e ?<\/li><li>Quelle est son amplitude horaire ?<\/li><li>L\u2019assistant maternel doit-il aller chercher d&rsquo;autres enfants \u00e0 l&rsquo;\u00e9cole ?<\/li><li>L\u2019assistant maternel a-t-il des enfants ? Quels sont leurs \u00e2ges respectifs ?<\/li><\/ul><\/li><li>S\u2019informer sur les conditions d\u2019accueil en fonction de vos attentes prioritaires :<ul><li>Combien d\u2019enfant sont accueillis ? Quels sont leurs \u00e2ges respectifs ?<\/li><li>Des animaux sont-ils pr\u00e9sents au domicile ?<\/li><li>Se rend-il aux temps d\u2019\u00e9veil collectifs du Relais Petite Enfance ?<\/li><li>L\u2019assistant maternel se d\u00e9place-t-il ? Avec quel moyen de locomotion ?<\/li><\/ul><\/li><\/ul><p>L\u2019assistant voit s&rsquo;il lui est possible d&rsquo;accueillir votre enfant dans le cadre de son agr\u00e9ment. Si le premier \u00e9change est concluant, il convient de pr\u00e9voir un rendez-vous pour une premi\u00e8re rencontre.<\/p><p><img decoding=\"async\" class=\"aligncenter wp-image-3813 size-large\" src=\"http:\/\/www.6loupiots.fr\/wp-content\/uploads\/2020\/04\/photo-2-1024x683.jpg\" alt=\"\" width=\"1024\" height=\"683\" srcset=\"https:\/\/www.6loupiots.fr\/wp-content\/uploads\/2020\/04\/photo-2-1024x683.jpg 1024w, https:\/\/www.6loupiots.fr\/wp-content\/uploads\/2020\/04\/photo-2-300x200.jpg 300w, https:\/\/www.6loupiots.fr\/wp-content\/uploads\/2020\/04\/photo-2-768x512.jpg 768w, https:\/\/www.6loupiots.fr\/wp-content\/uploads\/2020\/04\/photo-2-1536x1024.jpg 1536w, https:\/\/www.6loupiots.fr\/wp-content\/uploads\/2020\/04\/photo-2-1620x1080.jpg 1620w, https:\/\/www.6loupiots.fr\/wp-content\/uploads\/2020\/04\/photo-2.jpg 1920w\" sizes=\"(max-width: 1024px) 100vw, 1024px\" \/><\/p><p><b>Documents \u00e0 votre disposition\u00a0:<\/b><\/p><ul><li><a href=\"http:\/\/www.6loupiots.\/wp-content\/uploads\/2020\/04\/charte-accueil.pdf\" target=\"_blank\" rel=\"noreferrer noopener\">charte d\u2019accueil<\/a><\/li><\/ul>\t\t\t\t\t\t\t\t<\/div>\n\t\t\t\t<\/div>\n\t\t\t\t\t<\/div>\n\t\t<\/div>\n\t\t\t\t<div class=\"elementor-column elementor-col-50 elementor-inner-column elementor-element elementor-element-d6602f4\" data-id=\"d6602f4\" data-element_type=\"column\" data-e-type=\"column\">\n\t\t\t<div class=\"elementor-widget-wrap elementor-element-populated\">\n\t\t\t\t\t\t<div class=\"elementor-element elementor-element-7d7a2fb elementor-widget elementor-widget-text-editor\" data-id=\"7d7a2fb\" data-element_type=\"widget\" data-e-type=\"widget\" data-widget_type=\"text-editor.default\">\n\t\t\t\t<div class=\"elementor-widget-container\">\n\t\t\t\t\t\t\t\t\t<ul>\n<li><span class=\"has-inline-color has-vivid-cyan-blue-color\">La premi\u00e8re rencontre<\/span><\/li>\n<\/ul>\n<p>La premi\u00e8re rencontre se d\u00e9roule si possible en pr\u00e9sence du couple et de l\u2019enfant, et ce, \u00e0 un moment o\u00f9 l\u2019assistant maternel et vous seront suffisamment disponibles.<\/p>\n<p>Les \u00e9changes permettront :<\/p>\n<ul>\n<li>De pr\u00e9senter votre enfant et son environnement familial :<\/li>\n<\/ul>\n<p>Vous pouvez pr\u00e9senter votre enfant et votre organisation familiale. C\u2019est aussi l\u2019occasion de parler des habitudes de votre enfant concernant le sommeil (position, dur\u00e9e, rituel d\u2019endormissement\u2026), l\u2019hygi\u00e8ne, l\u2019alimentation (allaitement, diversification, nombre de repas\u2026) et les activit\u00e9s (centres d\u2019int\u00e9r\u00eats, jeux pr\u00e9f\u00e9r\u00e9s\u2026).<\/p>\n<p>Les besoins sp\u00e9cifiques de votre enfant, tant du point de vue de la sant\u00e9 (allergie, ant\u00e9c\u00e9dents\u2026) que du point de vue affectif (c\u00e2lins, sucette, doudou\u2026), peuvent \u00eatre \u00e9voqu\u00e9s lors de cet entretien.<\/p>\n<p>Parler de votre ressenti et de vos appr\u00e9hensions en tant que parent (concernant la s\u00e9paration ou les pratiques \u00e9ducatives par exemple) permet d\u2019\u00e9tablir une relation de confiance avec l\u2019assistant maternel.<\/p>\n<p>Si les parents ont engag\u00e9 d\u2019autres d\u00e9marches pour l\u2019accueil de leur enfant (rencontre d\u2019autres assistants maternels, pr\u00e9inscription en cr\u00e8che&#8230;), il est pr\u00e9conis\u00e9 d\u2019en informer l\u2019assistant maternel.<\/p>\n<ul>\n<li>A l\u2019assistant maternel de se pr\u00e9senter :<\/li>\n<\/ul>\n<p>L\u2019assistant maternel peut expliquer son parcours professionnel : agr\u00e9ment, formations r\u00e9alis\u00e9es (formation aux premiers secours par exemple), ses exp\u00e9riences et motivations&#8230;<\/p>\n<p>Il pr\u00e9sente souvent l\u2019environnement dans lequel l\u2019enfant pourrait \u00eatre amen\u00e9 \u00e0 \u00e9voluer : le nombre de personnes vivant \u00e0 domicile, la pr\u00e9sence d\u2019animaux, les espaces de sommeil et de jeux\u2026<\/p>\n<p>L\u2019assistant maternel peut \u00e9galement mettre en valeur sa participation aux temps d\u2019\u00e9veil du relais petite enfance ou les sorties \u00e0 la biblioth\u00e8que et ludoth\u00e8que.<\/p>\n<ul>\n<li>A vous et \u00e0 l\u2019assistant maternel de d\u00e9tailler les conditions d\u2019accueil de l\u2019enfant :<\/li>\n<\/ul>\n<p>Les questions au sujet des conditions d\u2019accueil peuvent \u00eatre nombreuses et sont \u00e0 adapter en fonction de vos besoins. Elles peuvent concerner :<\/p>\n<ul>\n<li>Les activit\u00e9s propos\u00e9es.<\/li>\n<li>Vos principes \u00e9ducatifs et ceux de l\u2019assistant maternel.<\/li>\n<li>Les moyens de transmission : cahier de liaison ou \u00e9change oral.<\/li>\n<li>Les jours et horaires de l\u2019accueil.<\/li>\n<li>Le mat\u00e9riel \u00e0 fournir (couches\u2026).<\/li>\n<li>La pr\u00e9paration des repas.<\/li>\n<li>Les d\u00e9placements (p\u00e9riscolaires, sorties) et moyens de transport.<\/li>\n<li>Les trajets scolaires r\u00e9alis\u00e9s, s\u2019il se rend aux \u00e9coles publiques et priv\u00e9es<\/li>\n<\/ul>\n<ul>\n<li>Les cong\u00e9s des parents et de l\u2019assistant maternel.<\/li>\n<li>L\u2019accueil ou non de l\u2019enfant malade<\/li>\n<li>L\u2019organisation en cas d\u2019absence de l\u2019assistant maternel (formation, maladie, maternit\u00e9&#8230;).<\/li>\n<li>Les modalit\u00e9s du contrat de travail : r\u00e9mun\u00e9ration, indemnit\u00e9s, fonctionnement (cong\u00e9s&#8230;).<\/li>\n<\/ul>\n<p>Apr\u00e8s cette premi\u00e8re rencontre, il convient de prendre le temps de la r\u00e9flexion et fixer une date pour faire part de sa d\u00e9cision<\/p>\t\t\t\t\t\t\t\t<\/div>\n\t\t\t\t<\/div>\n\t\t\t\t\t<\/div>\n\t\t<\/div>\n\t\t\t\t\t<\/div>\n\t\t<\/section>\n\t\t\t\t\t<\/div>\n\t\t<\/div>\n\t\t\t\t\t<\/div>\n\t\t<\/section>\n\t\t\t\t<\/div>\n\t\t","protected":false},"excerpt":{"rendered":"<p>Le Relais Petite Enfance est l\u00e0 pour vous aider. Comme tous les parents, vous cherchez ce qu\u2019il y a de mieux pour votre enfant.Parmi tous les modes d\u2019accueil existants, vous envisagez de le confier \u00e0 un assistant\u00a0 maternel agr\u00e9\u00e9. Celui-ci va prendre de l\u2019importance dans sa vie et dans la v\u00f4tre. Aussi est-il indispensable de&hellip; <br \/> <a class=\"button small blue\" href=\"https:\/\/www.6loupiots.fr\/?page_id=3706\">Lire la suite<\/a><\/p>\n","protected":false},"author":1,"featured_media":0,"parent":3548,"menu_order":0,"comment_status":"closed","ping_status":"closed","template":"","meta":{"_monsterinsights_skip_tracking":false,"_monsterinsights_sitenote_active":false,"_monsterinsights_sitenote_note":"","_monsterinsights_sitenote_category":0,"ngg_post_thumbnail":0,"footnotes":""},"class_list":["post-3706","page","type-page","status-publish","hentry"],"jetpack_sharing_enabled":true,"post_mailing_queue_ids":[],"_links":{"self":[{"href":"https:\/\/www.6loupiots.fr\/index.php?rest_route=\/wp\/v2\/pages\/3706","targetHints":{"allow":["GET"]}}],"collection":[{"href":"https:\/\/www.6loupiots.fr\/index.php?rest_route=\/wp\/v2\/pages"}],"about":[{"href":"https:\/\/www.6loupiots.fr\/index.php?rest_route=\/wp\/v2\/types\/page"}],"author":[{"embeddable":true,"href":"https:\/\/www.6loupiots.fr\/index.php?rest_route=\/wp\/v2\/users\/1"}],"replies":[{"embeddable":true,"href":"https:\/\/www.6loupiots.fr\/index.php?rest_route=%2Fwp%2Fv2%2Fcomments&post=3706"}],"version-history":[{"count":54,"href":"https:\/\/www.6loupiots.fr\/index.php?rest_route=\/wp\/v2\/pages\/3706\/revisions"}],"predecessor-version":[{"id":9268,"href":"https:\/\/www.6loupiots.fr\/index.php?rest_route=\/wp\/v2\/pages\/3706\/revisions\/9268"}],"up":[{"embeddable":true,"href":"https:\/\/www.6loupiots.fr\/index.php?rest_route=\/wp\/v2\/pages\/3548"}],"wp:attachment":[{"href":"https:\/\/www.6loupiots.fr\/index.php?rest_route=%2Fwp%2Fv2%2Fmedia&parent=3706"}],"curies":[{"name":"wp","href":"https:\/\/api.w.org\/{rel}","templated":true}]}}