{"id":106,"date":"2020-04-11T17:33:19","date_gmt":"2020-04-11T15:33:19","guid":{"rendered":"http:\/\/test6loupiots\/?page_id=106"},"modified":"2021-04-12T21:26:21","modified_gmt":"2021-04-12T19:26:21","slug":"one-page-express","status":"publish","type":"page","link":"https:\/\/www.6loupiots.fr\/","title":{"rendered":"Front Page"},"content":{"rendered":"<div  data-label=\"Services\" data-id=\"stripped-features-image-cards-section\" data-category=\"overlapable\" data-=\"\" class=\"features-image-cards-section stripped-features-image-cards-section\" data-overlap=\"true\" id=\"services\" style=\"background-color: rgb(255, 255, 255);\"> <div  class=\"gridContainer\"> <div  class=\"features-image-cards-innerrow flexbox-list\" data-type=\"row\">    <div  class=\"features-image-cards-cardcol cp6cols-tablet cp2cols\"> <div  class=\"features-image-cards-cardrow\"><img decoding=\"async\"  class=\"features-image-cards-featimg\" src=\"https:\/\/www.6loupiots.fr\/\/wp-content\/uploads\/2020\/04\/parents-406325_640.jpg\"> <div  class=\"features-image-cards-cardtextrow\" data-type=\"column\">   <hr  class=\"features-image-cards-separator\"> <a href=\"https:\/\/www.6loupiots.fr?page_id=3548\" class=\"\" target=\"_self\" rel=\"noopener noreferrer\">Parents<\/a><\/div> <\/div> <\/div><div  class=\"features-image-cards-cardcol cp6cols-tablet cp2cols\"> <div  class=\"features-image-cards-cardrow\"><img decoding=\"async\"  class=\"features-image-cards-featimg\" src=\"https:\/\/www.6loupiots.fr\/\/wp-content\/uploads\/2020\/04\/painting-1207945_640.jpg\"> <div  class=\"features-image-cards-cardtextrow\" data-type=\"column\">   <hr  class=\"features-image-cards-separator\"> <a href=\"https:\/\/www.6loupiots.fr?page_id=4108\" class=\"\" target=\"_self\" rel=\"noopener noreferrer\">Assistants maternels<\/a><\/div> <\/div> <\/div><div  class=\"features-image-cards-cardcol cp6cols-tablet cp2cols\"> <div  class=\"features-image-cards-cardrow\"><img decoding=\"async\"  class=\"features-image-cards-featimg\" src=\"https:\/\/www.6loupiots.fr\/wp-content\/uploads\/2021\/04\/evail.png\" alt=\"\"> <div  class=\"features-image-cards-cardtextrow\" data-type=\"column\">   <hr  class=\"features-image-cards-separator\"> <a href=\"https:\/\/www.6loupiots.fr?page_id=7316\" class=\"\" target=\"_self\" rel=\"noopener noreferrer\">Eveil du jeune enfant<\/a><\/div> <\/div> <\/div><div  class=\"features-image-cards-cardcol cp6cols-tablet cp2cols\"> <div  class=\"features-image-cards-cardrow\"><img decoding=\"async\"  class=\"features-image-cards-featimg\" src=\"https:\/\/www.6loupiots.fr\/wp-content\/uploads\/2020\/04\/cropped-relais-4.jpg\" alt=\"\"> <div  class=\"features-image-cards-cardtextrow\" data-type=\"column\">   <hr  class=\"features-image-cards-separator\"> <a href=\"https:\/\/www.6loupiots.fr?page_id=3554\" class=\"\" target=\"_self\" rel=\"noopener noreferrer\">Relais Petite Enfance<\/a><\/div> <\/div> <\/div><div  class=\"features-image-cards-cardcol cp6cols-tablet cp2cols\"> <div  class=\"features-image-cards-cardrow\"><img decoding=\"async\"  class=\"features-image-cards-featimg\" src=\"https:\/\/www.6loupiots.fr\/wp-content\/uploads\/2020\/04\/cropped-micro-cr\u00e8che-Monistrol-5.jpg\" alt=\"\"> <div  class=\"features-image-cards-cardtextrow\" data-type=\"column\">   <hr  class=\"features-image-cards-separator\"> <a href=\"https:\/\/www.6loupiots.fr?page_id=3563\" class=\"\" target=\"_self\" rel=\"noopener noreferrer\">Micro-cr\u00e8che<\/a><\/div> <\/div> <\/div><\/div> <\/div><\/div><div  id=\"actualites\" style=\"background-color: rgb(255, 255, 255);\" data-label=\"Actualites\" data-id=\"blog-section\" data-category=\"latest_news\" class=\"blog-section\"> <div  class=\"gridContainer\"> <div  class=\"blog-textrow\"> <div  class=\"blog-textcol dynamic-color\" data-type=\"column\"> <h2  class=\"\">Derni\u00e8res Actualit\u00e9s<\/h2>  <a href=\"https:\/\/www.6loupiots.fr?page_id=4029\" class=\"\" target=\"_self\" rel=\"noopener noreferrer\">Abonnez-vous aux publications!<\/a><\/div> <\/div> <div  class=\"blog-postsrow dark-text\" data-type=\"row\" data-dynamic-columns=\"one_page_express_latest_news_columns\" data-content-shortcode=\"one_page_express_latest_news\">\t\t\t<div id=\"post-11453\" class=\"blog-postcol cp4cols\">\n\t\t\t<div class=\"post-content\">\n\t\t\t\t\t\t\t\t\t<a class=\"post-list-item-thumb\" href=\"https:\/\/www.6loupiots.fr\/?p=11453\">\n\t\t\t\t\t\t<img fetchpriority=\"high\" decoding=\"async\" width=\"432\" height=\"640\" src=\"https:\/\/www.6loupiots.fr\/wp-content\/uploads\/2020\/04\/ambulance-2166079_640.jpg\" class=\"attachment-post-thumbnail size-post-thumbnail wp-post-image\" alt=\"\" srcset=\"https:\/\/www.6loupiots.fr\/wp-content\/uploads\/2020\/04\/ambulance-2166079_640.jpg 432w, https:\/\/www.6loupiots.fr\/wp-content\/uploads\/2020\/04\/ambulance-2166079_640-203x300.jpg 203w\" sizes=\"(max-width: 432px) 100vw, 432px\" \/>\t\t\t\t\t<\/a>\n\t\t\t\t\t\t\t\t<div class=\"row_345\">\n\t\t\t\t\t<h3 class=\"blog-title\">\n\t\t\t\t\t\t<a href=\"https:\/\/www.6loupiots.fr\/?p=11453\" rel=\"bookmark\">\n\t\t\t\t\t\t\tLa m\u00e9decine du travail pour les assistantes maternelles un enjeu de pr\u00e9vention\t\t\t\t\t\t<\/a>\n\t\t\t\t\t<\/h3>\n\t\t\t\t\t<p>Le m\u00e9tier d\u2019assistante maternelle demande une grande disponibilit\u00e9 physique et \u00e9motionnelle. Port des enfants, fatigue, troubles musculosquelettiques, risques infectieux ou charge mentale : les enjeux de sant\u00e9 au travail sont[&hellip;]<\/p>\n\t\t\t\t\t<a class=\"button blue small\" href=\"https:\/\/www.6loupiots.fr\/?p=11453\">\n\t\t\t\t\t\t<span data-theme=\"one_page_express_latest_news_read_more\">Read more<\/span>\n\t\t\t\t\t<\/a>\n\t\t\t\t\t<hr class=\"blog-separator\">\n<div class=\"post-header\">\n    <i class=\"font-icon-post fa fa-user\"><\/i>\n    <a href=\"https:\/\/www.6loupiots.fr\/?author=5\" title=\"Articles par 6loupiots\" rel=\"author\">6loupiots<\/a>    <i class=\"font-icon-post fa fa-calendar\"><\/i>\n    <span class=\"span12\">13\/05\/2026<\/span>\n\n    <i class=\"font-icon-post fa fa-comment-o\"><\/i>\n    <span>0<\/span>\n<\/div>\t\t\t\t<\/div>\n\t\t\t<\/div>\n\t\t<\/div>\n\t\t\t\t<div id=\"post-11448\" class=\"blog-postcol cp4cols\">\n\t\t\t<div class=\"post-content\">\n\t\t\t\t\t\t\t\t\t<a class=\"post-list-item-thumb\" href=\"https:\/\/www.6loupiots.fr\/?p=11448\">\n\t\t\t\t\t\t<img decoding=\"async\" width=\"1024\" height=\"1024\" src=\"https:\/\/www.6loupiots.fr\/wp-content\/uploads\/2026\/05\/enfantquiaimemanger-1024x1024.webp\" class=\"attachment-post-thumbnail size-post-thumbnail wp-post-image\" alt=\"\" srcset=\"https:\/\/www.6loupiots.fr\/wp-content\/uploads\/2026\/05\/enfantquiaimemanger-1024x1024.webp 1024w, https:\/\/www.6loupiots.fr\/wp-content\/uploads\/2026\/05\/enfantquiaimemanger-300x300.webp 300w, https:\/\/www.6loupiots.fr\/wp-content\/uploads\/2026\/05\/enfantquiaimemanger-150x150.webp 150w, https:\/\/www.6loupiots.fr\/wp-content\/uploads\/2026\/05\/enfantquiaimemanger-768x768.webp 768w, https:\/\/www.6loupiots.fr\/wp-content\/uploads\/2026\/05\/enfantquiaimemanger-1536x1536.webp 1536w, https:\/\/www.6loupiots.fr\/wp-content\/uploads\/2026\/05\/enfantquiaimemanger-2048x2048.webp 2048w, https:\/\/www.6loupiots.fr\/wp-content\/uploads\/2026\/05\/enfantquiaimemanger-1080x1080.webp 1080w\" sizes=\"(max-width: 1024px) 100vw, 1024px\" \/>\t\t\t\t\t<\/a>\n\t\t\t\t\t\t\t\t<div class=\"row_345\">\n\t\t\t\t\t<h3 class=\"blog-title\">\n\t\t\t\t\t\t<a href=\"https:\/\/www.6loupiots.fr\/?p=11448\" rel=\"bookmark\">\n\t\t\t\t\t\t\tProposition de formation : Troubles de l\u2019oralit\u00e9 chez le jeune enfant : comprendre, rep\u00e9rer, accompagner\t\t\t\t\t\t<\/a>\n\t\t\t\t\t<\/h3>\n\t\t\t\t\t<p>Manger ne devrait jamais \u00eatre une source d\u2019angoisse pour un enfant.Pourtant, certains b\u00e9b\u00e9s et jeunes enfants rencontrent des difficult\u00e9s d\u00e8s les premiers repas : refus alimentaires, hypersensibilit\u00e9, troubles de la[&hellip;]<\/p>\n\t\t\t\t\t<a class=\"button blue small\" href=\"https:\/\/www.6loupiots.fr\/?p=11448\">\n\t\t\t\t\t\t<span data-theme=\"one_page_express_latest_news_read_more\">Read more<\/span>\n\t\t\t\t\t<\/a>\n\t\t\t\t\t<hr class=\"blog-separator\">\n<div class=\"post-header\">\n    <i class=\"font-icon-post fa fa-user\"><\/i>\n    <a href=\"https:\/\/www.6loupiots.fr\/?author=5\" title=\"Articles par 6loupiots\" rel=\"author\">6loupiots<\/a>    <i class=\"font-icon-post fa fa-calendar\"><\/i>\n    <span class=\"span12\">12\/05\/2026<\/span>\n\n    <i class=\"font-icon-post fa fa-comment-o\"><\/i>\n    <span>0<\/span>\n<\/div>\t\t\t\t<\/div>\n\t\t\t<\/div>\n\t\t<\/div>\n\t\t\t\t<div id=\"post-11443\" class=\"blog-postcol cp4cols\">\n\t\t\t<div class=\"post-content\">\n\t\t\t\t\t\t\t\t\t<a class=\"post-list-item-thumb\" href=\"https:\/\/www.6loupiots.fr\/?p=11443\">\n\t\t\t\t\t\t<img decoding=\"async\" width=\"600\" height=\"570\" src=\"https:\/\/www.6loupiots.fr\/wp-content\/uploads\/2024\/09\/image.png\" class=\"attachment-post-thumbnail size-post-thumbnail wp-post-image\" alt=\"\" srcset=\"https:\/\/www.6loupiots.fr\/wp-content\/uploads\/2024\/09\/image.png 600w, https:\/\/www.6loupiots.fr\/wp-content\/uploads\/2024\/09\/image-300x285.png 300w\" sizes=\"(max-width: 600px) 100vw, 600px\" \/>\t\t\t\t\t<\/a>\n\t\t\t\t\t\t\t\t<div class=\"row_345\">\n\t\t\t\t\t<h3 class=\"blog-title\">\n\t\t\t\t\t\t<a href=\"https:\/\/www.6loupiots.fr\/?p=11443\" rel=\"bookmark\">\n\t\t\t\t\t\t\tJeudi 21 mai temps parents-enfants avec notre psychomotricienne Les Villettes\t\t\t\t\t\t<\/a>\n\t\t\t\t\t<\/h3>\n\t\t\t\t\t\t\t\t\t\t<a class=\"button blue small\" href=\"https:\/\/www.6loupiots.fr\/?p=11443\">\n\t\t\t\t\t\t<span data-theme=\"one_page_express_latest_news_read_more\">Read more<\/span>\n\t\t\t\t\t<\/a>\n\t\t\t\t\t<hr class=\"blog-separator\">\n<div class=\"post-header\">\n    <i class=\"font-icon-post fa fa-user\"><\/i>\n    <a href=\"https:\/\/www.6loupiots.fr\/?author=5\" title=\"Articles par 6loupiots\" rel=\"author\">6loupiots<\/a>    <i class=\"font-icon-post fa fa-calendar\"><\/i>\n    <span class=\"span12\">11\/05\/2026<\/span>\n\n    <i class=\"font-icon-post fa fa-comment-o\"><\/i>\n    <span>0<\/span>\n<\/div>\t\t\t\t<\/div>\n\t\t\t<\/div>\n\t\t<\/div>\n\t\t<\/div> <div  class=\"blog-textcol\"> <a  class=\"button blue\" data-attr-shortcode=\"href:one_page_express_blog_link\" href=\"https:\/\/www.6loupiots.fr\/?page_id=45\">Voir tous les autres articles<\/a> <\/div> <\/div><\/div><div  id=\"contact\" data-label=\"Contact\" data-id=\"cta-blue-section\" data-category=\"cta\" class=\"cta-blue-section\"> <div  class=\"gridContainer\"> <div  class=\"flexbox-list flexbox-list-align-center row\"> <div  class=\"cta-blue-textcol dynamic-color\"> <h2  class=\"cta-blue-text\"> <b  class=\"element2\">Une question? <\/b>Un Rendez-vous?<\/h2> <\/div> <div  class=\"cta-blue-btncol\"> <a class=\"button big yellow dark-text\" href=\"https:\/\/www.6loupiots.fr?page_id=134\" target=\"_self\" rel=\"noopener noreferrer\"> Contactez nous <\/a> <\/div> <\/div> <\/div> <\/div><div  id=\"gallerie\" style=\"background-color: rgb(255, 255, 255);\" data-label=\"Gallerie\" data-id=\"portfolio-full-section\" data-category=\"portfolio\"> <div  class=\"portfolio-full-section\" data-type=\"row\"> <div  class=\"portfolio-full-projectco cp4cols-tablet cp2cols\"> <div  class=\"contentswap-effect ContentSwap103\" hover-fx=\"ContentSwap103\" id=\"ContentSwap103\"> <div  class=\"ContentSwap103_content initial-image\"><img decoding=\"async\"  class=\"portfolio-full-projectimg\" data-size=\"1200x800\" src=\"https:\/\/www.6loupiots.fr\/\/wp-content\/uploads\/2015\/04\/cropped-beauzac-2.jpg\"> <\/div> <div  class=\"overlay\" style=\"display: block; opacity: 1;\"><\/div> <div  class=\"swap-inner\" style=\"opacity: 1; display: block;\"> <div  class=\"ContentSwap103-center\"> <h4  class=\"protfolio-full-itemtitle\">Photos Beauzac<\/h4><a class=\"button yellow\" href=\"https:\/\/www.6loupiots.fr?page_id=1899\" target=\"_self\" rel=\"noopener noreferrer\">Voir<\/a> <\/div> <\/div> <\/div> <\/div> <div  class=\"portfolio-full-projectco cp4cols-tablet cp2cols\"> <div  class=\"contentswap-effect ContentSwap103\" hover-fx=\"ContentSwap103\" id=\"ContentSwap103\" is-hovered=\"1\"> <div  class=\"ContentSwap103_content initial-image\"><img decoding=\"async\"  class=\"portfolio-full-projectimg\" data-size=\"1200x800\" src=\"https:\/\/www.6loupiots.fr\/\/wp-content\/uploads\/2015\/04\/cropped-lachapelle-4.jpg\"> <\/div> <div  class=\"overlay\" style=\"display: block; opacity: 1;\"><\/div> <div  class=\"swap-inner\" style=\"opacity: 1; display: block;\"> <div  class=\"ContentSwap103-center\"> <h4  class=\"protfolio-full-itemtitle\">Photos La Chapelle<\/h4><a class=\"button yellow\" href=\"https:\/\/www.6loupiots.fr?page_id=1753\" target=\"_self\" rel=\"noopener noreferrer\">Voir<\/a> <\/div> <\/div> <\/div> <\/div> <div  class=\"portfolio-full-projectco cp4cols-tablet cp2cols\"> <div  class=\"contentswap-effect ContentSwap103\" hover-fx=\"ContentSwap103\" id=\"ContentSwap103\" is-hovered=\"1\"> <div  class=\"ContentSwap103_content initial-image\"><img decoding=\"async\"  class=\"portfolio-full-projectimg\" data-size=\"1200x800\" src=\"https:\/\/www.6loupiots.fr\/\/wp-content\/uploads\/2020\/04\/cropped-relais-4.jpg\"> <\/div> <div  class=\"overlay\" style=\"display: block; opacity: 1;\"><\/div> <div  class=\"swap-inner\" style=\"opacity: 1; display: block;\"> <div  class=\"ContentSwap103-center\"> <h4  class=\"protfolio-full-itemtitle\">Photos Monistrol<\/h4><a class=\"button yellow\" href=\"https:\/\/www.6loupiots.fr?page_id=142\" target=\"_self\" rel=\"noopener noreferrer\">Voir<\/a> <\/div> <\/div> <\/div> <\/div><div  class=\"portfolio-full-projectco cp4cols-tablet cp2cols\"> <div  class=\"contentswap-effect ContentSwap103\" hover-fx=\"ContentSwap103\" id=\"ContentSwap103\"> <div  class=\"ContentSwap103_content initial-image\"><img decoding=\"async\"  class=\"portfolio-full-projectimg\" data-size=\"1200x800\" src=\"https:\/\/www.6loupiots.fr\/\/wp-content\/uploads\/2015\/04\/cropped-villettes1-2.jpg\"> <\/div> <div  class=\"overlay\" style=\"display: block; opacity: 1;\"><\/div> <div  class=\"swap-inner\" style=\"opacity: 1; display: block;\"> <div  class=\"ContentSwap103-center\"> <h4  class=\"protfolio-full-itemtitle\">Photos Les Villettes<\/h4><a class=\"button yellow\" href=\"https:\/\/www.6loupiots.fr?page_id=141\" target=\"_self\" rel=\"noopener noreferrer\">Voir<\/a> <\/div> <\/div> <\/div> <\/div><div  class=\"portfolio-full-projectco cp4cols-tablet cp2cols\"> <div  class=\"contentswap-effect ContentSwap103\" hover-fx=\"ContentSwap103\" id=\"ContentSwap103\"> <div  class=\"ContentSwap103_content initial-image\"><img decoding=\"async\"  class=\"portfolio-full-projectimg\" data-size=\"1200x800\" src=\"https:\/\/www.6loupiots.fr\/\/wp-content\/uploads\/2020\/04\/cropped-pole-enfance-1.png\"> <\/div> <div  class=\"overlay\" style=\"display: block; opacity: 1;\"><\/div> <div  class=\"swap-inner\" style=\"opacity: 1; display: block;\"> <div  class=\"ContentSwap103-center\"> <h4  class=\"protfolio-full-itemtitle\">Photos Ste-Sigol\u00e8ne<\/h4><a class=\"button yellow\" href=\"https:\/\/www.6loupiots.fr?page_id=140\" target=\"_self\" rel=\"noopener noreferrer\">Voir<\/a> <\/div> <\/div> <\/div> <\/div><div  class=\"portfolio-full-projectco cp4cols-tablet cp2cols\"> <div  class=\"contentswap-effect ContentSwap103\" hover-fx=\"ContentSwap103\" id=\"ContentSwap103\"> <div  class=\"ContentSwap103_content initial-image\"><img decoding=\"async\"  class=\"portfolio-full-projectimg\" data-size=\"1200x800\" src=\"https:\/\/www.6loupiots.fr\/\/wp-content\/uploads\/2015\/04\/cropped-StPal-2.jpg\"> <\/div> <div  class=\"overlay\" style=\"display: block; opacity: 1;\"><\/div> <div  class=\"swap-inner\" style=\"opacity: 1; display: block;\"> <div  class=\"ContentSwap103-center\"> <h4  class=\"protfolio-full-itemtitle\">Photos St-Pal de mons<\/h4><a class=\"button yellow\" href=\"https:\/\/www.6loupiots.fr?page_id=1904\" target=\"_self\" rel=\"noopener noreferrer\">Voir<\/a> <\/div> <\/div> <\/div> <\/div><\/div><\/div><div  data-label=\"CCMRV\" data-id=\"content-image-right\" data-category=\"content\" class=\"content-right-image-section content-image-right\" id=\"ccmrv\" style=\"background-color: rgb(246, 246, 246);\"> <div  class=\"gridContainer\"> <div  class=\"content-right-image-gridcol\"> <div  class=\"content-right-image-textcol dynamic-color\" data-type=\"column\"> <h2  class=\"\">La politique petite enfance Marches du Velay Rochebaron.<\/h2>  <a class=\"button blue\" href=\"https:\/\/www.6loupiots.fr?page_id=4405\" target=\"_self\" rel=\"noopener noreferrer\"> En savoir plus <\/a> <\/div> <div  class=\"content-right-image-imgcol\" data-type=\"column\"> <img decoding=\"async\"  src=\"https:\/\/www.6loupiots.fr\/\/wp-content\/uploads\/2020\/04\/logo-ccmvr-bas.jpg\" class=\"\"> <\/div> <\/div> <\/div> <\/div>","protected":false},"excerpt":{"rendered":"<p>Parents Assistants maternels Eveil du jeune enfant Relais Petite Enfance Micro-cr\u00e8che Derni\u00e8res Actualit\u00e9s Abonnez-vous aux publications! Voir tous les autres articles Une question? Un Rendez-vous? Contactez nous Photos BeauzacVoir Photos La ChapelleVoir Photos MonistrolVoir Photos Les VillettesVoir Photos Ste-Sigol\u00e8neVoir Photos St-Pal de monsVoir La politique petite enfance Marches du Velay Rochebaron. En savoir plus<\/p>\n","protected":false},"author":1,"featured_media":0,"parent":0,"menu_order":0,"comment_status":"closed","ping_status":"closed","template":"","meta":{"_monsterinsights_skip_tracking":false,"_monsterinsights_sitenote_active":false,"_monsterinsights_sitenote_note":"","_monsterinsights_sitenote_category":0,"ngg_post_thumbnail":0,"footnotes":""},"class_list":["post-106","page","type-page","status-publish","hentry"],"jetpack_sharing_enabled":true,"post_mailing_queue_ids":[],"_links":{"self":[{"href":"https:\/\/www.6loupiots.fr\/index.php?rest_route=\/wp\/v2\/pages\/106","targetHints":{"allow":["GET"]}}],"collection":[{"href":"https:\/\/www.6loupiots.fr\/index.php?rest_route=\/wp\/v2\/pages"}],"about":[{"href":"https:\/\/www.6loupiots.fr\/index.php?rest_route=\/wp\/v2\/types\/page"}],"author":[{"embeddable":true,"href":"https:\/\/www.6loupiots.fr\/index.php?rest_route=\/wp\/v2\/users\/1"}],"replies":[{"embeddable":true,"href":"https:\/\/www.6loupiots.fr\/index.php?rest_route=%2Fwp%2Fv2%2Fcomments&post=106"}],"version-history":[{"count":123,"href":"https:\/\/www.6loupiots.fr\/index.php?rest_route=\/wp\/v2\/pages\/106\/revisions"}],"predecessor-version":[{"id":10885,"href":"https:\/\/www.6loupiots.fr\/index.php?rest_route=\/wp\/v2\/pages\/106\/revisions\/10885"}],"wp:attachment":[{"href":"https:\/\/www.6loupiots.fr\/index.php?rest_route=%2Fwp%2Fv2%2Fmedia&parent=106"}],"curies":[{"name":"wp","href":"https:\/\/api.w.org\/{rel}","templated":true}]}}